{"id":3091,"date":"2023-02-22T23:39:56","date_gmt":"2023-02-23T05:39:56","guid":{"rendered":"https:\/\/tecsecmty.com\/index.php\/producto\/dahua-ls550ud-e-e-u-y-soporte-para-monitor-de-55-pulgadas-mantenimiento-trasero-para-montaje-en-piso\/"},"modified":"2023-03-22T23:22:57","modified_gmt":"2023-03-23T05:22:57","slug":"dahua-ls550ud-e-e-u-y-soporte-para-monitor-de-55-pulgadas-mantenimiento-trasero-para-montaje-en-piso","status":"publish","type":"product","link":"https:\/\/tecsecmty.com\/index.php\/producto\/dahua-ls550ud-e-e-u-y-soporte-para-monitor-de-55-pulgadas-mantenimiento-trasero-para-montaje-en-piso\/","title":{"rendered":"DAHUA LS550UD\/E-E\/U-Y &#8211; Soporte para Monitor de 55 Pulgadas\/ Mantenimiento Trasero\/ Para Montaje en Piso\/"},"content":{"rendered":"<div class=\"row aling-items-center padding-bottom-2x\">\n<div class=\"col-lg-12\">\n<h5 class=\"card-title text-center\">Informaci\u00f3n General<\/h5>\n<p>Soporte para monitor de 55 pulgadas facil de instalar gracias a su peso liviano hecho de aluminio aeron\u00e1utico<\/p>\n<p><img decoding=\"async\" class=\"overview-center-img-web\" src=\"https:\/\/tvc.mx\/media\/485280\/soporte-para-monitor-de-55-pulgadas-LS550UDE-EU-Y-Dahua.png\" alt=\"\" \/><\/div>\n<\/div>\n<div class=\"row align-items-center padding-bottom-2x\">\n<div class=\"col-md-5\"><img decoding=\"async\" class=\"d-block m-auto img-thumbnail\" src=\"https:\/\/tvc.mx\/media\/485282\/soporte-para-monitor-de-55-pulgadas-LS550UDE-EU-Y-Dahua-caracteristicas.png\" alt=\" \" \/><\/div>\n<div class=\"col-md-7 text-md-left text-center\">\n<h2>Principales Caracter\u00edsticas<\/h2>\n<p class=\"text-muted\">\n<ul>\n<li>Dimensi\u00f3n(Largo\u00d7Alto\u00d7Profundidad) 1212,2 mm \u00d7 683,0 mm \u00d7 190 mm<\/li>\n<li>Peso 15kg<\/li>\n<li>Utilizando material de aluminio aeron\u00e1utico<\/li>\n<li>Compatible con los videowalls Dahua LCD LS550UEM-EG, LS550UEH-EG, LS550UDM-EG, LS550UDH-EG, LS550UDM-EF, LS550UEM-UG, LS550UEH-UG, LS550UDM-UG, LS550UDH-UG<\/li>\n<\/ul>\n<\/div>\n<\/div>\n","protected":false},"excerpt":{"rendered":"<p>Informaci\u00f3n General Soporte para monitor de 55 pulgadas facil de instalar gracias a su peso liviano hecho de aluminio aeron\u00e1utico Principales Caracter\u00edsticas Dimensi\u00f3n(Largo\u00d7Alto\u00d7Profundidad) 1212,2 mm \u00d7 683,0 mm \u00d7 190 mm Peso 15kg Utilizando material de aluminio aeron\u00e1utico Compatible con los videowalls Dahua LCD LS550UEM-EG,&hellip;<\/p>\n","protected":false},"featured_media":3090,"comment_status":"open","ping_status":"closed","template":"","meta":{"om_disable_all_campaigns":false,"_monsterinsights_skip_tracking":false,"_monsterinsights_sitenote_active":false,"_monsterinsights_sitenote_note":"","_monsterinsights_sitenote_category":0},"product_brand":[],"product_cat":[204],"product_tag":[201,200,199],"class_list":{"0":"post-3091","1":"product","2":"type-product","3":"status-publish","4":"has-post-thumbnail","6":"product_cat-soportes-y-bases","7":"product_tag-soporte-dahua","8":"product_tag-soporte-tv","9":"product_tag-videowall","11":"first","12":"instock","13":"sale","14":"taxable","15":"shipping-taxable","16":"purchasable","17":"product-type-simple"},"aioseo_notices":[],"_links":{"self":[{"href":"https:\/\/tecsecmty.com\/index.php\/wp-json\/wp\/v2\/product\/3091","targetHints":{"allow":["GET"]}}],"collection":[{"href":"https:\/\/tecsecmty.com\/index.php\/wp-json\/wp\/v2\/product"}],"about":[{"href":"https:\/\/tecsecmty.com\/index.php\/wp-json\/wp\/v2\/types\/product"}],"replies":[{"embeddable":true,"href":"https:\/\/tecsecmty.com\/index.php\/wp-json\/wp\/v2\/comments?post=3091"}],"version-history":[{"count":0,"href":"https:\/\/tecsecmty.com\/index.php\/wp-json\/wp\/v2\/product\/3091\/revisions"}],"wp:featuredmedia":[{"embeddable":true,"href":"https:\/\/tecsecmty.com\/index.php\/wp-json\/wp\/v2\/media\/3090"}],"wp:attachment":[{"href":"https:\/\/tecsecmty.com\/index.php\/wp-json\/wp\/v2\/media?parent=3091"}],"wp:term":[{"taxonomy":"product_brand","embeddable":true,"href":"https:\/\/tecsecmty.com\/index.php\/wp-json\/wp\/v2\/product_brand?post=3091"},{"taxonomy":"product_cat","embeddable":true,"href":"https:\/\/tecsecmty.com\/index.php\/wp-json\/wp\/v2\/product_cat?post=3091"},{"taxonomy":"product_tag","embeddable":true,"href":"https:\/\/tecsecmty.com\/index.php\/wp-json\/wp\/v2\/product_tag?post=3091"}],"curies":[{"name":"wp","href":"https:\/\/api.w.org\/{rel}","templated":true}]}}