{"id":3104,"date":"2023-02-22T23:48:49","date_gmt":"2023-02-23T05:48:49","guid":{"rendered":"https:\/\/tecsecmty.com\/index.php\/producto\/dahua-dhi-dsspro8-door-channel-license-1-licencia-de-control-de-acceso-para-dss-professional-v8\/"},"modified":"2023-03-22T23:22:33","modified_gmt":"2023-03-23T05:22:33","slug":"dahua-dhi-dsspro8-door-channel-license-1-licencia-de-control-de-acceso-para-dss-professional-v8","status":"publish","type":"product","link":"https:\/\/tecsecmty.com\/index.php\/producto\/dahua-dhi-dsspro8-door-channel-license-1-licencia-de-control-de-acceso-para-dss-professional-v8\/","title":{"rendered":"DAHUA DHI-DSSPro8-Door-Channel-License &#8211; 1 licencia de control de acceso para DSS Professional V8"},"content":{"rendered":"<div class=\"row aling-items-center padding-bottom-2x\">\n<div class=\"col-lg-12\">\n<h5 class=\"card-title text-center\">Informaci\u00f3n General<\/h5>\n<p><strong>DSS\u00a0Pro<\/strong>\u00a0es\u00a0un\u00a0Dahua\u00a0VMS\u00a0completo\u00a0y\u00a0expandible\u00a0para\u00a0una\u00a0administraci\u00f3n\u00a0central flexible,\u00a0escalable,\u00a0confiable\u00a0y\u00a0poderosa.\u00a0Con\u00a0la\u00a0arquitectura\u00a0cliente-servidor,\u00a0DSS\u00a0Pro proporciona\u00a0administraci\u00f3n\u00a0central,\u00a0intercambio\u00a0de\u00a0informaci\u00f3n,\u00a0conexiones convenientes\u00a0y\u00a0cooperaci\u00f3n\u00a0multiservicio.El\u00a0software\u00a0proporciona\u00a0funciones\u00a0b\u00e1sicas como\u00a0gesti\u00f3n\u00a0de\u00a0permisos\u00a0de\u00a0usuario,\u00a0gesti\u00f3n\u00a0de\u00a0dispositivos,\u00a0gesti\u00f3n\u00a0de\u00a0alarmas\u00a0y almacenamiento\u00a0central.<\/p>\n<p>\u00daselo solo para un control de acceso (una puerta)<\/p>\n<p><img decoding=\"async\" class=\"overview-center-img-web\" src=\"https:\/\/tvc.mx\/media\/477320\/licencia-para-1-modulo-de-control-de-acceso-DHI-DSSPro8-Door-Channel-License-Dahua-%281%29.png\" alt=\"\" \/><\/div>\n<\/div>\n<div class=\"row align-items-center padding-bottom-2x\">\n<div class=\"col-md-5\"><img decoding=\"async\" class=\"d-block m-auto img-thumbnail\" src=\"https:\/\/tvc.mx\/media\/477322\/Proximidad-de-las-tarjetas-Dahua.png\" alt=\" \" \/><\/div>\n<div class=\"col-md-7 text-md-left text-center\">\n<h2>Control de acceso<\/h2>\n<p class=\"text-muted\">\n<p>El nuevo modulo de control de acceso Dahua te permitir\u00e1 poder realizar la b\u00fasqueda autoamtica de equipos en la red asi como poder modificar la direccion IP de los dispositivos\u00a0desde esta iterfaz podr\u00e1s encontrar las\u00a0puertas soportadas por el equipo, consta de un ventana de monitoreo en tiempo real donde se pueden combinar la vista de canales de video vigilancia y los eventos de control de acceso. Desde el software podr\u00e1s realizar la apertura remota de cada una de las puertas que se encuentran dentro de la misma red local.<\/p>\n<p>Un dispositivo de control de acceso con video requiere una licencia de canal de puerta y una licencia de canal de video,<\/p>\n<p>&nbsp;<\/p>\n<\/div>\n<\/div>\n<hr class=\"padding-bottom-2x\" \/>\n<div class=\"row align-items-center padding-bottom-2x\">\n<div class=\"col-md-5 order-md-2\"><img decoding=\"async\" class=\"d-block m-auto img-thumbnail\" src=\"https:\/\/tvc.mx\/media\/477324\/licencia-base-para-16-canales-de-video-DHI-DSSPro8-Video-Base-License-Dahua-caracteristicas.png\" alt=\" \" \/><\/div>\n<div class=\"col-md-7 order-md-1 text-md-left text-center\">\n<h2>Principales Caracter\u00edsticas<\/h2>\n<p class=\"text-muted\">\n<ul>\n<li>Integra todas las funciones de gesti\u00f3n en un solo cliente<\/li>\n<li>Permite la inicializaci\u00f3n y administraci\u00f3n de dispositivos<\/li>\n<li>Reproducci\u00f3n de video en vivo desde el dispositivo Edge<\/li>\n<li>Configurar el dise\u00f1o y el esquema de la pared de video<\/li>\n<li>Ofrece correcci\u00f3n de distorsi\u00f3n de la c\u00e1mara de Fisheye en la visualizaci\u00f3n en vivo<\/li>\n<li>Extensi\u00f3n\u00a0de video y canales con licencia hasta 1000 dispositivos, 2000 canales, P2P 32, ANPR 500 canales<\/li>\n<\/ul>\n<\/div>\n<\/div>\n","protected":false},"excerpt":{"rendered":"<p>Informaci\u00f3n General DSS\u00a0Pro\u00a0es\u00a0un\u00a0Dahua\u00a0VMS\u00a0completo\u00a0y\u00a0expandible\u00a0para\u00a0una\u00a0administraci\u00f3n\u00a0central flexible,\u00a0escalable,\u00a0confiable\u00a0y\u00a0poderosa.\u00a0Con\u00a0la\u00a0arquitectura\u00a0cliente-servidor,\u00a0DSS\u00a0Pro proporciona\u00a0administraci\u00f3n\u00a0central,\u00a0intercambio\u00a0de\u00a0informaci\u00f3n,\u00a0conexiones convenientes\u00a0y\u00a0cooperaci\u00f3n\u00a0multiservicio.El\u00a0software\u00a0proporciona\u00a0funciones\u00a0b\u00e1sicas como\u00a0gesti\u00f3n\u00a0de\u00a0permisos\u00a0de\u00a0usuario,\u00a0gesti\u00f3n\u00a0de\u00a0dispositivos,\u00a0gesti\u00f3n\u00a0de\u00a0alarmas\u00a0y almacenamiento\u00a0central. \u00daselo solo para un control de acceso (una puerta) Control de acceso El nuevo modulo de control de acceso Dahua te permitir\u00e1 poder realizar la b\u00fasqueda autoamtica de equipos en la red asi como poder modificar la&hellip;<\/p>\n","protected":false},"featured_media":3103,"comment_status":"open","ping_status":"closed","template":"","meta":{"om_disable_all_campaigns":false,"_monsterinsights_skip_tracking":false,"_monsterinsights_sitenote_active":false,"_monsterinsights_sitenote_note":"","_monsterinsights_sitenote_category":0},"product_brand":[],"product_cat":[205],"product_tag":[206],"class_list":{"0":"post-3104","1":"product","2":"type-product","3":"status-publish","4":"has-post-thumbnail","6":"product_cat-servidores-y-software-de-videovigilancia","7":"product_tag-servidores-y-software-de-videovigilancia","9":"first","10":"instock","11":"sale","12":"taxable","13":"shipping-taxable","14":"purchasable","15":"product-type-simple"},"aioseo_notices":[],"_links":{"self":[{"href":"https:\/\/tecsecmty.com\/index.php\/wp-json\/wp\/v2\/product\/3104","targetHints":{"allow":["GET"]}}],"collection":[{"href":"https:\/\/tecsecmty.com\/index.php\/wp-json\/wp\/v2\/product"}],"about":[{"href":"https:\/\/tecsecmty.com\/index.php\/wp-json\/wp\/v2\/types\/product"}],"replies":[{"embeddable":true,"href":"https:\/\/tecsecmty.com\/index.php\/wp-json\/wp\/v2\/comments?post=3104"}],"version-history":[{"count":0,"href":"https:\/\/tecsecmty.com\/index.php\/wp-json\/wp\/v2\/product\/3104\/revisions"}],"wp:featuredmedia":[{"embeddable":true,"href":"https:\/\/tecsecmty.com\/index.php\/wp-json\/wp\/v2\/media\/3103"}],"wp:attachment":[{"href":"https:\/\/tecsecmty.com\/index.php\/wp-json\/wp\/v2\/media?parent=3104"}],"wp:term":[{"taxonomy":"product_brand","embeddable":true,"href":"https:\/\/tecsecmty.com\/index.php\/wp-json\/wp\/v2\/product_brand?post=3104"},{"taxonomy":"product_cat","embeddable":true,"href":"https:\/\/tecsecmty.com\/index.php\/wp-json\/wp\/v2\/product_cat?post=3104"},{"taxonomy":"product_tag","embeddable":true,"href":"https:\/\/tecsecmty.com\/index.php\/wp-json\/wp\/v2\/product_tag?post=3104"}],"curies":[{"name":"wp","href":"https:\/\/api.w.org\/{rel}","templated":true}]}}