{"id":3106,"date":"2023-02-22T23:48:52","date_gmt":"2023-02-23T05:48:52","guid":{"rendered":"https:\/\/tecsecmty.com\/index.php\/producto\/dahua-dhi-dsspro8-video-base-license-paquete-basico-de-videovigilancia-dss-professional-v8-incluye-16-canales-de-video-soporta-vista-en-vivo-reproduccion-video-wall-mapa-centro-de-eventos-dee\/"},"modified":"2023-03-22T23:22:33","modified_gmt":"2023-03-23T05:22:33","slug":"dahua-dhi-dsspro8-video-base-license-paquete-basico-de-videovigilancia-dss-professional-v8-incluye-16-canales-de-video-soporta-vista-en-vivo-reproduccion-video-wall-mapa-centro-de-eventos-dee","status":"publish","type":"product","link":"https:\/\/tecsecmty.com\/index.php\/producto\/dahua-dhi-dsspro8-video-base-license-paquete-basico-de-videovigilancia-dss-professional-v8-incluye-16-canales-de-video-soporta-vista-en-vivo-reproduccion-video-wall-mapa-centro-de-eventos-dee\/","title":{"rendered":"DAHUA DHI-DSSPro8-Video-Base-License &#8211; Paquete b\u00e1sico de videovigilancia DSS Professional V8 incluye 16 canales de video. Soporta: vista en vivo, reproducci\u00f3n, Video Wall, mapa, centro de eventos, DeepXplore, centro de mantenimiento, etc."},"content":{"rendered":"<div class=\"row aling-items-center padding-bottom-2x\">\n<div class=\"col-lg-12\">\n<h5 class=\"card-title text-center\">Informaci\u00f3n General<\/h5>\n<p><strong>DSS Pro\u00a0<\/strong>es un Dahua VMS completo y expandible para una administraci\u00f3n central flexible, escalable, confiable y poderosa. Con la arquitectura cliente-servidor, DSS Pro proporciona administraci\u00f3n central, intercambio de informaci\u00f3n, conexiones convenientes y cooperaci\u00f3n multiservicio.El software proporciona funciones b\u00e1sicas como gesti\u00f3n de permisos de usuario, gesti\u00f3n de dispositivos, gesti\u00f3n de alarmas y almacenamiento central, pero tambi\u00e9n ofrece funciones avanzadas de configuraci\u00f3n de mapas y murales de v\u00eddeo, funciones de control de acceso, intercomunicador de v\u00eddeo y funciones anal\u00edticas como detecci\u00f3n de rostros y detecci\u00f3n de objetos.<\/p>\n<p><img decoding=\"async\" class=\"overview-center-img-web\" src=\"https:\/\/tvc.mx\/media\/477058\/licencia-base-para-16-canales-de-video-DHI-DSSPro8-Video-Base-License-Dahua-%281%29.png\" alt=\"\" \/><\/div>\n<\/div>\n<div class=\"row align-items-center padding-bottom-2x\">\n<div class=\"col-md-5 order-md-2\"><img decoding=\"async\" class=\"d-block m-auto img-thumbnail\" src=\"https:\/\/tvc.mx\/media\/477060\/Dewarping-Dahua.png\" alt=\" \" \/><\/div>\n<div class=\"col-md-7 order-md-1 text-md-left text-center\">\n<h2>Soporta c\u00e1maras Fisheye<\/h2>\n<p class=\"text-muted\">\n<p>El software cuenta con soporte completo para c\u00e1maras Dahua Fisheye, Admite opciones para la instalaci\u00f3n de la c\u00e1mara Fisheye y ofrece modos de dewarp, resuelve el problema de la distorsi\u00f3n en la vista panor\u00e1mica circular en los modos en vivo o de reproducci\u00f3n<\/p>\n<p>&nbsp;<\/p>\n<\/div>\n<\/div>\n<hr class=\"padding-bottom-2x\" \/>\n<div class=\"row align-items-center padding-bottom-2x\">\n<div class=\"col-md-5\"><img decoding=\"async\" class=\"d-block m-auto img-thumbnail\" src=\"https:\/\/tvc.mx\/media\/477062\/Video-wall.png\" alt=\" \" \/><\/div>\n<div class=\"col-md-7 text-md-left text-center\">\n<h2>VideoWall<\/h2>\n<p class=\"text-muted\">\n<p>Ofrece ajustes para configurar todos los aspectos de una aplicaci\u00f3n de mural de v\u00eddeo. La aplicaci\u00f3n admite dise\u00f1o de pared de video, vista previa en vivo, esquema configuraci\u00f3n y configuraci\u00f3n del recorrido.<\/p>\n<p>&nbsp;<\/p>\n<\/div>\n<\/div>\n<hr class=\"padding-bottom-2x\" \/>\n<div class=\"row align-items-center padding-bottom-2x\">\n<div class=\"col-md-5 order-md-2\"><img decoding=\"async\" class=\"d-block m-auto img-thumbnail\" src=\"https:\/\/tvc.mx\/media\/477064\/licencia-base-para-16-canales-de-video-DHI-DSSPro8-Video-Base-License-Dahua-caracteristicas.png\" alt=\" \" \/><\/div>\n<div class=\"col-md-7 order-md-1 text-md-left text-center\">\n<h2>Principales Caracter\u00edsticas<\/h2>\n<p class=\"text-muted\">\n<ul>\n<li>Integra todas las funciones de gesti\u00f3n en un solo cliente<\/li>\n<li>Permite la inicializaci\u00f3n y administraci\u00f3n de dispositivos<\/li>\n<li>Reproducci\u00f3n de video en vivo desde el dispositivo Edge<\/li>\n<li>Configurar el dise\u00f1o y el esquema de la pared de video<\/li>\n<li>Ofrece correcci\u00f3n de distorsi\u00f3n de la c\u00e1mara de Fisheye en la visualizaci\u00f3n en vivo<\/li>\n<li>Extensi\u00f3n de video y canales con licencia (DSS8PRV) hasta 1000 dispositivos, 2000 canales, ANPR 500 canales<\/li>\n<\/ul>\n<\/div>\n<\/div>\n","protected":false},"excerpt":{"rendered":"<p>Informaci\u00f3n General DSS Pro\u00a0es un Dahua VMS completo y expandible para una administraci\u00f3n central flexible, escalable, confiable y poderosa. Con la arquitectura cliente-servidor, DSS Pro proporciona administraci\u00f3n central, intercambio de informaci\u00f3n, conexiones convenientes y cooperaci\u00f3n multiservicio.El software proporciona funciones b\u00e1sicas como gesti\u00f3n de permisos de&hellip;<\/p>\n","protected":false},"featured_media":3105,"comment_status":"open","ping_status":"closed","template":"","meta":{"om_disable_all_campaigns":false,"_monsterinsights_skip_tracking":false,"_monsterinsights_sitenote_active":false,"_monsterinsights_sitenote_note":"","_monsterinsights_sitenote_category":0},"product_brand":[],"product_cat":[205],"product_tag":[206],"class_list":{"0":"post-3106","1":"product","2":"type-product","3":"status-publish","4":"has-post-thumbnail","6":"product_cat-servidores-y-software-de-videovigilancia","7":"product_tag-servidores-y-software-de-videovigilancia","9":"first","10":"instock","11":"sale","12":"taxable","13":"shipping-taxable","14":"purchasable","15":"product-type-simple"},"aioseo_notices":[],"_links":{"self":[{"href":"https:\/\/tecsecmty.com\/index.php\/wp-json\/wp\/v2\/product\/3106","targetHints":{"allow":["GET"]}}],"collection":[{"href":"https:\/\/tecsecmty.com\/index.php\/wp-json\/wp\/v2\/product"}],"about":[{"href":"https:\/\/tecsecmty.com\/index.php\/wp-json\/wp\/v2\/types\/product"}],"replies":[{"embeddable":true,"href":"https:\/\/tecsecmty.com\/index.php\/wp-json\/wp\/v2\/comments?post=3106"}],"version-history":[{"count":0,"href":"https:\/\/tecsecmty.com\/index.php\/wp-json\/wp\/v2\/product\/3106\/revisions"}],"wp:featuredmedia":[{"embeddable":true,"href":"https:\/\/tecsecmty.com\/index.php\/wp-json\/wp\/v2\/media\/3105"}],"wp:attachment":[{"href":"https:\/\/tecsecmty.com\/index.php\/wp-json\/wp\/v2\/media?parent=3106"}],"wp:term":[{"taxonomy":"product_brand","embeddable":true,"href":"https:\/\/tecsecmty.com\/index.php\/wp-json\/wp\/v2\/product_brand?post=3106"},{"taxonomy":"product_cat","embeddable":true,"href":"https:\/\/tecsecmty.com\/index.php\/wp-json\/wp\/v2\/product_cat?post=3106"},{"taxonomy":"product_tag","embeddable":true,"href":"https:\/\/tecsecmty.com\/index.php\/wp-json\/wp\/v2\/product_tag?post=3106"}],"curies":[{"name":"wp","href":"https:\/\/api.w.org\/{rel}","templated":true}]}}