{"id":3110,"date":"2023-02-22T23:48:55","date_gmt":"2023-02-23T05:48:55","guid":{"rendered":"https:\/\/tecsecmty.com\/index.php\/producto\/dahua-dss4004s2-servidor-de-administracion-remota-para-dispositivos-dahua-256-canales-de-video-32-canales-de-reconocimiento-facial-32-anpr-350-mbps-4-puertos-rj-45-10-100-1000\/"},"modified":"2023-03-22T23:22:37","modified_gmt":"2023-03-23T05:22:37","slug":"dahua-dss4004s2-servidor-de-administracion-remota-para-dispositivos-dahua-256-canales-de-video-32-canales-de-reconocimiento-facial-32-anpr-350-mbps-4-puertos-rj-45-10-100-1000","status":"publish","type":"product","link":"https:\/\/tecsecmty.com\/index.php\/producto\/dahua-dss4004s2-servidor-de-administracion-remota-para-dispositivos-dahua-256-canales-de-video-32-canales-de-reconocimiento-facial-32-anpr-350-mbps-4-puertos-rj-45-10-100-1000\/","title":{"rendered":"DAHUA DSS4004S2 &#8211; Servidor de Administracion Remota para Dispositivos Dahua\/ 256 Canales de Video\/ 32 Canales de Reconocimiento Facial\/ 32 ANPR\/ 350 MBPS\/ 4 Puertos RJ-45 10-100-1000\/"},"content":{"rendered":"<div class=\"row aling-items-center padding-bottom-2x\">\n<div class=\"col-lg-12\">\n<h5 class=\"card-title text-center\">INFORMACI\u00d3N GENERAL<\/h5>\n<p>Servidor de administraci\u00f3n remota para DVRS, C\u00e1maras IP, NVRS, EVS, Video Porteros, Control de Acceso, Reconocimiento Facial, Lectura de Placas, Puntos de Ventas que nos permite gestionar de manera inteligente tanto el stream como el ancho banda hacia los usuarios remotos, soporta hasta 256 canales y 350 mbps de transmisi\u00f3n.<\/p>\n<p>*Nota:<\/p>\n<ul>\n<li>Recomendado para administraci\u00f3n.<\/li>\n<li>No soporta DVR M\u00f3viles.<\/li>\n<li>No soporta funci\u00f3n de auto registro.<\/li>\n<\/ul>\n<p><img decoding=\"async\" class=\"overview-center-img-web\" src=\"https:\/\/tvc.mx\/media\/118610\/DSS4004-S2-O1.jpg\" alt=\"\" \/><\/div>\n<\/div>\n<div class=\"row aling-items-center padding-bottom-2x\">\n<div class=\"col-lg-12\">\n<h5 class=\"card-title text-center\">DISE\u00d1ADO PARA MONITOREO<\/h5>\n<p>Gracias a su gran capacidad de canales pre cargados y al software DSS Pro embebido es la mejor opci\u00f3n para la centralizaci\u00f3n y monitoreo de equipos Dahua.<\/p>\n<ul>\n<li>Para el almacenamiento requiere trabajar en conjunto con un servidor EVS.<\/li>\n<\/ul>\n<p><img decoding=\"async\" class=\"overview-center-img-web\" src=\"https:\/\/tvc.mx\/media\/118614\/FONDO-CENTRAL-MONITOREO.jpg\" alt=\"\" \/><\/div>\n<\/div>\n<div class=\"row align-items-center padding-bottom-2x\">\n<div class=\"col-md-5\"><img decoding=\"async\" class=\"d-block m-auto img-thumbnail\" src=\"https:\/\/tvc.mx\/media\/35031\/DSS.png\" alt=\" \" \/><\/div>\n<div class=\"col-md-7 text-md-left text-center\">\n<h2>PLATAFORMA DSS<\/h2>\n<p class=\"text-muted\">\n<p>Software donde podremos realizar las siguientes funciones:<\/p>\n<ul>\n<li>Vista previa: grabaci\u00f3n local, fotos instant\u00e1neas, tour, salida matrix, modo switch, multi-stream, etc.<\/li>\n<li>Reproducci\u00f3n: b\u00fasqueda de grabaci\u00f3n, marca de grabaci\u00f3n, descarga de grabaci\u00f3n, reproducci\u00f3n en multi-canal, etc.<\/li>\n<li>Audio bidireccional.<\/li>\n<li>PTZ: control de PTZ, posici\u00f3n 3D inteligente, funci\u00f3n auxiliar, etc.<\/li>\n<li>Inteligente: reconocimiento facial, seguimiento inteligente, etc.<\/li>\n<li>Alarma: b\u00fasqueda de alarma, lista de alarma, orden de alarma, enlace de alarma, etc.<\/li>\n<\/ul>\n<p>&nbsp;<\/p>\n<\/div>\n<\/div>\n<hr class=\"padding-bottom-2x\" \/>\n<div class=\"row aling-items-center padding-bottom-2x\">\n<div class=\"col-lg-12\">\n<h5 class=\"card-title text-center\">TABLA DE COMPATIBILIDAD HDD<\/h5>\n<p>El almacenamiento es parte fundamental de un sistema de videovigilancia por tal motivo te recomendamos revisar nuestra lista de compatibilidad antes de seleccionar un disco duro (HDD).<\/p>\n<p>https:\/\/foro.tvc.mx\/docs\/lista-compatibilidad-hdd<\/p>\n<p><img decoding=\"async\" class=\"overview-center-img-web\" src=\"https:\/\/tvc.mx\/media\/293279\/DAHUA-tabla-de-compatibilidad-hdd-overview-grabadores-min-%281%29.png\" alt=\"\" \/><\/div>\n<\/div>\n<div class=\"row aling-items-center padding-bottom-2x\">\n<div class=\"col-lg-12\">\n<h5 class=\"card-title text-center\">PRINCIPALES CARACTER\u00cdSTICAS<\/h5>\n<ul>\n<li class=\"ql-align-justify\">Soporta 32 dispositivos (ANPR, Reconocimiento Facial, Detecci\u00f3n de Objetos, POS).<\/li>\n<li class=\"ql-align-justify\">Soporta 64 canales ONVIF<\/li>\n<li class=\"ql-align-justify\">Soporta 350Mbps para acceso individual y 350Mbps de retransmisi\u00f3n.<\/li>\n<li class=\"ql-align-justify\">Seguro y estable, altamente confiable.<\/li>\n<li class=\"ql-align-justify\">2 HDMI\/ 1 VGA (s\u00f3lo para configuraci\u00f3n de red, no muestra c\u00e1maras).<\/li>\n<li class=\"ql-align-justify\">4 puertos de red\u00a0RJ-45\u00a0(10\/100\/1000Mbps).<\/li>\n<li class=\"ql-align-justify\">4 puertos USB (2 USB2.0 panel frontal y 2 USB3.0 panel trasero).<\/li>\n<li class=\"ql-align-justify\">Memoria de 8GB.<\/li>\n<li class=\"ql-align-justify\">Consumo de energ\u00eda m\u00e1ximo 70W, 120W estable<\/li>\n<li class=\"ql-align-justify\">Ambiente de trabajo\u00a00\u00ba C ~ 45\u00ba C.<\/li>\n<li class=\"ql-align-justify\">Dimensi\u00f3n\u00a0440mm\u00d7398.6mm\u00d743.65 mm<\/li>\n<li class=\"ql-align-justify\">Peso 6.0Kg<\/li>\n<\/ul>\n<p><img decoding=\"async\" class=\"overview-center-img-web\" src=\"https:\/\/tvc.mx\/media\/35033\/caract.png\" alt=\"\" \/><\/div>\n<\/div>\n","protected":false},"excerpt":{"rendered":"<p>INFORMACI\u00d3N GENERAL Servidor de administraci\u00f3n remota para DVRS, C\u00e1maras IP, NVRS, EVS, Video Porteros, Control de Acceso, Reconocimiento Facial, Lectura de Placas, Puntos de Ventas que nos permite gestionar de manera inteligente tanto el stream como el ancho banda hacia los usuarios remotos, soporta hasta&hellip;<\/p>\n","protected":false},"featured_media":3109,"comment_status":"open","ping_status":"closed","template":"","meta":{"om_disable_all_campaigns":false,"_monsterinsights_skip_tracking":false,"_monsterinsights_sitenote_active":false,"_monsterinsights_sitenote_note":"","_monsterinsights_sitenote_category":0},"product_brand":[],"product_cat":[205],"product_tag":[206],"class_list":{"0":"post-3110","1":"product","2":"type-product","3":"status-publish","4":"has-post-thumbnail","6":"product_cat-servidores-y-software-de-videovigilancia","7":"product_tag-servidores-y-software-de-videovigilancia","9":"first","10":"instock","11":"sale","12":"taxable","13":"shipping-taxable","14":"purchasable","15":"product-type-simple"},"aioseo_notices":[],"_links":{"self":[{"href":"https:\/\/tecsecmty.com\/index.php\/wp-json\/wp\/v2\/product\/3110","targetHints":{"allow":["GET"]}}],"collection":[{"href":"https:\/\/tecsecmty.com\/index.php\/wp-json\/wp\/v2\/product"}],"about":[{"href":"https:\/\/tecsecmty.com\/index.php\/wp-json\/wp\/v2\/types\/product"}],"replies":[{"embeddable":true,"href":"https:\/\/tecsecmty.com\/index.php\/wp-json\/wp\/v2\/comments?post=3110"}],"version-history":[{"count":0,"href":"https:\/\/tecsecmty.com\/index.php\/wp-json\/wp\/v2\/product\/3110\/revisions"}],"wp:featuredmedia":[{"embeddable":true,"href":"https:\/\/tecsecmty.com\/index.php\/wp-json\/wp\/v2\/media\/3109"}],"wp:attachment":[{"href":"https:\/\/tecsecmty.com\/index.php\/wp-json\/wp\/v2\/media?parent=3110"}],"wp:term":[{"taxonomy":"product_brand","embeddable":true,"href":"https:\/\/tecsecmty.com\/index.php\/wp-json\/wp\/v2\/product_brand?post=3110"},{"taxonomy":"product_cat","embeddable":true,"href":"https:\/\/tecsecmty.com\/index.php\/wp-json\/wp\/v2\/product_cat?post=3110"},{"taxonomy":"product_tag","embeddable":true,"href":"https:\/\/tecsecmty.com\/index.php\/wp-json\/wp\/v2\/product_tag?post=3110"}],"curies":[{"name":"wp","href":"https:\/\/api.w.org\/{rel}","templated":true}]}}