{"id":3112,"date":"2023-02-22T23:48:57","date_gmt":"2023-02-23T05:48:57","guid":{"rendered":"https:\/\/tecsecmty.com\/index.php\/producto\/dahua-dss7016dr-s2-servidor-de-administracion-de-dispositivos-software-dss-pro-compatible-con-dispositivos-dahua-600mbps-15-bahias-de-sata-hot-plug-soporta-raid-proyectos\/"},"modified":"2023-03-22T23:22:37","modified_gmt":"2023-03-23T05:22:37","slug":"dahua-dss7016dr-s2-servidor-de-administracion-de-dispositivos-software-dss-pro-compatible-con-dispositivos-dahua-600mbps-15-bahias-de-sata-hot-plug-soporta-raid-proyectos","status":"publish","type":"product","link":"https:\/\/tecsecmty.com\/index.php\/producto\/dahua-dss7016dr-s2-servidor-de-administracion-de-dispositivos-software-dss-pro-compatible-con-dispositivos-dahua-600mbps-15-bahias-de-sata-hot-plug-soporta-raid-proyectos\/","title":{"rendered":"DAHUA DSS7016DR-S2- Servidor de Administraci\u00f3n de Dispositivos\/ Software DSS Pro\/ Compatible con Dispositivos Dahua\/ 600Mbps\/ 15 Bah\u00edas de SATA Hot Plug\/ Soporta RAID\/ #Proyectos"},"content":{"rendered":"<div class=\"row aling-items-center padding-bottom-2x\">\n<div class=\"col-lg-12\">\n<h5 class=\"card-title text-center\">INFORMACI\u00d3N GENERAL<\/h5>\n<p>Servidor de administraci\u00f3n remota para DVRS, C\u00e1maras IP, NVRS, EVS, Video Porteros, Control de Acceso, Reconocimiento Facial, Lectura de Placas, Puntos de Ventas que nos permite gestionar de manera inteligente tanto el stream como el ancho banda hacia los usuarios remotos, soporta hasta 500 dispositivos de video,200 dispositivos Onvif, 1000 canales y 600Mbps de transmisi\u00f3n, cuenta con 16 interfaz sata (1 para el sistema y 15 de almacenamiento)<\/p>\n<p>*Nota:<\/p>\n<ul>\n<li>Este equipo acepta arreglos de discos Raid por lo que se recomienda solamente utilizar discos de grado Enterprise.<\/li>\n<li>No soporta DVR M\u00f3viles<\/li>\n<\/ul>\n<p><img decoding=\"async\" class=\"overview-center-img-web\" src=\"https:\/\/tvc.mx\/media\/118770\/DSS7016DR-S2.jpg\" alt=\"\" \/><\/div>\n<\/div>\n<div class=\"row aling-items-center padding-bottom-2x\">\n<div class=\"col-lg-12\">\n<h5 class=\"card-title text-center\">TODO EN 1<\/h5>\n<p class=\"ql-align-justify\">Este modelo\u00a0es un dispositivo todo en uno a que incorpora el sistema de administraci\u00f3n Dahua (VMS), sistema operativo basado en Linux, Hardware el cual incluye almacenamiento.Provee el mejor nivel de rendimiento mientras mantiene una interface sencilla para los operadores.<\/p>\n<p><img decoding=\"async\" class=\"overview-center-img-web\" src=\"https:\/\/tvc.mx\/media\/494718\/DSS7016DR-s2.png-%281%29.png\" alt=\"\" \/><\/div>\n<\/div>\n<div class=\"row aling-items-center padding-bottom-2x\">\n<div class=\"col-lg-12\">\n<h5 class=\"card-title text-center\">DISTRIBUCI\u00d3N<\/h5>\n<p>Podemos realizar configuraci\u00f3n Maestro-Esclavo (20 esclavos max), permiti\u00e9ndonos incrementar las capacidades de nuestros equipos y tener mayor cantidad de dispositivos, IPC, XVR, NVR, Onvif, etc.<\/p>\n<p><img decoding=\"async\" class=\"overview-center-img-web\" src=\"https:\/\/tvc.mx\/media\/34425\/maestro.png\" alt=\"\" \/><\/div>\n<\/div>\n<div class=\"row align-items-center padding-bottom-2x\">\n<div class=\"col-md-5\"><img decoding=\"async\" class=\"d-block m-auto img-thumbnail\" src=\"https:\/\/tvc.mx\/media\/34427\/DSS.png\" alt=\" \" \/><\/div>\n<div class=\"col-md-7 text-md-left text-center\">\n<h2>PLATAFORMA DSS<\/h2>\n<p class=\"text-muted\">\n<p>Software donde podremos realizar las siguientes funciones:<\/p>\n<ul>\n<li>Vista previa: grabaci\u00f3n local, fotos instant\u00e1neas, tour, salida matrix, modo switch, multi-stream, etc.<\/li>\n<li>Reproducci\u00f3n: b\u00fasqueda de grabaci\u00f3n, marca de grabaci\u00f3n, descarga de grabaci\u00f3n, reproducci\u00f3n en multi-canal, etc.<\/li>\n<li>Audio bidireccional.<\/li>\n<li>PTZ: control de PTZ, posici\u00f3n 3D inteligente, funci\u00f3n auxiliar, etc.<\/li>\n<li>Inteligente: reconocimiento facial, seguimiento inteligente, etc.<\/li>\n<li>Alarma: b\u00fasqueda de alarma, lista de alarma, orden de alarma, enlace de alarma, etc.<\/li>\n<\/ul>\n<p>&nbsp;<\/p>\n<\/div>\n<\/div>\n<hr class=\"padding-bottom-2x\" \/>\n<div class=\"row aling-items-center padding-bottom-2x\">\n<div class=\"col-lg-12\">\n<h5 class=\"card-title text-center\">TABLA DE COMPATIBILIDAD HDD<\/h5>\n<p>El almacenamiento es parte fundamental de un sistema de videovigilancia por tal motivo te recomendamos revisar nuestra lista de compatibilidad antes de seleccionar un disco duro (HDD).<\/p>\n<p>https:\/\/foro.tvc.mx\/docs\/lista-compatibilidad-hdd<\/p>\n<p><img decoding=\"async\" class=\"overview-center-img-web\" src=\"https:\/\/tvc.mx\/media\/293287\/DAHUA-tabla-de-compatibilidad-hdd-overview-grabadores-min-%281%29.png\" alt=\"\" \/><\/div>\n<\/div>\n<div class=\"row aling-items-center padding-bottom-2x\">\n<div class=\"col-lg-12\">\n<h5 class=\"card-title text-center\">PRINCIPALES CARACTER\u00cdSTICAS<\/h5>\n<p><strong>Plataforma All-in-One de gesti\u00f3n de seguridad para empresas<\/strong><\/p>\n<p>&gt;Dispositivo integrado, operaci\u00f3n estable 7*24<\/p>\n<p>&gt;Fuente de alimentaci\u00f3n redundante<\/p>\n<p>&gt;Capacidad de transferencia y almacenamiento de medios de transmisi\u00f3n de alto rendimiento<\/p>\n<p>&gt;Soporta Despliegue distribuci\u00f3n<\/p>\n<p>&gt;Soporta Almacenamiento local y almacenamiento IPSAN<\/p>\n<p>&gt;Soporta Mapa GIS,Mapa R\u00e1ster<\/p>\n<p>&gt;El panel frontal puede mostrar el estado del servicio del sistema<\/p>\n<p>&gt;Soporta 1000 canales de v\u00eddeo<\/p>\n<p>&gt;Soporta 50 usuarios online y 200 usuarios totales<\/p>\n<p>&gt;Soporta 600M capacidad de transferencia<\/p>\n<p>&gt;Soporta Capacidad de almacenamiento local 600M<\/p>\n<p>&gt;Soporta hasta 1000 dispositivos de registro autom\u00e1tico<\/p>\n<p>&gt;Soporta reconocimiento facial<\/p>\n<p>&gt;Soporta ANPR<\/p>\n<p>&gt;Soporta Detecci\u00f3n de Objetos<\/p>\n<p>&gt;Soporta Control de Acceso<\/p>\n<p>&gt;Soporta Videoportero<\/p>\n<p>&gt;Soporta Gesti\u00f3n de Visitantes<\/p>\n<p>&gt;Soporta Entrada<\/p>\n<p>&gt;Soporta Controlador de Alarma<\/p>\n<p>&gt;Soporta Conteo de Personas<\/p>\n<p>&gt;Soporta Mapas de Caloro<\/p>\n<p>&gt;Soporta En \u00c1rea No.An\u00e1lisis<\/p>\n<p>&gt;Soporta Hot Standby y N+M<\/p>\n<p>&gt;Soporta Vista en vivo, Reproducci\u00f3n, Evento, Control de Acceso, Video Portero, Reconocimiento Facial, ANPR, Detecci\u00f3n de Objetos y Gesti\u00f3n de Visitantes en DSS Agile 8<\/p>\n<p><img decoding=\"async\" class=\"overview-center-img-web\" src=\"https:\/\/tvc.mx\/media\/34429\/caract.png\" alt=\"\" \/><\/div>\n<\/div>\n","protected":false},"excerpt":{"rendered":"<p>INFORMACI\u00d3N GENERAL Servidor de administraci\u00f3n remota para DVRS, C\u00e1maras IP, NVRS, EVS, Video Porteros, Control de Acceso, Reconocimiento Facial, Lectura de Placas, Puntos de Ventas que nos permite gestionar de manera inteligente tanto el stream como el ancho banda hacia los usuarios remotos, soporta hasta&hellip;<\/p>\n","protected":false},"featured_media":3111,"comment_status":"open","ping_status":"closed","template":"","meta":{"om_disable_all_campaigns":false,"_monsterinsights_skip_tracking":false,"_monsterinsights_sitenote_active":false,"_monsterinsights_sitenote_note":"","_monsterinsights_sitenote_category":0},"product_brand":[],"product_cat":[205],"product_tag":[206],"class_list":{"0":"post-3112","1":"product","2":"type-product","3":"status-publish","4":"has-post-thumbnail","6":"product_cat-servidores-y-software-de-videovigilancia","7":"product_tag-servidores-y-software-de-videovigilancia","9":"first","10":"instock","11":"sale","12":"taxable","13":"shipping-taxable","14":"purchasable","15":"product-type-simple"},"aioseo_notices":[],"_links":{"self":[{"href":"https:\/\/tecsecmty.com\/index.php\/wp-json\/wp\/v2\/product\/3112","targetHints":{"allow":["GET"]}}],"collection":[{"href":"https:\/\/tecsecmty.com\/index.php\/wp-json\/wp\/v2\/product"}],"about":[{"href":"https:\/\/tecsecmty.com\/index.php\/wp-json\/wp\/v2\/types\/product"}],"replies":[{"embeddable":true,"href":"https:\/\/tecsecmty.com\/index.php\/wp-json\/wp\/v2\/comments?post=3112"}],"version-history":[{"count":0,"href":"https:\/\/tecsecmty.com\/index.php\/wp-json\/wp\/v2\/product\/3112\/revisions"}],"wp:featuredmedia":[{"embeddable":true,"href":"https:\/\/tecsecmty.com\/index.php\/wp-json\/wp\/v2\/media\/3111"}],"wp:attachment":[{"href":"https:\/\/tecsecmty.com\/index.php\/wp-json\/wp\/v2\/media?parent=3112"}],"wp:term":[{"taxonomy":"product_brand","embeddable":true,"href":"https:\/\/tecsecmty.com\/index.php\/wp-json\/wp\/v2\/product_brand?post=3112"},{"taxonomy":"product_cat","embeddable":true,"href":"https:\/\/tecsecmty.com\/index.php\/wp-json\/wp\/v2\/product_cat?post=3112"},{"taxonomy":"product_tag","embeddable":true,"href":"https:\/\/tecsecmty.com\/index.php\/wp-json\/wp\/v2\/product_tag?post=3112"}],"curies":[{"name":"wp","href":"https:\/\/api.w.org\/{rel}","templated":true}]}}