{"id":3114,"date":"2023-02-22T23:48:59","date_gmt":"2023-02-23T05:48:59","guid":{"rendered":"https:\/\/tecsecmty.com\/index.php\/producto\/dahua-evs5024s-r-servidor-de-almacenamiento-ip-rendimiento-grabacion-640-mbps-24-bahias-ra-id-fuente-redundante\/"},"modified":"2023-03-22T23:22:37","modified_gmt":"2023-03-23T05:22:37","slug":"dahua-evs5024s-r-servidor-de-almacenamiento-ip-rendimiento-grabacion-640-mbps-24-bahias-ra-id-fuente-redundante","status":"publish","type":"product","link":"https:\/\/tecsecmty.com\/index.php\/producto\/dahua-evs5024s-r-servidor-de-almacenamiento-ip-rendimiento-grabacion-640-mbps-24-bahias-ra-id-fuente-redundante\/","title":{"rendered":"DAHUA EVS5024S-R- Servidor de almacenamiento IP \/ Rendimiento grabacion 640 Mbps \/ 24 Bahias \/ RA ID \/ Fuente redundante"},"content":{"rendered":"<div class=\"row aling-items-center padding-bottom-2x\">\n<div class=\"col-lg-12\">\n<h5 class=\"card-title text-center\">Informaci\u00f3n General<\/h5>\n<p class=\"ql-align-justify\">El modelo\u00a0<strong>EVS5024SR<\/strong>\u00a0es un servidor de almacenamiento IP con rendimiento de grabaci\u00f3n de\u00a0<strong>640Mbps<\/strong>, soporta 320 canales IP. para almacenar el video en\u00a0<strong>24 bah\u00edas de disco duro\u00a0<\/strong>( 10TB cada bah\u00eda), permite hacer arreglo de discos\u00a0<strong>RAID<\/strong>\u00a0de 0\/1\/3\/4\/5\/6\/10\/50\/60\/JBOD. El equipo cuenta con fuente de poder redundante, est\u00e1 trabaja de forma simult\u00e1nea, si alguna de las fuentes sufriera alg\u00fan da\u00f1o la segunda fuente trabajara de forma normal. Esto permite que puedas tener la protecci\u00f3n del sistema de almacenamiento.<\/p>\n<p class=\"ql-align-justify\">Este modelo es ideal para una diversos escenarios y aplicaciones,\u00a0seguridad p\u00fablica, estaciones de transporte, instituciones gubernamentales, complejos hoteleros, centros comerciales, casinos, centros de mando, etc.<\/p>\n<p><img decoding=\"async\" class=\"overview-center-img-web\" src=\"https:\/\/tvc.mx\/media\/496318\/servidor-de-alamcenamiento-IP-EVS5024S-R-Dahua.png\" alt=\"\" \/><\/div>\n<\/div>\n<div class=\"row aling-items-center padding-bottom-2x\">\n<div class=\"col-lg-12\">\n<h5 class=\"card-title text-center\">Arreglo de Discos RAID<\/h5>\n<p>RAID es un m\u00e9todo de combinaci\u00f3n de varios discos duros para formar una \u00fanica unidad l\u00f3gica, en la que se almacenan los datos de forma redundante. Ofrece mayor tolerancia a fallos y m\u00e1s altos niveles de rendimiento que un s\u00f3lo disco duro o un grupo de discos duros independientes. Nuestro equipo\u00a0<strong>EVS5024SR\u00a0<\/strong>soporta RAID\u00a00\/1\/3\/4\/5\/6\/10\/50\/60\/JBOD, para obtener una grabaci\u00f3n m\u00e1s r\u00e1pida y segura.<\/p>\n<p><img decoding=\"async\" class=\"overview-center-img-web\" src=\"https:\/\/tvc.mx\/media\/75057\/raid.png\" alt=\"\" \/><\/div>\n<\/div>\n<div class=\"row aling-items-center padding-bottom-2x\">\n<div class=\"col-lg-12\">\n<h5 class=\"card-title text-center\">Hot Swap<\/h5>\n<p>La funci\u00f3n\u00a0<strong>Hot Swap<\/strong>, permite que se pueda cambiar una unidad de almacenamiento, sin la necesidad de reiniciar el equipo para que los cambios surtan efecto. Al incorporarse el Hot Swap en el\u00a0<strong>EVS5024SR<\/strong>, aunado con los arreglos RAID en el almacenamiento, permite que al ser detectada alguna anomal\u00eda en un disco duro, este sea reemplazado sin la necesidad de apagar el servidor.<\/p>\n<p><img decoding=\"async\" class=\"overview-center-img-web\" src=\"https:\/\/tvc.mx\/media\/75060\/OVERVIEW-3.jpg\" alt=\"\" \/><\/div>\n<\/div>\n<div class=\"row aling-items-center padding-bottom-2x\">\n<div class=\"col-lg-12\">\n<h5 class=\"card-title text-center\">ANR (Automatic Network Replenishment Technology)<\/h5>\n<p>La funci\u00f3n ANR (Automatic Network Replenishment Technology), permite que al detectarse un error en la red, la c\u00e1mara realice el guardado de la informaci\u00f3n dentro de la memoria micro SD previamente instalada y, al tener una conexi\u00f3n estable, se realiza el guardado en el servidor.<\/p>\n<p><img decoding=\"async\" class=\"overview-center-img-web\" src=\"https:\/\/tvc.mx\/media\/75063\/ANR.jpg\" alt=\"\" \/><\/div>\n<\/div>\n<div class=\"row align-items-center padding-bottom-2x\">\n<div class=\"col-md-5\"><img decoding=\"async\" class=\"d-block m-auto img-thumbnail\" src=\"https:\/\/tvc.mx\/media\/496320\/servidor-de-alamcenamiento-IP-EVS5024S-R-Dahua-caracteristicas.png\" alt=\" \" \/><\/div>\n<div class=\"col-md-7 text-md-left text-center\">\n<h2>Principales Caracter\u00edsticas<\/h2>\n<p class=\"text-muted\">\n<p class=\"ql-align-justify\"><strong>Principales caracter\u00edsticas:<\/strong><\/p>\n<ul>\n<li class=\"ql-align-justify\">Procesador Intel 64 bits.<\/li>\n<li class=\"ql-align-justify\">M\u00e1ximo 320 entradas de c\u00e1maras IP.<\/li>\n<li class=\"ql-align-justify\">M\u00e1ximo 640 Mbps de entrada \/ grabaci\u00f3n de ancho de banda.<\/li>\n<li class=\"ql-align-justify\">Soporta 24 HDDs con capacidad de hasta 10tb cada disco.<\/li>\n<li class=\"ql-align-justify\">Compatible con RAID 0\/1\/3\/4\/5\/6\/10\/50\/60 \/ JBOD, Hotspare.<\/li>\n<li class=\"ql-align-justify\">2 puertos\u00a0miniSAS, para la expansi\u00f3n de almacenamiento.<\/li>\n<li class=\"ql-align-justify\">Tecnolog\u00eda ANR.<\/li>\n<li class=\"ql-align-justify\">ONVIF\u00a02.4, CGI Conformace.<\/li>\n<li class=\"ql-align-justify\">Soporta almacenamiento est\u00e1ndar de protocolos iSCSI.<\/li>\n<li class=\"ql-align-justify\">2 puertos USB 3.0.<\/li>\n<li class=\"ql-align-justify\">1 puerto eSATA<\/li>\n<li class=\"ql-align-justify\">1 puerto RS232 para la comunicaci\u00f3n Pc y teclado.<\/li>\n<li class=\"ql-align-justify\">5 puertos RJ-45\u00a0(10\/100 \/ 1000Mbps), 1 para administraci\u00f3n\/4 de datos.<\/li>\n<li class=\"ql-align-justify\">Fuente redundante.<\/li>\n<li class=\"ql-align-justify\">Fuente de alimentaci\u00f3n\u00a0100V ~ 240V, 47 ~ 63 Hz.<\/li>\n<li class=\"ql-align-justify\">Consumo de energ\u00eda\u00a0200W ~ 400W (con HDD).<\/li>\n<li class=\"ql-align-justify\">Ventilador\u00a012V CC, 1.5A.<\/li>\n<li class=\"ql-align-justify\">Temperatura de operaci\u00f3n\u00a00 \u00b0 C ~ + 40 \u00b0 C<\/li>\n<li class=\"ql-align-justify\">Temperatura de almacenaje\u00a0-20 \u00b0 C ~ + 70 \u00b0 C.<\/li>\n<li class=\"ql-align-justify\">Dimensiones\u00a04U, 482.6mm x 494.0mm x 175.0mm.<\/li>\n<li class=\"ql-align-justify\">Peso 27kg. (sin HDD).<\/li>\n<\/ul>\n<\/div>\n<\/div>\n","protected":false},"excerpt":{"rendered":"<p>Informaci\u00f3n General El modelo\u00a0EVS5024SR\u00a0es un servidor de almacenamiento IP con rendimiento de grabaci\u00f3n de\u00a0640Mbps, soporta 320 canales IP. para almacenar el video en\u00a024 bah\u00edas de disco duro\u00a0( 10TB cada bah\u00eda), permite hacer arreglo de discos\u00a0RAID\u00a0de 0\/1\/3\/4\/5\/6\/10\/50\/60\/JBOD. El equipo cuenta con fuente de poder redundante, est\u00e1&hellip;<\/p>\n","protected":false},"featured_media":3113,"comment_status":"open","ping_status":"closed","template":"","meta":{"om_disable_all_campaigns":false,"_monsterinsights_skip_tracking":false,"_monsterinsights_sitenote_active":false,"_monsterinsights_sitenote_note":"","_monsterinsights_sitenote_category":0},"product_brand":[],"product_cat":[205],"product_tag":[206],"class_list":{"0":"post-3114","1":"product","2":"type-product","3":"status-publish","4":"has-post-thumbnail","6":"product_cat-servidores-y-software-de-videovigilancia","7":"product_tag-servidores-y-software-de-videovigilancia","9":"first","10":"instock","11":"sale","12":"taxable","13":"shipping-taxable","14":"purchasable","15":"product-type-simple"},"aioseo_notices":[],"_links":{"self":[{"href":"https:\/\/tecsecmty.com\/index.php\/wp-json\/wp\/v2\/product\/3114","targetHints":{"allow":["GET"]}}],"collection":[{"href":"https:\/\/tecsecmty.com\/index.php\/wp-json\/wp\/v2\/product"}],"about":[{"href":"https:\/\/tecsecmty.com\/index.php\/wp-json\/wp\/v2\/types\/product"}],"replies":[{"embeddable":true,"href":"https:\/\/tecsecmty.com\/index.php\/wp-json\/wp\/v2\/comments?post=3114"}],"version-history":[{"count":0,"href":"https:\/\/tecsecmty.com\/index.php\/wp-json\/wp\/v2\/product\/3114\/revisions"}],"wp:featuredmedia":[{"embeddable":true,"href":"https:\/\/tecsecmty.com\/index.php\/wp-json\/wp\/v2\/media\/3113"}],"wp:attachment":[{"href":"https:\/\/tecsecmty.com\/index.php\/wp-json\/wp\/v2\/media?parent=3114"}],"wp:term":[{"taxonomy":"product_brand","embeddable":true,"href":"https:\/\/tecsecmty.com\/index.php\/wp-json\/wp\/v2\/product_brand?post=3114"},{"taxonomy":"product_cat","embeddable":true,"href":"https:\/\/tecsecmty.com\/index.php\/wp-json\/wp\/v2\/product_cat?post=3114"},{"taxonomy":"product_tag","embeddable":true,"href":"https:\/\/tecsecmty.com\/index.php\/wp-json\/wp\/v2\/product_tag?post=3114"}],"curies":[{"name":"wp","href":"https:\/\/api.w.org\/{rel}","templated":true}]}}