{"id":3121,"date":"2023-02-23T00:14:23","date_gmt":"2023-02-23T06:14:23","guid":{"rendered":"https:\/\/tecsecmty.com\/index.php\/producto\/bosch-i_d122-arnes-para-conectar-dos-baterias-con-interruptor-automatico\/"},"modified":"2023-03-22T23:21:20","modified_gmt":"2023-03-23T05:21:20","slug":"bosch-i_d122-arnes-para-conectar-dos-baterias-con-interruptor-automatico","status":"publish","type":"product","link":"https:\/\/tecsecmty.com\/index.php\/producto\/bosch-i_d122-arnes-para-conectar-dos-baterias-con-interruptor-automatico\/","title":{"rendered":"BOSCH I_D122- ARNES PARA CONECTAR DOS BATERIAS CON INTERRUPTOR AUTOMATICO"},"content":{"rendered":"<div class=\"row aling-items-center padding-bottom-2x\">\n<div class=\"col-lg-12\">\n<h5 class=\"card-title text-center\">D122 Arn\u00e9s de bater\u00eda dual<\/h5>\n<p>&nbsp;<\/p>\n<p><img decoding=\"async\" class=\"overview-center-img-web\" src=\"https:\/\/tvc.mx\/media\/82912\/Logoopaginas-oficial-1920x400.png\" alt=\"\" \/><\/div>\n<\/div>\n<div class=\"row align-items-center padding-bottom-2x\">\n<div class=\"col-md-5\"><img decoding=\"async\" class=\"d-block m-auto img-thumbnail\" src=\"https:\/\/tvc.mx\/media\/82916\/D122config5.png\" alt=\" \" \/><\/div>\n<div class=\"col-md-7 text-md-left text-center\">\n<h2>Resumen del sistema<\/h2>\n<p class=\"text-muted\">\n<p>El arn\u00e9s de bater\u00eda dual D122 protege al instalador y las bater\u00edas al conectar dos bater\u00edas, en paralelo, a paneles de control compatibles El D122 elimina los peligros de las bater\u00edas conectadas en paralelo utilizando un disyuntor t\u00e9rmico para controlar el circuito. Interrumpe el circuito el\u00e9ctrico de la segunda bater\u00eda cuando se supera la capacidad t\u00e9rmica nominal.<\/p>\n<p>&nbsp;<\/p>\n<\/div>\n<\/div>\n<hr class=\"padding-bottom-2x\" \/>\n<div class=\"row align-items-center padding-bottom-2x\">\n<div class=\"col-md-5 order-md-2\"><img decoding=\"async\" class=\"d-block m-auto img-thumbnail\" src=\"https:\/\/tvc.mx\/media\/82920\/D122config6.png\" alt=\" \" \/><\/div>\n<div class=\"col-md-7 order-md-1 text-md-left text-center\">\n<h2>Certificaciones y Piezas incluidas<\/h2>\n<p class=\"text-muted\">\n<p><strong>EE. UU.<\/strong><\/p>\n<ul>\n<li>UL Suitable for use with Bosch\u2019s B Series and G Series UL Listed products\/accessories<\/li>\n<li>FM see the FM Approval Guide<\/li>\n<li>CSFM California State Fire Marshal<\/li>\n<\/ul>\n<p><strong>Cantidad de Componentes:<\/strong><\/p>\n<ul>\n<li>1 Cable de alimentaci\u00f3n por bater\u00eda.<\/li>\n<li>1 Paquete de hardware: 4 contratuercas, 4 tornillos, 4 contactos de bater\u00eda, 2 adaptadores.<\/li>\n<li>1 Manual de instalaci\u00f3n.<\/li>\n<\/ul>\n<p>&nbsp;<\/p>\n<\/div>\n<\/div>\n<hr class=\"padding-bottom-2x\" \/>\n<div class=\"row align-items-center padding-bottom-2x\">\n<div class=\"col-md-5 order-md-2\"><img decoding=\"async\" class=\"d-block m-auto img-thumbnail\" src=\"https:\/\/tvc.mx\/media\/82924\/D122config7.png\" alt=\" \" \/><\/div>\n<div class=\"col-md-7 order-md-1 text-md-left text-center\">\n<h2>Caracter\u00edsticas y Especificaciones<\/h2>\n<p class=\"text-muted\">\n<p><strong>Nota: D122 Arn\u00e9s de bater\u00eda dual<\/strong><\/p>\n<p><strong>Arn\u00e9s con interruptor de circuito. Conecta dos bater\u00edas (en paralelo) a un panel de control compatible.<\/strong><\/p>\n<p><strong>N\u00famero de pedido: D122<\/strong><\/p>\n<p><strong>Principales\u00a0<\/strong><strong>Caracter\u00edsticas<\/strong><\/p>\n<ul>\n<li>Se utiliza para bater\u00edas en paralelo.<\/li>\n<li>Conectores deslizantes.<\/li>\n<li>Protecci\u00f3n mediante disyuntor del circuito integrado.<\/li>\n<\/ul>\n<p><strong>Especificaciones t\u00e9cnicas<\/strong><\/p>\n<ul>\n<li>Mec\u00e1nicas Longitud del cable 18 pulg (457 mm).<\/li>\n<li>Calibre del cable 18 AWG (ISO 0,75 mm2 ).<\/li>\n<\/ul>\n<\/div>\n<\/div>\n","protected":false},"excerpt":{"rendered":"<p>D122 Arn\u00e9s de bater\u00eda dual &nbsp; Resumen del sistema El arn\u00e9s de bater\u00eda dual D122 protege al instalador y las bater\u00edas al conectar dos bater\u00edas, en paralelo, a paneles de control compatibles El D122 elimina los peligros de las bater\u00edas conectadas en paralelo utilizando un&hellip;<\/p>\n","protected":false},"featured_media":3120,"comment_status":"open","ping_status":"closed","template":"","meta":{"om_disable_all_campaigns":false,"_monsterinsights_skip_tracking":false,"_monsterinsights_sitenote_active":false,"_monsterinsights_sitenote_note":"","_monsterinsights_sitenote_category":0},"product_brand":[],"product_cat":[215],"product_tag":[212,211,151],"class_list":{"0":"post-3121","1":"product","2":"type-product","3":"status-publish","4":"has-post-thumbnail","6":"product_cat-accesorios-alarmas-alarmas-bosch","7":"product_tag-alarmas","8":"product_tag-alarmas-e-intrusion","9":"product_tag-seguridad","11":"first","12":"instock","13":"sale","14":"taxable","15":"shipping-taxable","16":"purchasable","17":"product-type-simple"},"aioseo_notices":[],"_links":{"self":[{"href":"https:\/\/tecsecmty.com\/index.php\/wp-json\/wp\/v2\/product\/3121","targetHints":{"allow":["GET"]}}],"collection":[{"href":"https:\/\/tecsecmty.com\/index.php\/wp-json\/wp\/v2\/product"}],"about":[{"href":"https:\/\/tecsecmty.com\/index.php\/wp-json\/wp\/v2\/types\/product"}],"replies":[{"embeddable":true,"href":"https:\/\/tecsecmty.com\/index.php\/wp-json\/wp\/v2\/comments?post=3121"}],"version-history":[{"count":0,"href":"https:\/\/tecsecmty.com\/index.php\/wp-json\/wp\/v2\/product\/3121\/revisions"}],"wp:featuredmedia":[{"embeddable":true,"href":"https:\/\/tecsecmty.com\/index.php\/wp-json\/wp\/v2\/media\/3120"}],"wp:attachment":[{"href":"https:\/\/tecsecmty.com\/index.php\/wp-json\/wp\/v2\/media?parent=3121"}],"wp:term":[{"taxonomy":"product_brand","embeddable":true,"href":"https:\/\/tecsecmty.com\/index.php\/wp-json\/wp\/v2\/product_brand?post=3121"},{"taxonomy":"product_cat","embeddable":true,"href":"https:\/\/tecsecmty.com\/index.php\/wp-json\/wp\/v2\/product_cat?post=3121"},{"taxonomy":"product_tag","embeddable":true,"href":"https:\/\/tecsecmty.com\/index.php\/wp-json\/wp\/v2\/product_tag?post=3121"}],"curies":[{"name":"wp","href":"https:\/\/api.w.org\/{rel}","templated":true}]}}