{"id":3127,"date":"2023-02-23T00:14:26","date_gmt":"2023-02-23T06:14:26","guid":{"rendered":"https:\/\/tecsecmty.com\/index.php\/producto\/av-gmx003-gabinete-metalico-grande-pc1832-hs2032-hs2128-pc5003ccer\/"},"modified":"2023-03-22T23:20:51","modified_gmt":"2023-03-23T05:20:51","slug":"av-gmx003-gabinete-metalico-grande-pc1832-hs2032-hs2128-pc5003ccer","status":"publish","type":"product","link":"https:\/\/tecsecmty.com\/index.php\/producto\/av-gmx003-gabinete-metalico-grande-pc1832-hs2032-hs2128-pc5003ccer\/","title":{"rendered":"AV GMX003 &#8211; Gabinete Met\u00e1lico Grande PC1832 \/ HS2032 \/ HS2128 (PC5003C)#cer"},"content":{"rendered":"<div class=\"row aling-items-center padding-bottom-2x\">\n<div class=\"col-lg-12\">\n<h5 class=\"card-title text-center\">Informaci\u00f3n General<\/h5>\n<h4>Gabinete grande con perforaciones para instalar en superficie, ideal para los paneles de alarma de la serie power y neo, capacidad para alojar panel y hasta tres m\u00f3dulos m\u00e1s.<\/h4>\n<p><img decoding=\"async\" class=\"overview-center-img-web\" src=\"https:\/\/tvc.mx\/media\/29271\/principalcomer.jpg\" alt=\"\" \/><\/div>\n<\/div>\n<div class=\"row align-items-center padding-bottom-2x\">\n<div class=\"col-md-5 order-md-2\"><img decoding=\"async\" class=\"d-block m-auto img-thumbnail\" src=\"https:\/\/tvc.mx\/media\/29376\/300x400.jpg\" alt=\" \" \/><\/div>\n<div class=\"col-md-7 order-md-1 text-md-left text-center\">\n<h2>Principales Caracteristicas<\/h2>\n<p class=\"text-muted\">\n<h4 class=\"ql-align-justify\">DESCRIPCI\u00d3N T\u00c9CNICA<\/h4>\n<p>MATERIAL DE METAL, DIMENSIONES DE 28.3 X 29.8 X 7.6 cm<\/p>\n<h4 class=\"ql-align-justify\">BENEFICIOS ADICIONALES<\/h4>\n<p>&#8211; BARRENOS PARA SOPORTES DE TARJETAS<\/p>\n<p>&#8211; MONTAJE EN PARED<\/p>\n<h4 class=\"ql-align-justify\">PARA QUE SIRVE<\/h4>\n<p>LOS GABINETES ALBERGAN LOS M\u00d3DULOS Y PANELES DE ALARMA, SE PROTEGEN DE AGENTES EXTERNOS COMO AGUA Y POLVO.<\/p>\n<h4><\/h4>\n<h4>Compatibilidad:<\/h4>\n<p>-Panel de alarma PowerSeries (PC1616, PC1832, PC1864)<\/p>\n<p>-Paneles de alarma PowerSeries Neo (HS2032, HS2064, HS2128)<\/p>\n<\/div>\n<\/div>\n","protected":false},"excerpt":{"rendered":"<p>Informaci\u00f3n General Gabinete grande con perforaciones para instalar en superficie, ideal para los paneles de alarma de la serie power y neo, capacidad para alojar panel y hasta tres m\u00f3dulos m\u00e1s. Principales Caracteristicas DESCRIPCI\u00d3N T\u00c9CNICA MATERIAL DE METAL, DIMENSIONES DE 28.3 X 29.8 X 7.6&hellip;<\/p>\n","protected":false},"featured_media":3126,"comment_status":"open","ping_status":"closed","template":"","meta":{"om_disable_all_campaigns":false,"_monsterinsights_skip_tracking":false,"_monsterinsights_sitenote_active":false,"_monsterinsights_sitenote_note":"","_monsterinsights_sitenote_category":0},"product_brand":[],"product_cat":[218],"product_tag":[212,211,151],"class_list":{"0":"post-3127","1":"product","2":"type-product","3":"status-publish","4":"has-post-thumbnail","6":"product_cat-accesorios-alarmas-alarmas-dsc","7":"product_tag-alarmas","8":"product_tag-alarmas-e-intrusion","9":"product_tag-seguridad","11":"first","12":"instock","13":"sale","14":"taxable","15":"shipping-taxable","16":"purchasable","17":"product-type-simple"},"aioseo_notices":[],"_links":{"self":[{"href":"https:\/\/tecsecmty.com\/index.php\/wp-json\/wp\/v2\/product\/3127","targetHints":{"allow":["GET"]}}],"collection":[{"href":"https:\/\/tecsecmty.com\/index.php\/wp-json\/wp\/v2\/product"}],"about":[{"href":"https:\/\/tecsecmty.com\/index.php\/wp-json\/wp\/v2\/types\/product"}],"replies":[{"embeddable":true,"href":"https:\/\/tecsecmty.com\/index.php\/wp-json\/wp\/v2\/comments?post=3127"}],"version-history":[{"count":0,"href":"https:\/\/tecsecmty.com\/index.php\/wp-json\/wp\/v2\/product\/3127\/revisions"}],"wp:featuredmedia":[{"embeddable":true,"href":"https:\/\/tecsecmty.com\/index.php\/wp-json\/wp\/v2\/media\/3126"}],"wp:attachment":[{"href":"https:\/\/tecsecmty.com\/index.php\/wp-json\/wp\/v2\/media?parent=3127"}],"wp:term":[{"taxonomy":"product_brand","embeddable":true,"href":"https:\/\/tecsecmty.com\/index.php\/wp-json\/wp\/v2\/product_brand?post=3127"},{"taxonomy":"product_cat","embeddable":true,"href":"https:\/\/tecsecmty.com\/index.php\/wp-json\/wp\/v2\/product_cat?post=3127"},{"taxonomy":"product_tag","embeddable":true,"href":"https:\/\/tecsecmty.com\/index.php\/wp-json\/wp\/v2\/product_tag?post=3127"}],"curies":[{"name":"wp","href":"https:\/\/api.w.org\/{rel}","templated":true}]}}