{"id":3129,"date":"2023-02-23T00:14:28","date_gmt":"2023-02-23T06:14:28","guid":{"rendered":"https:\/\/tecsecmty.com\/index.php\/producto\/av-gmx004-gs004-gabinete-metalico-para-modulos-dsc-seco-larm\/"},"modified":"2023-03-22T23:20:52","modified_gmt":"2023-03-23T05:20:52","slug":"av-gmx004-gs004-gabinete-metalico-para-modulos-dsc-seco-larm","status":"publish","type":"product","link":"https:\/\/tecsecmty.com\/index.php\/producto\/av-gmx004-gs004-gabinete-metalico-para-modulos-dsc-seco-larm\/","title":{"rendered":"AV GMX004 GS004 &#8211; Gabinete Met\u00e1lico para Modulos DSC SECO LARM"},"content":{"rendered":"<h5 class=\"card-title text-center\">Gabinete met\u00e1lico DSC GTVCMX004<\/h5>\n<h3><strong>Gabinete met\u00e1lico peque\u00f1o, ideal para modulos DSC y fuentes de poder SECO LARM.<\/strong><\/h3>\n<h4><\/h4>\n<h4 class=\"ql-align-justify\"><strong>Descripci\u00f3n t\u00e9cnica:<\/strong><\/h4>\n<h4 class=\"ql-align-justify\">Dimensiones Alto: 19 cm. Ancho: 23 cm. Fondo: 9 cm.<\/h4>\n<h4 class=\"ql-align-justify\">Dise\u00f1ado para interiores<\/h4>\n<h4 class=\"ql-align-justify\">Met\u00e1lico en color Beige<\/h4>\n<h4><\/h4>\n<h4 class=\"ql-align-justify\"><strong>Beneficios adicionales<\/strong><\/h4>\n<h4>Puerta removible<\/h4>\n<h4>Montaje de pared<\/h4>\n<h4><\/h4>\n<h4><\/h4>\n<h4><strong>Funcionalidad:<\/strong><\/h4>\n<h4>Ideal para el montaje de m\u00f3dulos y fuentes de poder como SECO LARM<\/h4>\n<h4><\/h4>\n<h4><strong>Instalaci\u00f3n:<\/strong><\/h4>\n<h4>Industrias<\/h4>\n<h4>Zonas residenciales<\/h4>\n<h4>Zonas comerciales<\/h4>\n<h4><\/h4>\n<h4><\/h4>\n<h4 class=\"ql-align-justify\"><strong>Compatibilidad:<\/strong><\/h4>\n<h4>Todos los modulos DSC (expansores, fuentes etc) asi como fuentes de poder SECO LARM<\/h4>\n<p><img decoding=\"async\" class=\"overview-center-img-web\" src=\"https:\/\/tvc.mx\/media\/253303\/BAMMER-GABINETE-BLANCO-100MB.png\" alt=\"\" \/><\/p>\n","protected":false},"excerpt":{"rendered":"<p>Gabinete met\u00e1lico DSC GTVCMX004 Gabinete met\u00e1lico peque\u00f1o, ideal para modulos DSC y fuentes de poder SECO LARM. Descripci\u00f3n t\u00e9cnica: Dimensiones Alto: 19 cm. Ancho: 23 cm. Fondo: 9 cm. Dise\u00f1ado para interiores Met\u00e1lico en color Beige Beneficios adicionales Puerta removible Montaje de pared Funcionalidad: Ideal&hellip;<\/p>\n","protected":false},"featured_media":3128,"comment_status":"open","ping_status":"closed","template":"","meta":{"om_disable_all_campaigns":false,"_monsterinsights_skip_tracking":false,"_monsterinsights_sitenote_active":false,"_monsterinsights_sitenote_note":"","_monsterinsights_sitenote_category":0},"product_brand":[],"product_cat":[218],"product_tag":[212,211,151],"class_list":{"0":"post-3129","1":"product","2":"type-product","3":"status-publish","4":"has-post-thumbnail","6":"product_cat-accesorios-alarmas-alarmas-dsc","7":"product_tag-alarmas","8":"product_tag-alarmas-e-intrusion","9":"product_tag-seguridad","11":"first","12":"instock","13":"sale","14":"taxable","15":"shipping-taxable","16":"purchasable","17":"product-type-simple"},"aioseo_notices":[],"_links":{"self":[{"href":"https:\/\/tecsecmty.com\/index.php\/wp-json\/wp\/v2\/product\/3129","targetHints":{"allow":["GET"]}}],"collection":[{"href":"https:\/\/tecsecmty.com\/index.php\/wp-json\/wp\/v2\/product"}],"about":[{"href":"https:\/\/tecsecmty.com\/index.php\/wp-json\/wp\/v2\/types\/product"}],"replies":[{"embeddable":true,"href":"https:\/\/tecsecmty.com\/index.php\/wp-json\/wp\/v2\/comments?post=3129"}],"version-history":[{"count":0,"href":"https:\/\/tecsecmty.com\/index.php\/wp-json\/wp\/v2\/product\/3129\/revisions"}],"wp:featuredmedia":[{"embeddable":true,"href":"https:\/\/tecsecmty.com\/index.php\/wp-json\/wp\/v2\/media\/3128"}],"wp:attachment":[{"href":"https:\/\/tecsecmty.com\/index.php\/wp-json\/wp\/v2\/media?parent=3129"}],"wp:term":[{"taxonomy":"product_brand","embeddable":true,"href":"https:\/\/tecsecmty.com\/index.php\/wp-json\/wp\/v2\/product_brand?post=3129"},{"taxonomy":"product_cat","embeddable":true,"href":"https:\/\/tecsecmty.com\/index.php\/wp-json\/wp\/v2\/product_cat?post=3129"},{"taxonomy":"product_tag","embeddable":true,"href":"https:\/\/tecsecmty.com\/index.php\/wp-json\/wp\/v2\/product_tag?post=3129"}],"curies":[{"name":"wp","href":"https:\/\/api.w.org\/{rel}","templated":true}]}}