{"id":3131,"date":"2023-02-23T00:14:29","date_gmt":"2023-02-23T06:14:29","guid":{"rendered":"https:\/\/tecsecmty.com\/index.php\/producto\/av-gmx007-gabinete-metalico-para-panel-de-control-o-modulos-expansores-pc5002c\/"},"modified":"2023-03-22T23:20:52","modified_gmt":"2023-03-23T05:20:52","slug":"av-gmx007-gabinete-metalico-para-panel-de-control-o-modulos-expansores-pc5002c","status":"publish","type":"product","link":"https:\/\/tecsecmty.com\/index.php\/producto\/av-gmx007-gabinete-metalico-para-panel-de-control-o-modulos-expansores-pc5002c\/","title":{"rendered":"AV GMX007 &#8211; Gabinete Met\u00e1lico para Panel de Control o Modulos Expansores (PC5002C)"},"content":{"rendered":"<h5 class=\"card-title text-center\">Informaci\u00f3n General<\/h5>\n<p>Descripci\u00f3n<\/p>\n<p><strong>DSC GTVCM007 Gabinete peque\u00f1o para Panel de Control Power Series<\/strong><\/p>\n<p>Los gabinetes DSC han sido dise\u00f1ados para albergar paneles de control PowerSeries y MAXSYS y varios m\u00f3dulos de seguridad para el hogar. Las caracter\u00edsticas incluyen puertas extra\u00edbles o con bisagras, sabotajes, perforaciones y cerraduras de leva L-1. Los gabinetes se pueden usar para instalaciones de incendio y robo residenciales \/ comerciales y est\u00e1n listados con las agencias reguladoras UL \/ ULC, INCERT y NCP.<\/p>\n<h3><strong>Caracter\u00edsticas<\/strong><\/h3>\n<p>-Para usar con el Panel de control Power Series<\/p>\n<p>-Puertas desmontables<\/p>\n<p>-Tipos de reguladores: puerta \/ pared, interruptores individuales<\/p>\n<p>-Knockouts<\/p>\n<p>-Ciertos armarios disponibles con separadores de pies<\/p>\n<p>-Compatible con paneles y m\u00f3dulos de control PowerSeries y MAXSYS<\/p>\n<h4><strong>DESCRIPCI\u00d3N T\u00c9CNICA<\/strong><\/h4>\n<p>MATERIAL DE METAL, DIMENSIONES Alto 23.8 cm, Ancho 21 cm por 7.7 cm Fondo<\/p>\n<p><img decoding=\"async\" class=\"overview-center-img-web\" src=\"https:\/\/tvc.mx\/media\/35463\/DSC1170023.jpg\" alt=\"\" \/><\/p>\n","protected":false},"excerpt":{"rendered":"<p>Informaci\u00f3n General Descripci\u00f3n DSC GTVCM007 Gabinete peque\u00f1o para Panel de Control Power Series Los gabinetes DSC han sido dise\u00f1ados para albergar paneles de control PowerSeries y MAXSYS y varios m\u00f3dulos de seguridad para el hogar. Las caracter\u00edsticas incluyen puertas extra\u00edbles o con bisagras, sabotajes, perforaciones&hellip;<\/p>\n","protected":false},"featured_media":3130,"comment_status":"open","ping_status":"closed","template":"","meta":{"om_disable_all_campaigns":false,"_monsterinsights_skip_tracking":false,"_monsterinsights_sitenote_active":false,"_monsterinsights_sitenote_note":"","_monsterinsights_sitenote_category":0},"product_brand":[],"product_cat":[218],"product_tag":[212,211,151],"class_list":{"0":"post-3131","1":"product","2":"type-product","3":"status-publish","4":"has-post-thumbnail","6":"product_cat-accesorios-alarmas-alarmas-dsc","7":"product_tag-alarmas","8":"product_tag-alarmas-e-intrusion","9":"product_tag-seguridad","11":"first","12":"instock","13":"sale","14":"taxable","15":"shipping-taxable","16":"purchasable","17":"product-type-simple"},"aioseo_notices":[],"_links":{"self":[{"href":"https:\/\/tecsecmty.com\/index.php\/wp-json\/wp\/v2\/product\/3131","targetHints":{"allow":["GET"]}}],"collection":[{"href":"https:\/\/tecsecmty.com\/index.php\/wp-json\/wp\/v2\/product"}],"about":[{"href":"https:\/\/tecsecmty.com\/index.php\/wp-json\/wp\/v2\/types\/product"}],"replies":[{"embeddable":true,"href":"https:\/\/tecsecmty.com\/index.php\/wp-json\/wp\/v2\/comments?post=3131"}],"version-history":[{"count":0,"href":"https:\/\/tecsecmty.com\/index.php\/wp-json\/wp\/v2\/product\/3131\/revisions"}],"wp:featuredmedia":[{"embeddable":true,"href":"https:\/\/tecsecmty.com\/index.php\/wp-json\/wp\/v2\/media\/3130"}],"wp:attachment":[{"href":"https:\/\/tecsecmty.com\/index.php\/wp-json\/wp\/v2\/media?parent=3131"}],"wp:term":[{"taxonomy":"product_brand","embeddable":true,"href":"https:\/\/tecsecmty.com\/index.php\/wp-json\/wp\/v2\/product_brand?post=3131"},{"taxonomy":"product_cat","embeddable":true,"href":"https:\/\/tecsecmty.com\/index.php\/wp-json\/wp\/v2\/product_cat?post=3131"},{"taxonomy":"product_tag","embeddable":true,"href":"https:\/\/tecsecmty.com\/index.php\/wp-json\/wp\/v2\/product_tag?post=3131"}],"curies":[{"name":"wp","href":"https:\/\/api.w.org\/{rel}","templated":true}]}}