{"id":3135,"date":"2023-02-23T00:14:32","date_gmt":"2023-02-23T06:14:32","guid":{"rendered":"https:\/\/tecsecmty.com\/index.php\/producto\/av-tt001-gabinete-metalico-para-sirena-exterior-de-30-watts-lamina-y-bisagra-de-alta-calidad-gs001\/"},"modified":"2023-03-22T23:20:52","modified_gmt":"2023-03-23T05:20:52","slug":"av-tt001-gabinete-metalico-para-sirena-exterior-de-30-watts-lamina-y-bisagra-de-alta-calidad-gs001","status":"publish","type":"product","link":"https:\/\/tecsecmty.com\/index.php\/producto\/av-tt001-gabinete-metalico-para-sirena-exterior-de-30-watts-lamina-y-bisagra-de-alta-calidad-gs001\/","title":{"rendered":"AV TT001 &#8211; Gabinete Met\u00e1lico para Sirena Exterior de 30 WATTS Lamina y Bisagra de Alta Calidad ( GS001)"},"content":{"rendered":"<h5 class=\"card-title text-center\">GS-001<\/h5>\n<h4><strong>GABINETE MET\u00c1LICO<\/strong><\/h4>\n<h3>Descripci\u00f3n<\/h3>\n<ul>\n<li class=\"ql-align-justify\">Gabinete met\u00e1lico ideal para albergar una sirena de 30 Watts.<\/li>\n<li class=\"ql-align-justify\">Dise\u00f1ado para brindar mayor seguridad y funcionamiento \u00f3ptimo de los equipos.<\/li>\n<li class=\"ql-align-justify\">Soporta la instalaci\u00f3n de una sirena de 30 watts, fabricado en lamina de acero dimensiones 23 x 27 x 17 cm.<\/li>\n<\/ul>\n<h3>Beneficios adicionales:<\/h3>\n<p>Funcionamiento \u00f3ptimo de la sirena.<\/p>\n<h4>Compatibilidad:<\/h4>\n<p>Sirena SD-30Watts.<\/p>\n<h4>Notas Adicionales:<\/h4>\n<p>Evite instalar el gabinete en lugares que est\u00e9n expuestos a chorros de agua, para mayor seguridad de la sirena.<\/p>\n<h3>Especificaciones T\u00e9cnicas:<\/h3>\n<ul>\n<li>Tapa exterior desmontable<\/li>\n<li>Material: L\u00e1mina de acero RF cal.22<\/li>\n<li>Color: Gris<\/li>\n<li>Dimensiones: (Alto x Ancho x Profundidad) 23 x 27 x 17 cm.<\/li>\n<\/ul>\n<h3>Funcionalidad<\/h3>\n<p>Permite albergar la sirena, brindando mayor protecci\u00f3n del equipo.<\/p>\n<p><img decoding=\"async\" class=\"overview-center-img-web\" src=\"https:\/\/tvc.mx\/media\/197019\/1920x400.jpg\" alt=\"\" \/><\/p>\n","protected":false},"excerpt":{"rendered":"<p>GS-001 GABINETE MET\u00c1LICO Descripci\u00f3n Gabinete met\u00e1lico ideal para albergar una sirena de 30 Watts. Dise\u00f1ado para brindar mayor seguridad y funcionamiento \u00f3ptimo de los equipos. Soporta la instalaci\u00f3n de una sirena de 30 watts, fabricado en lamina de acero dimensiones 23 x 27 x 17&hellip;<\/p>\n","protected":false},"featured_media":3134,"comment_status":"open","ping_status":"closed","template":"","meta":{"om_disable_all_campaigns":false,"_monsterinsights_skip_tracking":false,"_monsterinsights_sitenote_active":false,"_monsterinsights_sitenote_note":"","_monsterinsights_sitenote_category":0},"product_brand":[],"product_cat":[218],"product_tag":[212,211,151],"class_list":{"0":"post-3135","1":"product","2":"type-product","3":"status-publish","4":"has-post-thumbnail","6":"product_cat-accesorios-alarmas-alarmas-dsc","7":"product_tag-alarmas","8":"product_tag-alarmas-e-intrusion","9":"product_tag-seguridad","11":"first","12":"instock","13":"sale","14":"taxable","15":"shipping-taxable","16":"purchasable","17":"product-type-simple"},"aioseo_notices":[],"_links":{"self":[{"href":"https:\/\/tecsecmty.com\/index.php\/wp-json\/wp\/v2\/product\/3135","targetHints":{"allow":["GET"]}}],"collection":[{"href":"https:\/\/tecsecmty.com\/index.php\/wp-json\/wp\/v2\/product"}],"about":[{"href":"https:\/\/tecsecmty.com\/index.php\/wp-json\/wp\/v2\/types\/product"}],"replies":[{"embeddable":true,"href":"https:\/\/tecsecmty.com\/index.php\/wp-json\/wp\/v2\/comments?post=3135"}],"version-history":[{"count":0,"href":"https:\/\/tecsecmty.com\/index.php\/wp-json\/wp\/v2\/product\/3135\/revisions"}],"wp:featuredmedia":[{"embeddable":true,"href":"https:\/\/tecsecmty.com\/index.php\/wp-json\/wp\/v2\/media\/3134"}],"wp:attachment":[{"href":"https:\/\/tecsecmty.com\/index.php\/wp-json\/wp\/v2\/media?parent=3135"}],"wp:term":[{"taxonomy":"product_brand","embeddable":true,"href":"https:\/\/tecsecmty.com\/index.php\/wp-json\/wp\/v2\/product_brand?post=3135"},{"taxonomy":"product_cat","embeddable":true,"href":"https:\/\/tecsecmty.com\/index.php\/wp-json\/wp\/v2\/product_cat?post=3135"},{"taxonomy":"product_tag","embeddable":true,"href":"https:\/\/tecsecmty.com\/index.php\/wp-json\/wp\/v2\/product_tag?post=3135"}],"curies":[{"name":"wp","href":"https:\/\/api.w.org\/{rel}","templated":true}]}}