{"id":3141,"date":"2023-02-23T00:14:40","date_gmt":"2023-02-23T06:14:40","guid":{"rendered":"https:\/\/tecsecmty.com\/index.php\/producto\/bosch-i_b10-carcasa-metalica-color-blanco-para-paneles-de-serie-b\/"},"modified":"2023-03-22T23:21:17","modified_gmt":"2023-03-23T05:21:17","slug":"bosch-i_b10-carcasa-metalica-color-blanco-para-paneles-de-serie-b","status":"publish","type":"product","link":"https:\/\/tecsecmty.com\/index.php\/producto\/bosch-i_b10-carcasa-metalica-color-blanco-para-paneles-de-serie-b\/","title":{"rendered":"BOSCH I_B10 &#8211; Carcasa metalica color blanco para paneles de serie b"},"content":{"rendered":"<div class=\"row aling-items-center padding-bottom-2x\">\n<div class=\"col-lg-12\">\n<h5 class=\"card-title text-center\">Carcasa Metalica modelo B10<\/h5>\n<p>Ubicaci\u00f3n separada f\u00e1cil de instalar para montar m\u00f3dulos compatibles<\/p>\n<p>Fabricada con acero laminado en fr\u00edo con un acabado blanco satinado<\/p>\n<p>Ubicaciones de f\u00e1cil acceso para colocar bater\u00edas<\/p>\n<p>Ubicaci\u00f3n de montaje para el interruptor antisabotaje opcional<\/p>\n<p><img decoding=\"async\" class=\"overview-center-img-web\" src=\"https:\/\/tvc.mx\/media\/185787\/BANNER-OFICIAL-A.png\" alt=\"\" \/><\/div>\n<\/div>\n<div class=\"row align-items-center padding-bottom-2x\">\n<div class=\"col-md-5 order-md-2\"><img decoding=\"async\" class=\"d-block m-auto img-thumbnail\" src=\"https:\/\/tvc.mx\/media\/185791\/Sin-t%C3%ADtulo-15qqqqq.png\" alt=\" \" \/><\/div>\n<div class=\"col-md-7 order-md-1 text-md-left text-center\">\n<h2>Descripci\u00f3n inicial<\/h2>\n<p class=\"text-muted\">\n<p>La caja B10 es una caja blanca fabricada con acero laminado en fr\u00edo de 1 mm de espesor (calibre 20). Compatible con los perif\u00e9ricos siguientes:<\/p>\n<p>\u2022 Juego de cerradura y llave D101. Conjunto de cerradura est\u00e1ndar que incluye una llave. Utiliza la llave de repuesto D102 (n.\u00ba 1358). N\u00famero de pedido D101<\/p>\n<p>\u2022 Interruptor de bucle antisabotaje D110. Interruptor de bucle antisabotaje enroscable que se ajusta a todas las cajas. Suministrado en paquetes de dos. N\u00famero de pedido D110<\/p>\n<p>\u2022 Interruptor de bucle antisabotaje dual ICP-EZTS. Interruptor de bucle antisabotaje combinado con un circuito para salidas de sabotaje adicionales. N\u00famero de pedido ICP-EZTS.<\/p>\n<\/div>\n<\/div>\n","protected":false},"excerpt":{"rendered":"<p>Carcasa Metalica modelo B10 Ubicaci\u00f3n separada f\u00e1cil de instalar para montar m\u00f3dulos compatibles Fabricada con acero laminado en fr\u00edo con un acabado blanco satinado Ubicaciones de f\u00e1cil acceso para colocar bater\u00edas Ubicaci\u00f3n de montaje para el interruptor antisabotaje opcional Descripci\u00f3n inicial La caja B10 es&hellip;<\/p>\n","protected":false},"featured_media":3140,"comment_status":"open","ping_status":"closed","template":"","meta":{"om_disable_all_campaigns":false,"_monsterinsights_skip_tracking":false,"_monsterinsights_sitenote_active":false,"_monsterinsights_sitenote_note":"","_monsterinsights_sitenote_category":0},"product_brand":[],"product_cat":[215],"product_tag":[212,211,151],"class_list":{"0":"post-3141","1":"product","2":"type-product","3":"status-publish","4":"has-post-thumbnail","6":"product_cat-accesorios-alarmas-alarmas-bosch","7":"product_tag-alarmas","8":"product_tag-alarmas-e-intrusion","9":"product_tag-seguridad","11":"first","12":"instock","13":"sale","14":"taxable","15":"shipping-taxable","16":"purchasable","17":"product-type-simple"},"aioseo_notices":[],"_links":{"self":[{"href":"https:\/\/tecsecmty.com\/index.php\/wp-json\/wp\/v2\/product\/3141","targetHints":{"allow":["GET"]}}],"collection":[{"href":"https:\/\/tecsecmty.com\/index.php\/wp-json\/wp\/v2\/product"}],"about":[{"href":"https:\/\/tecsecmty.com\/index.php\/wp-json\/wp\/v2\/types\/product"}],"replies":[{"embeddable":true,"href":"https:\/\/tecsecmty.com\/index.php\/wp-json\/wp\/v2\/comments?post=3141"}],"version-history":[{"count":0,"href":"https:\/\/tecsecmty.com\/index.php\/wp-json\/wp\/v2\/product\/3141\/revisions"}],"wp:featuredmedia":[{"embeddable":true,"href":"https:\/\/tecsecmty.com\/index.php\/wp-json\/wp\/v2\/media\/3140"}],"wp:attachment":[{"href":"https:\/\/tecsecmty.com\/index.php\/wp-json\/wp\/v2\/media?parent=3141"}],"wp:term":[{"taxonomy":"product_brand","embeddable":true,"href":"https:\/\/tecsecmty.com\/index.php\/wp-json\/wp\/v2\/product_brand?post=3141"},{"taxonomy":"product_cat","embeddable":true,"href":"https:\/\/tecsecmty.com\/index.php\/wp-json\/wp\/v2\/product_cat?post=3141"},{"taxonomy":"product_tag","embeddable":true,"href":"https:\/\/tecsecmty.com\/index.php\/wp-json\/wp\/v2\/product_tag?post=3141"}],"curies":[{"name":"wp","href":"https:\/\/api.w.org\/{rel}","templated":true}]}}