{"id":3147,"date":"2023-02-23T00:14:49","date_gmt":"2023-02-23T06:14:49","guid":{"rendered":"https:\/\/tecsecmty.com\/index.php\/producto\/bosch-i_b443-comunicador-de-telefono-movil-hspa\/"},"modified":"2023-03-22T23:21:18","modified_gmt":"2023-03-23T05:21:18","slug":"bosch-i_b443-comunicador-de-telefono-movil-hspa","status":"publish","type":"product","link":"https:\/\/tecsecmty.com\/index.php\/producto\/bosch-i_b443-comunicador-de-telefono-movil-hspa\/","title":{"rendered":"BOSCH I_B443 &#8211; Comunicador de telefono movil HSPA"},"content":{"rendered":"<h5 class=\"card-title text-center\">B443 Comunicador para m\u00f3vil conectable, HSPA+ Comunicador m\u00f3vil multifunci\u00f3n 3G\/4G<\/h5>\n<p class=\"ql-align-justify\"><strong>El B443 ofrece comunicaci\u00f3n por IP 3G\/4G mediante una red m\u00f3vil GPRS\/EDGE\/ UMTS\/HSPA+ enchuf\u00e1ndolo a un Bosch panel de control o B450 Conettix Plug-in Communicator Interface compatible.<\/strong><\/p>\n<p class=\"ql-align-justify\"><strong>Las aplicaciones habituales son:<\/strong><\/p>\n<ul>\n<li class=\"ql-align-justify\">Notificaci\u00f3n de alarma a una central receptora.<\/li>\n<li class=\"ql-align-justify\">Programaci\u00f3n remota del panel de control mediante el software de programaci\u00f3n remota con paneles de control compatibles.<\/li>\n<li class=\"ql-align-justify\">Supervisi\u00f3n y control remoto mediante una aplicaci\u00f3n m\u00f3vil con paneles de control compatibles.<\/li>\n<li class=\"ql-align-justify\">Notificaci\u00f3n personal por medio de SMS para paneles de control compatibles.<\/li>\n<\/ul>\n<p class=\"ql-align-justify\">El B443 est\u00e1 pensado para una amplia gama de aplicaciones comerciales e industriales relacionadas con la seguridad. Las funciones de supervisi\u00f3n flexible de la ruta de comunicaci\u00f3n, el cifrado AES de 128 bits a 256 bits y la antisustituci\u00f3n convierten al B443 en la opci\u00f3n m\u00e1s atractiva para aplicaciones de alta seguridad y de control de incendios.<\/p>\n<p class=\"ql-align-justify\"><strong>Funciones b\u00e1sicas<\/strong><\/p>\n<p class=\"ql-align-justify\">Comunicaci\u00f3n IP a trav\u00e9s de m\u00f3vil El B443 usa el protocolo IP Conettix, SIA DC-09 UDP y CVS-IP en los paneles de control compatibles y admite:<\/p>\n<ul>\n<li class=\"ql-align-justify\">Intervalos de sondeo flexibles.<\/li>\n<li class=\"ql-align-justify\">Resistencia ante ataques de denegaci\u00f3n de servicio.<\/li>\n<li class=\"ql-align-justify\">Teclas de antirreproducci\u00f3n y antisustituci\u00f3n mediante el uso de Conettix<\/li>\n<\/ul>\n<p class=\"ql-align-justify\"><strong>Instalaci\u00f3n, detecci\u00f3n y soluci\u00f3n de problemas y mantenimiento sencillos<\/strong><\/p>\n<ul>\n<li class=\"ql-align-justify\">No se requiere la presencia in situ de un experto en redes (no es necesario configurar router ni cortafuegos).<\/li>\n<li class=\"ql-align-justify\">No se necesitan herramientas especiales ni inform\u00e1ticas para la instalaci\u00f3n y la detecci\u00f3n y soluci\u00f3n de problemas.<\/li>\n<li class=\"ql-align-justify\">Indicadores LED de diagn\u00f3stico.<\/li>\n<\/ul>\n<p class=\"ql-align-justify\"><strong>Programaci\u00f3n remota de paneles de control Bosch<\/strong><\/p>\n<p class=\"ql-align-justify\">El B443 es compatible con la programaci\u00f3n remota segura de los paneles de control de Bosch compatibles.<\/p>\n<p class=\"ql-align-justify\"><strong>Notificaci\u00f3n y control personal<\/strong><\/p>\n<p class=\"ql-align-justify\">En los paneles de control compatibles, el B443 admite la aplicaci\u00f3n m\u00f3vil Bosch Remote Security Control y se puede configurar para enviar informes de notificaci\u00f3n personal a trav\u00e9s de SMS a tel\u00e9fonos m\u00f3viles o direcciones de correo electr\u00f3nico.<\/p>\n<p class=\"ql-align-justify\"><strong>Piezas incluidas<\/strong><\/p>\n<p class=\"ql-align-justify\"><strong>Cantidad de Componente<\/strong><\/p>\n<ul>\n<li class=\"ql-align-justify\">1 B443 Conettix Plug-in HSPA+ Cellular Communicator.<\/li>\n<li class=\"ql-align-justify\">1 Antena.<\/li>\n<li class=\"ql-align-justify\">1 Paquete de documentaci\u00f3n.<\/li>\n<\/ul>\n<p class=\"ql-align-justify\"><strong>Nota: El B443 Comunicador para m\u00f3vil conectable, HSPA+ Comunicador m\u00f3vil multifunci\u00f3n 3G\/4G que ofrece comunicaci\u00f3n por IP mediante una red m\u00f3vil GPRS\/ EDGE\/UMTS\/HSPA+.<\/strong><\/p>\n<p class=\"ql-align-justify\"><strong>N\u00famero de pedido: B443<\/strong><\/p>\n<p class=\"ql-align-justify\"><strong>Principales caracter\u00edsticas<\/strong><\/p>\n<ul>\n<li class=\"ql-align-justify\">Programaci\u00f3n remota y supervisi\u00f3n de paneles de control de Bosch compatibles.<\/li>\n<li class=\"ql-align-justify\">Se configura directamente desde el software de programaci\u00f3n remota de Bosch, lo que elimina la necesidad de una configuraci\u00f3n independiente.<\/li>\n<\/ul>\n<p class=\"ql-align-justify\"><strong>Especificaciones<\/strong><\/p>\n<p class=\"ql-align-justify\"><strong>El\u00e9ctricas<\/strong><\/p>\n<p class=\"ql-align-justify\"><strong>Corriente (en funcionamiento)<\/strong><\/p>\n<ul>\n<li class=\"ql-align-justify\">En reposo: 35 mA Alarma: 150 mA.<\/li>\n<li class=\"ql-align-justify\">Tensi\u00f3n (funcionamiento): 12 VCC nominal.<\/li>\n<\/ul>\n<p class=\"ql-align-justify\"><strong>Mec\u00e1nicas<\/strong><\/p>\n<ul>\n<li class=\"ql-align-justify\">Dimensiones de la placa 50 mm x 93,5 mm x 15,25 mm (2 pulg. x 3,68 pulg. x 0,60 pulg.) Antena (incluida).<\/li>\n<li class=\"ql-align-justify\">Omnidireccional de base magn\u00e9tica.<\/li>\n<li class=\"ql-align-justify\">Cable de 2,5 m (8,2 pies) con conector SMA.<\/li>\n<li class=\"ql-align-justify\">Tarjeta SIM: Es un SIM de 3 V\/1,8 V (compatible con la recomendaci\u00f3n GSM 11.12).<\/li>\n<\/ul>\n<p class=\"ql-align-justify\"><strong>Ambientales<\/strong><\/p>\n<ul>\n<li class=\"ql-align-justify\">Temperatura de funcionamiento: De -10 \u00b0C a +55 \u00b0C (de +14 \u00b0F a +131 \u00b0F).<\/li>\n<li class=\"ql-align-justify\">Humedad relativa 5 &#8211; 93 % a +32 \u00b0C (+90 \u00b0F), sin condensaci\u00f3n.<\/li>\n<li class=\"ql-align-justify\">Clase ambiental III.<\/li>\n<li class=\"ql-align-justify\">Consumo Interiores.<\/li>\n<li class=\"ql-align-justify\">Certificaci\u00f3n: US Certificado de desarrollo abierto Certificaci\u00f3n de Canad\u00e1.<\/li>\n<li class=\"ql-align-justify\">Certificaci\u00f3n: Rogers Certificaci\u00f3n de Am\u00e9rica del Norte Certificaci\u00f3n PTCRB.<\/li>\n<li class=\"ql-align-justify\">Certificaci\u00f3n: CE EN50130-4, EN61000-6-3, EN60950.<\/li>\n<\/ul>\n<p><img decoding=\"async\" class=\"overview-center-img-web\" src=\"https:\/\/tvc.mx\/media\/36588\/Logoopaginas-oficial-1920x400.png\" alt=\"\" \/><\/p>\n","protected":false},"excerpt":{"rendered":"<p>B443 Comunicador para m\u00f3vil conectable, HSPA+ Comunicador m\u00f3vil multifunci\u00f3n 3G\/4G El B443 ofrece comunicaci\u00f3n por IP 3G\/4G mediante una red m\u00f3vil GPRS\/EDGE\/ UMTS\/HSPA+ enchuf\u00e1ndolo a un Bosch panel de control o B450 Conettix Plug-in Communicator Interface compatible. Las aplicaciones habituales son: Notificaci\u00f3n de alarma a&hellip;<\/p>\n","protected":false},"featured_media":3146,"comment_status":"open","ping_status":"closed","template":"","meta":{"om_disable_all_campaigns":false,"_monsterinsights_skip_tracking":false,"_monsterinsights_sitenote_active":false,"_monsterinsights_sitenote_note":"","_monsterinsights_sitenote_category":0},"product_brand":[],"product_cat":[215],"product_tag":[212,211,151],"class_list":{"0":"post-3147","1":"product","2":"type-product","3":"status-publish","4":"has-post-thumbnail","6":"product_cat-accesorios-alarmas-alarmas-bosch","7":"product_tag-alarmas","8":"product_tag-alarmas-e-intrusion","9":"product_tag-seguridad","11":"first","12":"instock","13":"sale","14":"taxable","15":"shipping-taxable","16":"purchasable","17":"product-type-simple"},"aioseo_notices":[],"_links":{"self":[{"href":"https:\/\/tecsecmty.com\/index.php\/wp-json\/wp\/v2\/product\/3147","targetHints":{"allow":["GET"]}}],"collection":[{"href":"https:\/\/tecsecmty.com\/index.php\/wp-json\/wp\/v2\/product"}],"about":[{"href":"https:\/\/tecsecmty.com\/index.php\/wp-json\/wp\/v2\/types\/product"}],"replies":[{"embeddable":true,"href":"https:\/\/tecsecmty.com\/index.php\/wp-json\/wp\/v2\/comments?post=3147"}],"version-history":[{"count":0,"href":"https:\/\/tecsecmty.com\/index.php\/wp-json\/wp\/v2\/product\/3147\/revisions"}],"wp:featuredmedia":[{"embeddable":true,"href":"https:\/\/tecsecmty.com\/index.php\/wp-json\/wp\/v2\/media\/3146"}],"wp:attachment":[{"href":"https:\/\/tecsecmty.com\/index.php\/wp-json\/wp\/v2\/media?parent=3147"}],"wp:term":[{"taxonomy":"product_brand","embeddable":true,"href":"https:\/\/tecsecmty.com\/index.php\/wp-json\/wp\/v2\/product_brand?post=3147"},{"taxonomy":"product_cat","embeddable":true,"href":"https:\/\/tecsecmty.com\/index.php\/wp-json\/wp\/v2\/product_cat?post=3147"},{"taxonomy":"product_tag","embeddable":true,"href":"https:\/\/tecsecmty.com\/index.php\/wp-json\/wp\/v2\/product_tag?post=3147"}],"curies":[{"name":"wp","href":"https:\/\/api.w.org\/{rel}","templated":true}]}}