{"id":3155,"date":"2023-02-23T00:14:58","date_gmt":"2023-02-23T06:14:58","guid":{"rendered":"https:\/\/tecsecmty.com\/index.php\/producto\/bosch-i_b901-modulo-de-control-de-acceso-compatible-con-panel-b8512g-y-b9512g-pemite-integrar-lectoras-a-panel-de-intr-ultimaspiezas-guadalupereyes-ofertasaaa\/"},"modified":"2023-03-22T23:21:19","modified_gmt":"2023-03-23T05:21:19","slug":"bosch-i_b901-modulo-de-control-de-acceso-compatible-con-panel-b8512g-y-b9512g-pemite-integrar-lectoras-a-panel-de-intr-ultimaspiezas-guadalupereyes-ofertasaaa","status":"publish","type":"product","link":"https:\/\/tecsecmty.com\/index.php\/producto\/bosch-i_b901-modulo-de-control-de-acceso-compatible-con-panel-b8512g-y-b9512g-pemite-integrar-lectoras-a-panel-de-intr-ultimaspiezas-guadalupereyes-ofertasaaa\/","title":{"rendered":"BOSCH I_B901 &#8211; Modulo de control de acceso compatible con panel B8512G y B9512G \/ PEMITE Integrar lectoras a panel de INTR #ultimaspiezas #GuadalupeReyes #OfertasAAA"},"content":{"rendered":"<div class=\"row aling-items-center padding-bottom-2x\">\n<div class=\"col-lg-12\">\n<h5 class=\"card-title text-center\">B901 Controlador de puerta, SDI2<\/h5>\n<p>&nbsp;<\/p>\n<p><img decoding=\"async\" class=\"overview-center-img-web\" src=\"https:\/\/tvc.mx\/media\/92345\/Logoopaginas-oficial-1920x400.png\" alt=\"\" \/><\/div>\n<\/div>\n<div class=\"row align-items-center padding-bottom-2x\">\n<div class=\"col-md-5\"><img decoding=\"async\" class=\"d-block m-auto img-thumbnail\" src=\"https:\/\/tvc.mx\/media\/92349\/B901config5.png\" alt=\" \" \/><\/div>\n<div class=\"col-md-7 text-md-left text-center\">\n<h2>Resumen del sistema<\/h2>\n<p class=\"text-muted\">\n<p class=\"ql-align-justify\">El B901 m\u00f3dulo de interfaz de control de acceso es un dispositivo de bus direccionable SDI\/SDI2, totalmente supervisado que permite la integraci\u00f3n del control de acceso a los paneles de control compatibles de Bosch. Este m\u00f3dulo ofrece 14 niveles programables de autoridad de acceso. La autoridad para acceder se controla en funci\u00f3n del usuario, el grupo del usuario, la hora del d\u00eda, el estado de la puerta y el estado de armado o desarmado (activado\/desactivado) del \u00e1rea. Controla cada una de las restricciones de la autoridad a trav\u00e9s de funciones autom\u00e1ticas y manuales. Una puerta liberada autom\u00e1ticamente por el panel de control requerir\u00e1 un reenganche manual para volver a la normalidad. En combinaci\u00f3n con un sistema de Incendios\/ Intrusi\u00f3n, el B901 no deber\u00eda utilizarse para bloquear puertas usadas como salidas de emergencia a menos que dichas puertas tengan un mecanismo de liberaci\u00f3n mec\u00e1nico.<\/p>\n<p>&nbsp;<\/p>\n<\/div>\n<\/div>\n<hr class=\"padding-bottom-2x\" \/>\n<div class=\"row align-items-center padding-bottom-2x\">\n<div class=\"col-md-5 order-md-2\"><img decoding=\"async\" class=\"d-block m-auto img-thumbnail\" src=\"https:\/\/tvc.mx\/media\/92353\/B901config8.png\" alt=\" \" \/><\/div>\n<div class=\"col-md-7 order-md-1 text-md-left text-center\">\n<h2>Funciones b\u00e1sicas<\/h2>\n<p class=\"text-muted\">\n<p class=\"ql-align-justify\">Entrada de lector<\/p>\n<ul>\n<li class=\"ql-align-justify\">Interfaz Weigand de 5 hilos est\u00e1ndar.<\/li>\n<li class=\"ql-align-justify\">Suministro de +5 VCC o +12 VCC para alimentar a los lectores.<\/li>\n<li class=\"ql-align-justify\">Salida de colector abierto para el LED del lector.<\/li>\n<\/ul>\n<p class=\"ql-align-justify\"><strong>Entradas no supervisadas<\/strong><\/p>\n<ul>\n<li class=\"ql-align-justify\">Sabotaje. Admite dispositivos normalmente abiertos.<\/li>\n<li class=\"ql-align-justify\">REX. Admite dispositivos normalmente abiertos.<\/li>\n<\/ul>\n<p class=\"ql-align-justify\"><strong>Solicitud de salida (REX) al cortocircuitar.<\/strong><\/p>\n<ul>\n<li class=\"ql-align-justify\">RTE. Admite dispositivos normalmente abiertos.<\/li>\n<\/ul>\n<p class=\"ql-align-justify\"><strong>Solicitud de entrada (RTE) al cortocircuitar.<\/strong><\/p>\n<ul>\n<li class=\"ql-align-justify\">Entrada supervisada \u2022 Resistencia de fin de l\u00ednea de 1 k\u03a9.<\/li>\n<li class=\"ql-align-justify\">Se utiliza para el contacto de puerta.<\/li>\n<\/ul>\n<p class=\"ql-align-justify\"><strong>Estados de puerta<\/strong><\/p>\n<p class=\"ql-align-justify\">Los cuatro estados de puerta se controlan mediante el teclado, RPS (Remote Programming Software), calendarios programados (SKED) y funciones autom\u00e1ticas programables en los par\u00e1metros del controlador de la puerta:<\/p>\n<ul>\n<li class=\"ql-align-justify\">Bloqueada. El rel\u00e9 de bloqueo se puede desactivar (se permite abrir la puerta) con una credencial v\u00e1lida o entrada de REX\/RTE.<\/li>\n<li class=\"ql-align-justify\">Desbloqueada. El rel\u00e9 de bloqueo se mantiene en estado desactivado para permitir el acceso sin necesidad de credenciales.<\/li>\n<li class=\"ql-align-justify\">Protegida. Se activa el rel\u00e9 de bloqueo y no se permite el acceso incluso con una credencial v\u00e1lida (el desbloqueo por incendio anula esta opci\u00f3n).<\/li>\n<li class=\"ql-align-justify\">Desbloqueo por incendio. El rel\u00e9 de bloqueo se mantiene en estado desactivado durante una alarma de incendio. Esto permite entrar y salir libremente del edificio durante una emergencia.<\/li>\n<\/ul>\n<p class=\"ql-align-justify\"><strong>Dos funciones autom\u00e1ticas vinculan el estado de la puerta con el estado de armado de la zona:<\/strong><\/p>\n<ul>\n<li class=\"ql-align-justify\">Puerta autom\u00e1tica. Cuando el \u00e1rea est\u00e1 desactivada (desarmada), el estado de la puerta cambia a \u00abDesbloqueada\u00bb.<\/li>\n<li class=\"ql-align-justify\">Desarmar al abrir. Con esta funci\u00f3n configurada como \u00abS\u00ed\u00bb, un usuario con derechos de acceso v\u00e1lidos activa el cierre y desactiva (desarma) el sistema despu\u00e9s de abrir la puerta. Con esta funci\u00f3n como \u00abNo\u00bb, el \u00e1rea se desactiva (desarma) al activar el cierre.<\/li>\n<\/ul>\n<p class=\"ql-align-justify\"><strong>Indicadores<\/strong><\/p>\n<ul>\n<li class=\"ql-align-justify\">LED de latido. El LED azul parpadea cuando el sistema est\u00e1 operativo. Una secuencia de tresparpadeos r\u00e1pidos indica un error del sistema.<\/li>\n<li class=\"ql-align-justify\">LED de lector. El parpadeo r\u00e1pido del LED indica que se est\u00e1n recibiendo datos de la tarjeta. Si el LED est\u00e1 apagado, no se est\u00e1 recibiendo ning\u00fan dato de ninguna tarjeta.<\/li>\n<\/ul>\n<p>&nbsp;<\/p>\n<\/div>\n<\/div>\n<hr class=\"padding-bottom-2x\" \/>\n<div class=\"row align-items-center padding-bottom-2x\">\n<div class=\"col-md-5\"><img decoding=\"async\" class=\"d-block m-auto img-thumbnail\" src=\"https:\/\/tvc.mx\/media\/92357\/B901config6.png\" alt=\" \" \/><\/div>\n<div class=\"col-md-7 text-md-left text-center\">\n<h2>Notas de configuraci\u00f3n\/instalaci\u00f3n<\/h2>\n<p class=\"text-muted\">\n<p>El m\u00f3dulo de interfaz de control de accesos B901 se programa individualmente mediante el panel de control. El m\u00f3dulo es compatible con varios modelos de credenciales y lectores.<\/p>\n<p><strong>Nota: No todos los productos y funciones est\u00e1n disponibles en todas las regiones. Consulte los detalles de disponibilidad a su representante local de Bosch.<\/strong><\/p>\n<p><strong>Compatibilidad Lectores y accesorios de Bosch<\/strong><\/p>\n<ul>\n<li>ARD-AYJ12 EM Prox Mullion.<\/li>\n<li>ARD-MINIPROX ARD-PROX-PPL.<\/li>\n<li>ARD-SER90-WI ARD-SER40-WI.<\/li>\n<li>ARD-SER10-WI.<\/li>\n<li>Soporte para pared D8223-ID Prox.<\/li>\n<li>Marco D8224 HID Prox.<\/li>\n<li>Lector de tarjetas D8224\u2011SP de bajo perfil, HIDprox.<\/li>\n<li>Marco mini D8225 HID Prox.<\/li>\n<li>Lector D8229 PIN.<\/li>\n<\/ul>\n<p><strong>Tarjetas y testigos de Bosch<\/strong><\/p>\n<ul>\n<li>Testigos ACA-ATR13 EM.<\/li>\n<li>Tarjetas ACD-ATR11ISO EM.<\/li>\n<li>Tarjetas concha ACD-ATR14CS EM.<\/li>\n<li>Tarjetas ACD-IC2K26-50 iClass.<\/li>\n<li>Testigos ACT-IC2K26-10 iClass.<\/li>\n<li>Tarjetas D8236\u201110 HID Prox.<\/li>\n<li>Testigos D8236KF\u201110 HID Prox.<\/li>\n<\/ul>\n<p>&nbsp;<\/p>\n<\/div>\n<\/div>\n<hr class=\"padding-bottom-2x\" \/>\n<div class=\"row align-items-center padding-bottom-2x\">\n<div class=\"col-md-5\"><img decoding=\"async\" class=\"d-block m-auto img-thumbnail\" src=\"https:\/\/tvc.mx\/media\/92361\/B901config7.png\" alt=\" \" \/><\/div>\n<div class=\"col-md-7 text-md-left text-center\">\n<h2>Caracter\u00edsticas y Especificaciones<\/h2>\n<p class=\"text-muted\">\n<p class=\"ql-align-justify\"><strong>Nota: B901 Controlador de puerta, SDI2<\/strong><\/p>\n<p class=\"ql-align-justify\"><strong>Dispositivo de bus SDI2\/SDI direccionable totalmente supervisado que permite integrar el control de accesos en los paneles de control G Series y B Series de Bosch.<\/strong><\/p>\n<p class=\"ql-align-justify\"><strong>N\u00famero de pedido: B901<\/strong><\/p>\n<p class=\"ql-align-justify\"><strong>Principales caracter\u00edsticas<\/strong><\/p>\n<ul>\n<li class=\"ql-align-justify\">Interfaz directa con lectores de tarjetas Wiegand compatibles.<\/li>\n<li class=\"ql-align-justify\">Salida de zumbador integrada en placa y puntos integrados en placa supervisados.<\/li>\n<li class=\"ql-align-justify\">Las entradas de petici\u00f3n de salida y petici\u00f3n de entrada pueden tener una opci\u00f3n de solo derivaci\u00f3n.<\/li>\n<li class=\"ql-align-justify\">Cuatro estados de puerta: bloqueada, desbloqueada, protegida, desbloqueada por incendio.<\/li>\n<li class=\"ql-align-justify\">Compatibilidad con SDI2 y SDI.<\/li>\n<\/ul>\n<p class=\"ql-align-justify\"><strong>Especificaciones<\/strong><\/p>\n<p class=\"ql-align-justify\"><strong>Consideraciones medioambientales<\/strong><\/p>\n<ul>\n<li class=\"ql-align-justify\">Humedad relativa: De 5% a 93% a +32\u00b0C (+90\u00b0F).<\/li>\n<li class=\"ql-align-justify\">Temperatura (en funcionamiento): De 0\u00b0C a +49\u00b0C (de +32\u00b0F a +120\u00b0F).<\/li>\n<\/ul>\n<p class=\"ql-align-justify\"><strong>Propiedades<\/strong><\/p>\n<ul>\n<li class=\"ql-align-justify\">Dimensiones 2,9 pulg. x 5,0 pulg. x 0,6 pulg. (73,5 mm x 127 mm x 15,25 mm).<\/li>\n<\/ul>\n<p class=\"ql-align-justify\"><strong>Requisitos de alimentaci\u00f3n<\/strong><\/p>\n<ul>\n<li class=\"ql-align-justify\">Corriente En espera: 110 mA + corriente del lector Alarma: 110 mA + corriente del lector Salida (alarma).<\/li>\n<li class=\"ql-align-justify\">Rel\u00e9 de tipo C (COM, NC, NA) a 12\/24 V a 2,0 A.<\/li>\n<li class=\"ql-align-justify\">Tensi\u00f3n (entrada) 12 VCC nominales.<\/li>\n<\/ul>\n<p class=\"ql-align-justify\">Cableado<\/p>\n<ul>\n<li class=\"ql-align-justify\">Tama\u00f1o del cable del terminal: De 18 AWG a 22 AWG (1,02 mm a 0,65 mm).<\/li>\n<li class=\"ql-align-justify\">Cableado de SDI2\/SDI a B901 + lector con fuente de alimentaci\u00f3n externa.<\/li>\n<li class=\"ql-align-justify\">Distancia m\u00e1xima: tama\u00f1o del cable (solo cable sin blindaje): 305 m (1000 pies) &#8211; 22 AWG (0,65 mm), 762 m (2500 pies) &#8211; 18 AWG (1,02 mm).<\/li>\n<li class=\"ql-align-justify\">Cableado de SDI2\/SDI a B901 + lector desde el panel de control 61 m (175 pies) &#8211; 22 AWG (0,65 mm), 152 m (500 pies) \u2013 18 AWG (1,02 mm).<\/li>\n<li class=\"ql-align-justify\">Distancia de cableado del B901 al lector 61 m (200 pies) &#8211; 22 AWG (0,65 mm), 152 m (500 pies) &#8211; 18 AWG (1,02 mm), en funci\u00f3n de los lectores.<\/li>\n<\/ul>\n<\/div>\n<\/div>\n","protected":false},"excerpt":{"rendered":"<p>B901 Controlador de puerta, SDI2 &nbsp; Resumen del sistema El B901 m\u00f3dulo de interfaz de control de acceso es un dispositivo de bus direccionable SDI\/SDI2, totalmente supervisado que permite la integraci\u00f3n del control de acceso a los paneles de control compatibles de Bosch. Este m\u00f3dulo&hellip;<\/p>\n","protected":false},"featured_media":3154,"comment_status":"open","ping_status":"closed","template":"","meta":{"om_disable_all_campaigns":false,"_monsterinsights_skip_tracking":false,"_monsterinsights_sitenote_active":false,"_monsterinsights_sitenote_note":"","_monsterinsights_sitenote_category":0},"product_brand":[],"product_cat":[215],"product_tag":[212,211,151],"class_list":{"0":"post-3155","1":"product","2":"type-product","3":"status-publish","4":"has-post-thumbnail","6":"product_cat-accesorios-alarmas-alarmas-bosch","7":"product_tag-alarmas","8":"product_tag-alarmas-e-intrusion","9":"product_tag-seguridad","11":"first","12":"instock","13":"sale","14":"taxable","15":"shipping-taxable","16":"purchasable","17":"product-type-simple"},"aioseo_notices":[],"_links":{"self":[{"href":"https:\/\/tecsecmty.com\/index.php\/wp-json\/wp\/v2\/product\/3155","targetHints":{"allow":["GET"]}}],"collection":[{"href":"https:\/\/tecsecmty.com\/index.php\/wp-json\/wp\/v2\/product"}],"about":[{"href":"https:\/\/tecsecmty.com\/index.php\/wp-json\/wp\/v2\/types\/product"}],"replies":[{"embeddable":true,"href":"https:\/\/tecsecmty.com\/index.php\/wp-json\/wp\/v2\/comments?post=3155"}],"version-history":[{"count":0,"href":"https:\/\/tecsecmty.com\/index.php\/wp-json\/wp\/v2\/product\/3155\/revisions"}],"wp:featuredmedia":[{"embeddable":true,"href":"https:\/\/tecsecmty.com\/index.php\/wp-json\/wp\/v2\/media\/3154"}],"wp:attachment":[{"href":"https:\/\/tecsecmty.com\/index.php\/wp-json\/wp\/v2\/media?parent=3155"}],"wp:term":[{"taxonomy":"product_brand","embeddable":true,"href":"https:\/\/tecsecmty.com\/index.php\/wp-json\/wp\/v2\/product_brand?post=3155"},{"taxonomy":"product_cat","embeddable":true,"href":"https:\/\/tecsecmty.com\/index.php\/wp-json\/wp\/v2\/product_cat?post=3155"},{"taxonomy":"product_tag","embeddable":true,"href":"https:\/\/tecsecmty.com\/index.php\/wp-json\/wp\/v2\/product_tag?post=3155"}],"curies":[{"name":"wp","href":"https:\/\/api.w.org\/{rel}","templated":true}]}}