{"id":3157,"date":"2023-02-23T00:15:01","date_gmt":"2023-02-23T06:15:01","guid":{"rendered":"https:\/\/tecsecmty.com\/index.php\/producto\/bosch-i_b915-teclado-para-paneles-serie-b\/"},"modified":"2023-03-22T23:21:19","modified_gmt":"2023-03-23T05:21:19","slug":"bosch-i_b915-teclado-para-paneles-serie-b","status":"publish","type":"product","link":"https:\/\/tecsecmty.com\/index.php\/producto\/bosch-i_b915-teclado-para-paneles-serie-b\/","title":{"rendered":"BOSCH I_B915 &#8211; Teclado para paneles serie b"},"content":{"rendered":"<div class=\"row aling-items-center padding-bottom-2x\">\n<div class=\"col-lg-12\">\n<h5 class=\"card-title text-center\">Teclados b\u00e1sicos B915<\/h5>\n<p>&nbsp;<\/p>\n<p><img decoding=\"async\" class=\"overview-center-img-web\" src=\"https:\/\/tvc.mx\/media\/92409\/Logoopaginas-oficial-1920x400.png\" alt=\"\" \/><\/div>\n<\/div>\n<div class=\"row align-items-center padding-bottom-2x\">\n<div class=\"col-md-5\"><img decoding=\"async\" class=\"d-block m-auto img-thumbnail\" src=\"https:\/\/tvc.mx\/media\/92413\/B915config5.png\" alt=\" \" \/><\/div>\n<div class=\"col-md-7 text-md-left text-center\">\n<h2>Resumen del sistema<\/h2>\n<p class=\"text-muted\">\n<p>El teclado b\u00e1sico B915\/B915I es un dispositivo compatible con el bus SDI2. Todos los teclados tiene opciones ajustables de usuario, como el brillo de la pantalla y el volumen. El teclado muestra mensajes del sistema en dos l\u00edneas para todas las \u00e1reas.<\/p>\n<p>Idiomas de teclado<\/p>\n<p>Los idiomas siguientes est\u00e1n disponibles:<\/p>\n<ul>\n<li>Ingl\u00e9s.<\/li>\n<li>Chino.<\/li>\n<li>Holand\u00e9s.<\/li>\n<li>Franc\u00e9s.<\/li>\n<li>Alem\u00e1n.<\/li>\n<li>Griego.<\/li>\n<li>Italiano.<\/li>\n<li>H\u00fangaro.<\/li>\n<li>Polaco.<\/li>\n<li>Portugu\u00e9s.<\/li>\n<li>Espa\u00f1ol.<\/li>\n<li>Sueco.<\/li>\n<\/ul>\n<p>&nbsp;<\/p>\n<\/div>\n<\/div>\n<hr class=\"padding-bottom-2x\" \/>\n<div class=\"row align-items-center padding-bottom-2x\">\n<div class=\"col-md-5 order-md-2\"><img decoding=\"async\" class=\"d-block m-auto img-thumbnail\" src=\"https:\/\/tvc.mx\/media\/92417\/B915config6.png\" alt=\" \" \/><\/div>\n<div class=\"col-md-7 order-md-1 text-md-left text-center\">\n<h2>Descripci\u00f3n del sistema<\/h2>\n<p class=\"text-muted\">\n<ul>\n<li>Para uso comercial, instale el teclado en las entradas de los edificios y \u00e1reas accesibles sin restricciones. Montar un teclado cerca de las puertas exteriores en los vest\u00edbulos de hoteles o empresas permite a los usuarios identificar el tipo y la ubicaci\u00f3n de la emergencia.<\/li>\n<li>Para uso residencial, instale el teclado cerca de las entradas delantera y trasera a la vivienda. Instale teclados adicionales en la cocina o en una habitaci\u00f3n.<\/li>\n<li>En edificios de gran tama\u00f1o con muchas de las distintas \u00e1reas de seguridad, utilice varios teclados. Programe varios teclados para controlar varias \u00e1reas.<\/li>\n<li>Los tonos audibles del zumbador del teclado alertan al personal de eventos de incendio y ayudan a los bomberos a ubicar el teclado.<\/li>\n<\/ul>\n<p>&nbsp;<\/p>\n<\/div>\n<\/div>\n<hr class=\"padding-bottom-2x\" \/>\n<div class=\"row align-items-center padding-bottom-2x\">\n<div class=\"col-md-5\"><img decoding=\"async\" class=\"d-block m-auto img-thumbnail\" src=\"https:\/\/tvc.mx\/media\/92421\/B915config7.png\" alt=\" \" \/><\/div>\n<div class=\"col-md-7 text-md-left text-center\">\n<h2>Funciones b\u00e1sicas<\/h2>\n<p class=\"text-muted\">\n<p><strong>Pantalla LCD<\/strong><\/p>\n<p>El teclado utiliza s\u00edmbolos, n\u00fameros y palabras para mostrar el estado del sistema de seguridad. Cuando se produce m\u00e1s de un evento, el teclado muestra cada evento por orden de prioridad.<\/p>\n<p><strong>Teclas<\/strong><\/p>\n<p>Cada teclado tiene 10 teclas num\u00e9ricas y 5 teclas de funci\u00f3n y de navegaci\u00f3n. Al pulsarlas, las teclas encienden la retroiluminaci\u00f3n del teclado y emiten el tono de pulsaci\u00f3n (un pitido corto).<\/p>\n<p><strong>Tonos audibles<\/strong><\/p>\n<p>El teclado tiene un zumbador incorporado que genera varios tonos audibles de advertencia distintos. Cada tono audible suena de forma distinta, por lo que los usuarios pueden reconocer un evento por su tono espec\u00edfico.<\/p>\n<p>&nbsp;<\/p>\n<\/div>\n<\/div>\n<hr class=\"padding-bottom-2x\" \/>\n<div class=\"row align-items-center padding-bottom-2x\">\n<div class=\"col-md-5 order-md-2\"><img decoding=\"async\" class=\"d-block m-auto img-thumbnail\" src=\"https:\/\/tvc.mx\/media\/92425\/B915config8.png\" alt=\" \" \/><\/div>\n<div class=\"col-md-7 order-md-1 text-md-left text-center\">\n<h2>Notas de configuraci\u00f3n\/instalaci\u00f3n<\/h2>\n<p class=\"text-muted\">\n<p class=\"ql-align-justify\"><strong>Consideraciones para el montaje<\/strong><\/p>\n<p class=\"ql-align-justify\">Instalar en ubicaciones secas en el interior.<\/p>\n<p class=\"ql-align-justify\"><strong>Fuente de alimentaci\u00f3n<\/strong><\/p>\n<p class=\"ql-align-justify\">Un panel de control compatible suministra la alimentaci\u00f3n y los datos necesarios al teclado mediante una conexi\u00f3n de cuatro cables.<\/p>\n<p class=\"ql-align-justify\"><strong>Caja y cableado<\/strong><\/p>\n<p class=\"ql-align-justify\">Incluye una placa de montaje delgada para cableado empotrado. Paneles de control compatibles B9512G\/B9512G-E B8512G\/B8512G-E B6512 B5512\/B5512E con firmware v2.03 y superior B4512\/B4512E con firmware v2.03 y superior B3512\/B3512E con firmware v2.03 y superior D9412GV4\/D7412GV4 v2.03 y superior.<\/p>\n<p>&nbsp;<\/p>\n<\/div>\n<\/div>\n<hr class=\"padding-bottom-2x\" \/>\n<div class=\"row align-items-center padding-bottom-2x\">\n<div class=\"col-md-5\"><img decoding=\"async\" class=\"d-block m-auto img-thumbnail\" src=\"https:\/\/tvc.mx\/media\/92429\/B915config9.png\" alt=\" \" \/><\/div>\n<div class=\"col-md-7 text-md-left text-center\">\n<h2>Caracter\u00edsticas y Especificaciones<\/h2>\n<p class=\"text-muted\">\n<p class=\"ql-align-justify\"><strong>Nota:\u00a0<\/strong>B915 Teclado LCD, teclas en ingl\u00e9s, SDI2<\/p>\n<p class=\"ql-align-justify\">Teclado b\u00e1sico alfanum\u00e9rico de dos l\u00edneas con teclas de funci\u00f3n seg\u00fan idioma. Los idiomas disponibles son: ingl\u00e9s, chino, holand\u00e9s, franc\u00e9s, alem\u00e1n, griego, italiano, h\u00fangaro, polaco, portugu\u00e9s, espa\u00f1ol, sueco.<\/p>\n<p class=\"ql-align-justify\">N\u00famero de pedido: B915<\/p>\n<p class=\"ql-align-justify\"><strong>Principales caracter\u00edsticas<\/strong><\/p>\n<ul>\n<li class=\"ql-align-justify\">Pantalla LCD de 2 l\u00edneas.<\/li>\n<li class=\"ql-align-justify\">Indicadores de estado armado\/listo para armar\/ total\/parcial, problema y alimentaci\u00f3n.<\/li>\n<li class=\"ql-align-justify\">Dise\u00f1o de chasis y placa de base de montaje separados.<\/li>\n<li class=\"ql-align-justify\">Disponible con teclas de funci\u00f3n en ingl\u00e9s o teclas de funci\u00f3n con iconos.<\/li>\n<\/ul>\n<p class=\"ql-align-justify\"><strong>Especificaciones<\/strong><\/p>\n<p class=\"ql-align-justify\"><strong>Cableado<\/strong><\/p>\n<p class=\"ql-align-justify\">Cables de terminales: De 1,02 mm a 0,65 mm (de 18 AWG a 22 AWG).<\/p>\n<p class=\"ql-align-justify\"><strong>Consideraciones ambientales<\/strong><\/p>\n<p class=\"ql-align-justify\">Humedad relativa: Del 5 % al 93 % a +32 \u00b0C (+90 \u00b0F) sin condensaci\u00f3n.<\/p>\n<p class=\"ql-align-justify\">Temperatura (en funcionamiento): De 0 \u00b0C a +50 \u00b0C (de +32 \u00b0F a +122 \u00b0F).<\/p>\n<p class=\"ql-align-justify\"><strong>Teclado<\/strong><\/p>\n<ul>\n<li class=\"ql-align-justify\">Dimensiones: 139 mm x 118 mm x 23 mm (5,5 pulg. x 4,7 pulg. x 1 pulg.)<\/li>\n<li class=\"ql-align-justify\">Peso 0,30 kg (11,2 onzas).<\/li>\n<li class=\"ql-align-justify\">Material Acrilonitrilo butadieno estireno (ABS) Polimetilmetacrilato (PMMA).<\/li>\n<\/ul>\n<p class=\"ql-align-justify\"><strong>Ventana de visualizaci\u00f3n<\/strong><\/p>\n<ul>\n<li class=\"ql-align-justify\">Pantalla de 2 l\u00edneas 18 caracteres por l\u00ednea Indicadores.<\/li>\n<li class=\"ql-align-justify\">Teclas iluminadas Indicadores de estado.<\/li>\n<li class=\"ql-align-justify\">Tonos de advertencia e indicaci\u00f3n.<\/li>\n<\/ul>\n<p class=\"ql-align-justify\">Requisitos de alimentaci\u00f3n<\/p>\n<ul>\n<li class=\"ql-align-justify\">Corriente 35 mA en modo de espera 70 mA en modo de alarma.<\/li>\n<li class=\"ql-align-justify\">Tensi\u00f3n (entrada) 12 VCC nominales.<\/li>\n<\/ul>\n<\/div>\n<\/div>\n","protected":false},"excerpt":{"rendered":"<p>Teclados b\u00e1sicos B915 &nbsp; Resumen del sistema El teclado b\u00e1sico B915\/B915I es un dispositivo compatible con el bus SDI2. Todos los teclados tiene opciones ajustables de usuario, como el brillo de la pantalla y el volumen. El teclado muestra mensajes del sistema en dos l\u00edneas&hellip;<\/p>\n","protected":false},"featured_media":3156,"comment_status":"open","ping_status":"closed","template":"","meta":{"om_disable_all_campaigns":false,"_monsterinsights_skip_tracking":false,"_monsterinsights_sitenote_active":false,"_monsterinsights_sitenote_note":"","_monsterinsights_sitenote_category":0},"product_brand":[],"product_cat":[215],"product_tag":[212,211,151],"class_list":{"0":"post-3157","1":"product","2":"type-product","3":"status-publish","4":"has-post-thumbnail","6":"product_cat-accesorios-alarmas-alarmas-bosch","7":"product_tag-alarmas","8":"product_tag-alarmas-e-intrusion","9":"product_tag-seguridad","11":"first","12":"instock","13":"sale","14":"taxable","15":"shipping-taxable","16":"purchasable","17":"product-type-simple"},"aioseo_notices":[],"_links":{"self":[{"href":"https:\/\/tecsecmty.com\/index.php\/wp-json\/wp\/v2\/product\/3157","targetHints":{"allow":["GET"]}}],"collection":[{"href":"https:\/\/tecsecmty.com\/index.php\/wp-json\/wp\/v2\/product"}],"about":[{"href":"https:\/\/tecsecmty.com\/index.php\/wp-json\/wp\/v2\/types\/product"}],"replies":[{"embeddable":true,"href":"https:\/\/tecsecmty.com\/index.php\/wp-json\/wp\/v2\/comments?post=3157"}],"version-history":[{"count":0,"href":"https:\/\/tecsecmty.com\/index.php\/wp-json\/wp\/v2\/product\/3157\/revisions"}],"wp:featuredmedia":[{"embeddable":true,"href":"https:\/\/tecsecmty.com\/index.php\/wp-json\/wp\/v2\/media\/3156"}],"wp:attachment":[{"href":"https:\/\/tecsecmty.com\/index.php\/wp-json\/wp\/v2\/media?parent=3157"}],"wp:term":[{"taxonomy":"product_brand","embeddable":true,"href":"https:\/\/tecsecmty.com\/index.php\/wp-json\/wp\/v2\/product_brand?post=3157"},{"taxonomy":"product_cat","embeddable":true,"href":"https:\/\/tecsecmty.com\/index.php\/wp-json\/wp\/v2\/product_cat?post=3157"},{"taxonomy":"product_tag","embeddable":true,"href":"https:\/\/tecsecmty.com\/index.php\/wp-json\/wp\/v2\/product_tag?post=3157"}],"curies":[{"name":"wp","href":"https:\/\/api.w.org\/{rel}","templated":true}]}}