{"id":3159,"date":"2023-02-23T00:15:02","date_gmt":"2023-02-23T06:15:02","guid":{"rendered":"https:\/\/tecsecmty.com\/index.php\/producto\/bosch-i_b920-teclado-alfa-numerico-de-2-lineas-bus-sdi2\/"},"modified":"2023-03-22T23:21:19","modified_gmt":"2023-03-23T05:21:19","slug":"bosch-i_b920-teclado-alfa-numerico-de-2-lineas-bus-sdi2","status":"publish","type":"product","link":"https:\/\/tecsecmty.com\/index.php\/producto\/bosch-i_b920-teclado-alfa-numerico-de-2-lineas-bus-sdi2\/","title":{"rendered":"BOSCH I_B920 &#8211; Teclado alfa numerico de 2 lineas BUS SDI2"},"content":{"rendered":"<div class=\"row aling-items-center padding-bottom-2x\">\n<div class=\"col-lg-12\">\n<h5 class=\"card-title text-center\">B920 Teclado txt LCD con teclas funci\u00f3n, SDI2<\/h5>\n<p>&nbsp;<\/p>\n<p><img decoding=\"async\" class=\"overview-center-img-web\" src=\"https:\/\/tvc.mx\/media\/92473\/Logoopaginas-oficial-1920x400.png\" alt=\"\" \/><\/div>\n<\/div>\n<div class=\"row align-items-center padding-bottom-2x\">\n<div class=\"col-md-5\"><img decoding=\"async\" class=\"d-block m-auto img-thumbnail\" src=\"https:\/\/tvc.mx\/media\/92477\/B920coonfig8.png\" alt=\" \" \/><\/div>\n<div class=\"col-md-7 text-md-left text-center\">\n<h2>Resumen del sistema<\/h2>\n<p class=\"text-muted\">\n<p class=\"ql-align-justify\">El Teclado alfanum\u00e9rico de dos l\u00edneas (SDI2) B920 es un dispositivo compatible con el bus SDI2. Todos los teclados tiene opciones ajustables de usuario, como el brillo de la pantalla y el volumen. El B920 muestra mensajes del sistema en dos l\u00edneas para todas las \u00e1reas. Idiomas de teclado.<\/p>\n<p class=\"ql-align-justify\">Los idiomas disponibles son: ingl\u00e9s, holand\u00e9s, franc\u00e9s, alem\u00e1n, h\u00fangaro, italiano, portugu\u00e9s, espa\u00f1ol, sueco.<\/p>\n<p>&nbsp;<\/p>\n<\/div>\n<\/div>\n<hr class=\"padding-bottom-2x\" \/>\n<div class=\"row align-items-center padding-bottom-2x\">\n<div class=\"col-md-5 order-md-2\"><img decoding=\"async\" class=\"d-block m-auto img-thumbnail\" src=\"https:\/\/tvc.mx\/media\/92481\/B920coonfig5.png\" alt=\" \" \/><\/div>\n<div class=\"col-md-7 order-md-1 text-md-left text-center\">\n<h2>Descripci\u00f3n del sistema<\/h2>\n<p class=\"text-muted\">\n<ul>\n<li class=\"ql-align-justify\">Para uso comercial, instale el teclado en las entradas de los edificios y \u00e1reas accesibles sin restricciones. Montar un teclado cerca de las puertas exteriores en los vest\u00edbulos de hoteles o empresas permite a los usuarios identificar el tipo y la ubicaci\u00f3n de la emergencia.<\/li>\n<li class=\"ql-align-justify\">Para uso residencial, instale el teclado cerca de las entradas delantera y trasera a la vivienda. Instale teclados adicionales en la cocina o en una habitaci\u00f3n.<\/li>\n<li class=\"ql-align-justify\">En edificios de gran tama\u00f1o con muchas de las distintas \u00e1reas de seguridad, utilice varios teclados. Programe varios teclados para controlar varias \u00e1reas.<\/li>\n<li class=\"ql-align-justify\">Los tonos audibles del zumbador del teclado alertan al personal de eventos de incendio y ayudan a los bomberos a ubicar el teclado.<\/li>\n<\/ul>\n<p>&nbsp;<\/p>\n<\/div>\n<\/div>\n<hr class=\"padding-bottom-2x\" \/>\n<div class=\"row align-items-center padding-bottom-2x\">\n<div class=\"col-md-5\"><img decoding=\"async\" class=\"d-block m-auto img-thumbnail\" src=\"https:\/\/tvc.mx\/media\/92485\/B920coonfig6.png\" alt=\" \" \/><\/div>\n<div class=\"col-md-7 text-md-left text-center\">\n<h2>Funciones b\u00e1sicas<\/h2>\n<p class=\"text-muted\">\n<p class=\"ql-align-justify\"><strong>Pantalla<\/strong><\/p>\n<p class=\"ql-align-justify\">LCD El teclado utiliza s\u00edmbolos, n\u00fameros y palabras para mostrar el estado del sistema de seguridad. Cuando se produce m\u00e1s de un evento, el teclado muestra cada evento por orden de prioridad.<\/p>\n<p class=\"ql-align-justify\"><strong>Teclas<\/strong><\/p>\n<p class=\"ql-align-justify\">Cada teclado tiene 10 teclas num\u00e9ricas, 7 teclas de funci\u00f3n y 6 teclas de navegaci\u00f3n. Al pulsarlas, las teclas encienden la retroiluminaci\u00f3n del teclado y emiten el tono de pulsaci\u00f3n (pitido corto). Las teclas de funci\u00f3n incluyen teclas de funci\u00f3n programables y teclas para iniciar el armado y anular con una sola pulsaci\u00f3n.<\/p>\n<p class=\"ql-align-justify\">Tonos audibles<\/p>\n<p class=\"ql-align-justify\">El teclado tiene un altavoz incorporado que genera varios tonos de advertencia distintos. Los tonos son distintos para que el usuario pueda reconocer un evento con tan solo escuchar el tono asociado. Cuando el teclado emite un tono audible, se enciende la retroiluminaci\u00f3n. Los usuarios pueden utilizar una contrase\u00f1a para silenciar el tono.<\/p>\n<p>&nbsp;<\/p>\n<\/div>\n<\/div>\n<hr class=\"padding-bottom-2x\" \/>\n<div class=\"row align-items-center padding-bottom-2x\">\n<div class=\"col-md-5 order-md-2\"><img decoding=\"async\" class=\"d-block m-auto img-thumbnail\" src=\"https:\/\/tvc.mx\/media\/92489\/B920coonfig7.png\" alt=\" \" \/><\/div>\n<div class=\"col-md-7 order-md-1 text-md-left text-center\">\n<h2>Notas de configuraci\u00f3n\/instalaci\u00f3n<\/h2>\n<p class=\"text-muted\">\n<p class=\"ql-align-justify\"><strong>Consideraciones para el montaje<\/strong><\/p>\n<p class=\"ql-align-justify\">Instalar en ubicaciones secas en el interior.<\/p>\n<p class=\"ql-align-justify\"><strong>Fuente de alimentaci\u00f3n<\/strong><\/p>\n<p class=\"ql-align-justify\">Un panel de control compatible suministra la alimentaci\u00f3n y los datos necesarios al teclado mediante una conexi\u00f3n de cuatro cables.<\/p>\n<p class=\"ql-align-justify\"><strong>Caja y cableado<\/strong><\/p>\n<p class=\"ql-align-justify\">La caja con cierre deslizante autom\u00e1tico cuenta con una burbuja de nivel incorporada y bloques de terminales tipo trampilla, personalizados y sin espacios que facilitan la instalaci\u00f3n.<\/p>\n<p class=\"ql-align-justify\"><strong>Paneles de control compatibles<\/strong><\/p>\n<ul>\n<li class=\"ql-align-justify\">B9512G\/B9512G-E.<\/li>\n<li class=\"ql-align-justify\">B8512G\/B8512G-E.<\/li>\n<li class=\"ql-align-justify\">B6512 B5512\/B5512E con firmware v2.02 y superior.<\/li>\n<li class=\"ql-align-justify\">B4512\/B4512E con firmware v2.02 y superior.<\/li>\n<li class=\"ql-align-justify\">B3512\/B3512E con firmware v2.02 y superior.<\/li>\n<li class=\"ql-align-justify\">D9412GV4\/D7412GV4 con firmware v2.02 y superior.<\/li>\n<\/ul>\n<p>&nbsp;<\/p>\n<\/div>\n<\/div>\n<hr class=\"padding-bottom-2x\" \/>\n<div class=\"row align-items-center padding-bottom-2x\">\n<div class=\"col-md-5\"><img decoding=\"async\" class=\"d-block m-auto img-thumbnail\" src=\"https:\/\/tvc.mx\/media\/92493\/B920coonfig9.png\" alt=\" \" \/><\/div>\n<div class=\"col-md-7 text-md-left text-center\">\n<h2>Caracter\u00edsticas y Especificaciones<\/h2>\n<p class=\"text-muted\">\n<p><strong>Nota: B920 Teclado txt LCD con teclas funci\u00f3n, SDI2<\/strong><\/p>\n<p><strong>Teclado alfanum\u00e9rico de dos l\u00edneas Los idiomas disponibles son: ingl\u00e9s, holand\u00e9s, franc\u00e9s, alem\u00e1n, h\u00fangaro, italiano, portugu\u00e9s, espa\u00f1ol, sueco.<\/strong><\/p>\n<p><strong>N\u00famero de pedido: B920<\/strong><\/p>\n<p><strong>Principales caracter\u00edsticas<\/strong><\/p>\n<ul>\n<li>Pantalla LCD de 2 l\u00edneas con nombres de punto, usuario y \u00e1rea de hasta 32 caracteres.<\/li>\n<li>Interfaz de usuario sencilla con men\u00fas con botones de funci\u00f3n espec\u00edficos para los comandos comunes, incluida la indicaci\u00f3n de estado.<\/li>\n<li>La ayuda en pantalla en funci\u00f3n de la situaci\u00f3n hace que utilizar el sistema sea sencillo y f\u00e1cil.<\/li>\n<li>Indicadores de alta visibilidad para activado (armado)\/alarma, listo para activar (armar), alimentaci\u00f3n y alarma de gas.<\/li>\n<li>Instalaci\u00f3n sencilla con dise\u00f1o con base y chasis autoblocantes, as\u00ed como burbuja de nivel incorporada.<\/li>\n<\/ul>\n<p><strong>Especificaciones<\/strong><\/p>\n<p><strong>Propiedades<\/strong><\/p>\n<ul>\n<li>Dimensiones: De 158 mm x 120 mm x 26 mm (6,2 pulg. x 4,7 pulg. x 1 pulg.)<\/li>\n<li>Peso 0,32 kg (11,3 oz).<\/li>\n<li>Material Acrilonitrilo butadieno estireno (ABS) Polimetilmetacrilato (PMMA).<\/li>\n<li>Ventana de visualizaci\u00f3n.<\/li>\n<li>Pantalla de 2 l\u00edneas 18 caracteres por l\u00ednea Indicadores.<\/li>\n<li>Teclas iluminadas Indicadores de estado.<\/li>\n<li>Tonos de advertencia e indicaci\u00f3n.<\/li>\n<\/ul>\n<\/div>\n<\/div>\n","protected":false},"excerpt":{"rendered":"<p>B920 Teclado txt LCD con teclas funci\u00f3n, SDI2 &nbsp; Resumen del sistema El Teclado alfanum\u00e9rico de dos l\u00edneas (SDI2) B920 es un dispositivo compatible con el bus SDI2. Todos los teclados tiene opciones ajustables de usuario, como el brillo de la pantalla y el volumen.&hellip;<\/p>\n","protected":false},"featured_media":3158,"comment_status":"open","ping_status":"closed","template":"","meta":{"om_disable_all_campaigns":false,"_monsterinsights_skip_tracking":false,"_monsterinsights_sitenote_active":false,"_monsterinsights_sitenote_note":"","_monsterinsights_sitenote_category":0},"product_brand":[],"product_cat":[215],"product_tag":[212,211,151],"class_list":{"0":"post-3159","1":"product","2":"type-product","3":"status-publish","4":"has-post-thumbnail","6":"product_cat-accesorios-alarmas-alarmas-bosch","7":"product_tag-alarmas","8":"product_tag-alarmas-e-intrusion","9":"product_tag-seguridad","11":"first","12":"instock","13":"sale","14":"taxable","15":"shipping-taxable","16":"purchasable","17":"product-type-simple"},"aioseo_notices":[],"_links":{"self":[{"href":"https:\/\/tecsecmty.com\/index.php\/wp-json\/wp\/v2\/product\/3159","targetHints":{"allow":["GET"]}}],"collection":[{"href":"https:\/\/tecsecmty.com\/index.php\/wp-json\/wp\/v2\/product"}],"about":[{"href":"https:\/\/tecsecmty.com\/index.php\/wp-json\/wp\/v2\/types\/product"}],"replies":[{"embeddable":true,"href":"https:\/\/tecsecmty.com\/index.php\/wp-json\/wp\/v2\/comments?post=3159"}],"version-history":[{"count":0,"href":"https:\/\/tecsecmty.com\/index.php\/wp-json\/wp\/v2\/product\/3159\/revisions"}],"wp:featuredmedia":[{"embeddable":true,"href":"https:\/\/tecsecmty.com\/index.php\/wp-json\/wp\/v2\/media\/3158"}],"wp:attachment":[{"href":"https:\/\/tecsecmty.com\/index.php\/wp-json\/wp\/v2\/media?parent=3159"}],"wp:term":[{"taxonomy":"product_brand","embeddable":true,"href":"https:\/\/tecsecmty.com\/index.php\/wp-json\/wp\/v2\/product_brand?post=3159"},{"taxonomy":"product_cat","embeddable":true,"href":"https:\/\/tecsecmty.com\/index.php\/wp-json\/wp\/v2\/product_cat?post=3159"},{"taxonomy":"product_tag","embeddable":true,"href":"https:\/\/tecsecmty.com\/index.php\/wp-json\/wp\/v2\/product_tag?post=3159"}],"curies":[{"name":"wp","href":"https:\/\/api.w.org\/{rel}","templated":true}]}}