{"id":3161,"date":"2023-02-23T00:15:04","date_gmt":"2023-02-23T06:15:04","guid":{"rendered":"https:\/\/tecsecmty.com\/index.php\/producto\/bosch-i_b921c-teclado-intuitivo-para-panel-de-alarma-bosch-entrada-sdi2\/"},"modified":"2023-03-22T23:21:19","modified_gmt":"2023-03-23T05:21:19","slug":"bosch-i_b921c-teclado-intuitivo-para-panel-de-alarma-bosch-entrada-sdi2","status":"publish","type":"product","link":"https:\/\/tecsecmty.com\/index.php\/producto\/bosch-i_b921c-teclado-intuitivo-para-panel-de-alarma-bosch-entrada-sdi2\/","title":{"rendered":"BOSCH I_B921C &#8211; Teclado intuitivo para panel de alarma BOSCH entrada SDI2"},"content":{"rendered":"<div class=\"row aling-items-center padding-bottom-2x\">\n<div class=\"col-lg-12\">\n<h5 class=\"card-title text-center\">B921C &#8211; Teclado intuitivo para panel de alarma BOSCH entrada SDI2<\/h5>\n<ul>\n<li>Pantalla LCD de 2 l\u00edneas con nombres de punto, usuario y \u00e1rea de hasta 32 caracteres<\/li>\n<li>Las teclas t\u00e1ctiles capacitivas se limpian f\u00e1cilmente y son m\u00e1s resistentes al desgaste que los botones mec\u00e1nicos tradicionales<\/li>\n<li>La ayuda en pantalla en funci\u00f3n de la situaci\u00f3n hace que utilizar el sistema sea sencillo y f\u00e1cil<\/li>\n<li>Indicadores de alta visibilidad para activado (armado)\/alarma, listo para activar (armar), alimentaci\u00f3n, problema y alarma de gas.<\/li>\n<li>Cuatro entradas facilitan la ampliaci\u00f3n de puntos de forma sencilla y rentable<\/li>\n<\/ul>\n<p><img decoding=\"async\" class=\"overview-center-img-web\" src=\"https:\/\/tvc.mx\/media\/241163\/BANNER-INTRUSION-%282%29-%281%29-%281%29.png\" alt=\"\" \/><\/div>\n<\/div>\n<div class=\"row align-items-center padding-bottom-2x\">\n<div class=\"col-md-5\"><img decoding=\"async\" class=\"d-block m-auto img-thumbnail\" src=\"https:\/\/tvc.mx\/media\/241171\/BOSCH-I-B921C-Teclado-intuitivo-para-panel-de-alarmaBOSCH-entrada-SDI2.png\" alt=\" \" \/><\/div>\n<div class=\"col-md-7 text-md-left text-center\">\n<h2>Descripci\u00f3n general<\/h2>\n<p class=\"text-muted\">\n<p>El teclado B921C es un dispositivo compatible con bus SDI2. El teclado cuenta con teclas t\u00e1ctiles capacitivas, en lugar de los botones mec\u00e1nicos que se utilizan en la mayor\u00eda de los teclados. Gracias a su superficie lisa y elegante, el teclado es f\u00e1cil de limpiar y se adapta a cualquier estilo de decoraci\u00f3n moderno. El teclado tiene opciones ajustables por el usuario, como el brillo y el volumen. El teclado tiene tres teclas de emergencia programables y cuatro entradas. El teclado tambi\u00e9n muestra mensajes del sistema en dos l\u00edneas para todas las \u00e1reas. Idiomas de teclado Los idiomas disponibles son: ingl\u00e9s, holand\u00e9s, franc\u00e9s, alem\u00e1n, h\u00fangaro, italiano, portugu\u00e9s, espa\u00f1ol, sueco.<\/p>\n<p>&nbsp;<\/p>\n<\/div>\n<\/div>\n<hr class=\"padding-bottom-2x\" \/>\n<div class=\"row align-items-center padding-bottom-2x\">\n<div class=\"col-md-5 order-md-2\"><img decoding=\"async\" class=\"d-block m-auto img-thumbnail\" src=\"https:\/\/tvc.mx\/media\/241267\/BOSCH-I-B921C-Teclado-intuitivo-para-panel-de-alarmaBOSCH-entrada-SDI2-2.png\" alt=\" \" \/><\/div>\n<div class=\"col-md-7 order-md-1 text-md-left text-center\">\n<h2>Descripci\u00f3n del sistema<\/h2>\n<p class=\"text-muted\">\n<p>Para uso comercial, instale el teclado en las entradas de los edificios y \u00e1reas accesibles sin restricciones. Montar un teclado cerca de las puertas exteriores en los vest\u00edbulos de hoteles o empresas permite a los usuarios identificar el tipo y la ubicaci\u00f3n de la emergencia. \u2022 Para uso residencial, instale el teclado cerca de las entradas delantera y trasera a la vivienda. Instale teclados adicionales en la cocina o en una habitaci\u00f3n. \u2022 En edificios de gran tama\u00f1o con muchas de las distintas \u00e1reas de seguridad, utilice varios teclados. Programe varios teclados para controlar varias \u00e1reas. \u2022 Los tonos audibles del zumbador del teclado alertan al personal de eventos de incendio y ayudan a los bomberos a ubicar el teclado.<\/p>\n<p>&nbsp;<\/p>\n<\/div>\n<\/div>\n<hr class=\"padding-bottom-2x\" \/>\n<div class=\"row align-items-center padding-bottom-2x\">\n<div class=\"col-md-5\"><img decoding=\"async\" class=\"d-block m-auto img-thumbnail\" src=\"https:\/\/tvc.mx\/media\/241263\/BOSCH-I-B921C-Teclado-intuitivo-para-panel-de-alarmaBOSCH-entrada-SDI2-1.png\" alt=\" \" \/><\/div>\n<div class=\"col-md-7 text-md-left text-center\">\n<h2>Funciones<\/h2>\n<p class=\"text-muted\">\n<p>Pantalla LCD El teclado utiliza s\u00edmbolos, n\u00fameros y palabras para mostrar el estado del sistema de seguridad. Cuando se produce m\u00e1s de un evento, el teclado muestra cada evento por orden de prioridad. Teclas Cada teclado tiene 10 teclas num\u00e9ricas, 7 teclas de funci\u00f3n y 6 teclas de navegaci\u00f3n. Al pulsarlas, las teclas encienden la retroiluminaci\u00f3n del teclado y emiten el tono de pulsaci\u00f3n (pitido corto). Las teclas de funci\u00f3n incluyen teclas de funci\u00f3n programables y teclas para iniciar el armado y anular con una sola pulsaci\u00f3n. Tonos audibles El teclado tiene un altavoz incorporado que genera varios tonos de advertencia distintos. Los tonos son distintos para que el usuario pueda reconocer un evento con tan solo escuchar el tono asociado. Cuando el teclado emite un tono audible, se enciende la retroiluminaci\u00f3n. Los usuarios pueden utilizar una contrase\u00f1a para silenciar el tono. Indicadores de estado Los indicadores de estado del teclado proporcionan una referencia visual r\u00e1pida del estado del sistema.<\/p>\n<p>&nbsp;<\/p>\n<\/div>\n<\/div>\n<hr class=\"padding-bottom-2x\" \/>\n<div class=\"row align-items-center padding-bottom-2x\">\n<div class=\"col-md-5 order-md-2\"><img decoding=\"async\" class=\"d-block m-auto img-thumbnail\" src=\"https:\/\/tvc.mx\/media\/241271\/BOSCH-I-B921C-Teclado-intuitivo-para-panel-de-alarmaBOSCH-entrada-SDI2-3.png\" alt=\" \" \/><\/div>\n<div class=\"col-md-7 order-md-1 text-md-left text-center\">\n<h2>Especificaciones t\u00e9cnicas<\/h2>\n<p class=\"text-muted\">\n<p>Propiedades Dimensiones 158 mm x 120 mm x 26 mm (6,2 pulg. x 4,7 pulg. x 1 pulg.) Peso 0,32 kg (11,3 oz) Material Acrilonitrilo butadieno estireno (ABS) Polimetilmetacrilato (PMMA) Ventana de visualizaci\u00f3n Pantalla de 2 l\u00edneas 18 caracteres por l\u00ednea Indicadores Teclas iluminadas Indicadores de estado Tonos de advertencia e indicaci\u00f3n Entradas 4 (cuatro) entradas supervisadas de 1 k\u03a9<\/p>\n<p>&nbsp;<\/p>\n<\/div>\n<\/div>\n<hr class=\"padding-bottom-2x\" \/>\n<div class=\"row align-items-center padding-bottom-2x\">\n<div class=\"col-md-5 order-md-2\"><img decoding=\"async\" class=\"d-block m-auto img-thumbnail\" src=\"https:\/\/tvc.mx\/media\/241279\/BOSCH-I-B921C-Teclado-intuitivo-para-panel-de-alarmaBOSCH-entrada-SDI2-4.png\" alt=\" \" \/><\/div>\n<div class=\"col-md-7 order-md-1 text-md-left text-center\">\n<h2>Piezas incluidas<\/h2>\n<p class=\"text-muted\">\n<p>Cantidad Componente<\/p>\n<p>1 Teclado<\/p>\n<p>1 Paquete de hardware<\/p>\n<p>4 Resistencias RFL de 1 k\u03a9<\/p>\n<p>1 Manual de instalaci\u00f3n<\/p>\n<p>1 Gu\u00eda de referencia r\u00e1pida del usuario<\/p>\n<\/div>\n<\/div>\n","protected":false},"excerpt":{"rendered":"<p>B921C &#8211; Teclado intuitivo para panel de alarma BOSCH entrada SDI2 Pantalla LCD de 2 l\u00edneas con nombres de punto, usuario y \u00e1rea de hasta 32 caracteres Las teclas t\u00e1ctiles capacitivas se limpian f\u00e1cilmente y son m\u00e1s resistentes al desgaste que los botones mec\u00e1nicos tradicionales&hellip;<\/p>\n","protected":false},"featured_media":3160,"comment_status":"open","ping_status":"closed","template":"","meta":{"om_disable_all_campaigns":false,"_monsterinsights_skip_tracking":false,"_monsterinsights_sitenote_active":false,"_monsterinsights_sitenote_note":"","_monsterinsights_sitenote_category":0},"product_brand":[],"product_cat":[215],"product_tag":[212,211,151],"class_list":{"0":"post-3161","1":"product","2":"type-product","3":"status-publish","4":"has-post-thumbnail","6":"product_cat-accesorios-alarmas-alarmas-bosch","7":"product_tag-alarmas","8":"product_tag-alarmas-e-intrusion","9":"product_tag-seguridad","11":"first","12":"instock","13":"sale","14":"taxable","15":"shipping-taxable","16":"purchasable","17":"product-type-simple"},"aioseo_notices":[],"_links":{"self":[{"href":"https:\/\/tecsecmty.com\/index.php\/wp-json\/wp\/v2\/product\/3161","targetHints":{"allow":["GET"]}}],"collection":[{"href":"https:\/\/tecsecmty.com\/index.php\/wp-json\/wp\/v2\/product"}],"about":[{"href":"https:\/\/tecsecmty.com\/index.php\/wp-json\/wp\/v2\/types\/product"}],"replies":[{"embeddable":true,"href":"https:\/\/tecsecmty.com\/index.php\/wp-json\/wp\/v2\/comments?post=3161"}],"version-history":[{"count":0,"href":"https:\/\/tecsecmty.com\/index.php\/wp-json\/wp\/v2\/product\/3161\/revisions"}],"wp:featuredmedia":[{"embeddable":true,"href":"https:\/\/tecsecmty.com\/index.php\/wp-json\/wp\/v2\/media\/3160"}],"wp:attachment":[{"href":"https:\/\/tecsecmty.com\/index.php\/wp-json\/wp\/v2\/media?parent=3161"}],"wp:term":[{"taxonomy":"product_brand","embeddable":true,"href":"https:\/\/tecsecmty.com\/index.php\/wp-json\/wp\/v2\/product_brand?post=3161"},{"taxonomy":"product_cat","embeddable":true,"href":"https:\/\/tecsecmty.com\/index.php\/wp-json\/wp\/v2\/product_cat?post=3161"},{"taxonomy":"product_tag","embeddable":true,"href":"https:\/\/tecsecmty.com\/index.php\/wp-json\/wp\/v2\/product_tag?post=3161"}],"curies":[{"name":"wp","href":"https:\/\/api.w.org\/{rel}","templated":true}]}}