{"id":3163,"date":"2023-02-23T00:15:08","date_gmt":"2023-02-23T06:15:08","guid":{"rendered":"https:\/\/tecsecmty.com\/index.php\/producto\/bosch-i_b925f-teclado-compatible-con-panel-serie-bg-intrusion-e-incendio-certificacion-ul\/"},"modified":"2023-03-22T23:21:19","modified_gmt":"2023-03-23T05:21:19","slug":"bosch-i_b925f-teclado-compatible-con-panel-serie-bg-intrusion-e-incendio-certificacion-ul","status":"publish","type":"product","link":"https:\/\/tecsecmty.com\/index.php\/producto\/bosch-i_b925f-teclado-compatible-con-panel-serie-bg-intrusion-e-incendio-certificacion-ul\/","title":{"rendered":"BOSCH I_B925F &#8211; Teclado compatible con panel serie BG \/ Intrusion e incendio \/ Certificacion UL"},"content":{"rendered":"<div class=\"row aling-items-center padding-bottom-2x\">\n<div class=\"col-lg-12\">\n<h5 class=\"card-title text-center\">B925F Teclado para incendio e intrusi\u00f3n, SDI2<\/h5>\n<p>&nbsp;<\/p>\n<p><img decoding=\"async\" class=\"overview-center-img-web\" src=\"https:\/\/tvc.mx\/media\/75798\/Logoopaginas-oficial-1920x400.png\" alt=\"\" \/><\/div>\n<\/div>\n<div class=\"row align-items-center padding-bottom-2x\">\n<div class=\"col-md-5\"><img decoding=\"async\" class=\"d-block m-auto img-thumbnail\" src=\"https:\/\/tvc.mx\/media\/75801\/B925Fconfig5.png\" alt=\" \" \/><\/div>\n<div class=\"col-md-7 text-md-left text-center\">\n<h2>Resumen del sistema<\/h2>\n<p class=\"text-muted\">\n<p class=\"ql-align-justify\">El teclado de incendio B925F es un dispositivo SDI2 totalmente supervisado para aplicaciones combinadas de incendio y robo. Todos los teclados disponen de teclas retroiluminadas, una pantalla con un brillo ajustable por el usuario que muestra mensajes del sistema y un zumbador. El zumbador emite tonos distintos seg\u00fan condici\u00f3n para alertar de una alarma de incendio o un problema de incendio, o cuando se producen eventos de supervisi\u00f3n de incendios. El teclado incluye indicadores de estado de incendios y teclas de funci\u00f3n de incendios.<\/p>\n<p>&nbsp;<\/p>\n<\/div>\n<\/div>\n<hr class=\"padding-bottom-2x\" \/>\n<div class=\"row align-items-center padding-bottom-2x\">\n<div class=\"col-md-5 order-md-2\"><img decoding=\"async\" class=\"d-block m-auto img-thumbnail\" src=\"https:\/\/tvc.mx\/media\/75804\/B925Fconfig6.png\" alt=\" \" \/><\/div>\n<div class=\"col-md-7 order-md-1 text-md-left text-center\">\n<h2>Funciones b\u00e1sicas<\/h2>\n<p class=\"text-muted\">\n<p><strong>Pantalla LCD<\/strong><\/p>\n<p>El teclado utiliza s\u00edmbolos, n\u00fameros y palabras para mostrar el estado del sistema de seguridad. Cuando se produce m\u00e1s de un evento, el teclado muestra cada evento por orden de prioridad.<\/p>\n<p><strong>Teclas<\/strong><\/p>\n<p>Todos los teclados tienen 10 teclas num\u00e9ricas y 5 teclas de navegaci\u00f3n. Al pulsarlas, las teclas encienden la retroiluminaci\u00f3n del teclado y emiten el tono de pulsaci\u00f3n (pitido corto). El teclado tiene 4 teclas de funci\u00f3n de incendio:<\/p>\n<ul>\n<li class=\"ql-align-justify\">ACK. P\u00falsela para confirmar la condici\u00f3n de alarma o de problema del sistema.<\/li>\n<li class=\"ql-align-justify\">SILENCE. P\u00falsela para silenciar las alarmas o los problemas de incendio.<\/li>\n<li class=\"ql-align-justify\">RESET. P\u00falsela para restablecer dispositivos, como detectores de humo, y liberar puntos restaurados.<\/li>\n<li class=\"ql-align-justify\">DRILL. Mant\u00e9ngalo pulsado para iniciar un simulacro de incendio.<\/li>\n<\/ul>\n<p><strong>Tonos audibles<\/strong><\/p>\n<p>El teclado tiene un zumbador incorporado que genera varios tonos de advertencia distintos. Los tonos son distintos para que el usuario pueda reconocer un evento con tan solo escuchar el tono asociado. Indicadores de estado Los indicadores de estado del teclado proporcionan una referencia visual r\u00e1pida del estado del sistema.<\/p>\n<p>&nbsp;<\/p>\n<\/div>\n<\/div>\n<hr class=\"padding-bottom-2x\" \/>\n<div class=\"row align-items-center padding-bottom-2x\">\n<div class=\"col-md-5\"><img decoding=\"async\" class=\"d-block m-auto img-thumbnail\" src=\"https:\/\/tvc.mx\/media\/75858\/B925Fconfig8.png\" alt=\" \" \/><\/div>\n<div class=\"col-md-7 text-md-left text-center\">\n<h2>Notas de configuraci\u00f3n\/instalaci\u00f3n<\/h2>\n<p class=\"text-muted\">\n<p><strong>Consideraciones para el montaje<\/strong><\/p>\n<p>Instalar en ubicaciones secas en el interior.<\/p>\n<p><strong>Fuente de alimentaci\u00f3n<\/strong><\/p>\n<p>Un panel de control compatible suministra la alimentaci\u00f3n y los datos necesarios al teclado mediante una conexi\u00f3n de cuatro cables.<\/p>\n<p><strong>Caja y cableado<\/strong><\/p>\n<p>La caja con cierre deslizante autom\u00e1tico cuenta con una burbuja de nivel incorporada y bloques de terminales tipo trampilla, personalizados y sin espacios que facilitan la instalaci\u00f3n.<\/p>\n<p><strong>Paneles de control compatibles<\/strong><\/p>\n<ul>\n<li>B9512G\/B9512G-E<\/li>\n<li>B8512G\/B8512G-E<\/li>\n<\/ul>\n<p>&nbsp;<\/p>\n<\/div>\n<\/div>\n<hr class=\"padding-bottom-2x\" \/>\n<div class=\"row align-items-center padding-bottom-2x\">\n<div class=\"col-md-5\"><img decoding=\"async\" class=\"d-block m-auto img-thumbnail\" src=\"https:\/\/tvc.mx\/media\/75861\/B925Fconfig7.png\" alt=\" \" \/><\/div>\n<div class=\"col-md-7 text-md-left text-center\">\n<h2>Caracter\u00edsticas y Especificaciones<\/h2>\n<p class=\"text-muted\">\n<p class=\"ql-align-justify\"><strong>Nota: B925F Teclado para incendio e intrusi\u00f3n, SDI2<\/strong><\/p>\n<p class=\"ql-align-justify\"><strong>Teclado alfanum\u00e9rico de dos l\u00edneas para incendio e intrusi\u00f3n.<\/strong><\/p>\n<p class=\"ql-align-justify\"><strong>N\u00famero de pedido: B925F<\/strong><\/p>\n<p class=\"ql-align-justify\"><strong>Piezas incluidas<\/strong><\/p>\n<p class=\"ql-align-justify\"><strong>Cantidad Componente:<\/strong><\/p>\n<ul>\n<li class=\"ql-align-justify\">1 Teclado.<\/li>\n<li class=\"ql-align-justify\">1 Paquete de hardware.<\/li>\n<li class=\"ql-align-justify\">1 Manual de instalaci\u00f3n.<\/li>\n<li class=\"ql-align-justify\">1 Gu\u00eda de referencia r\u00e1pida del usuario.<\/li>\n<\/ul>\n<p class=\"ql-align-justify\"><strong>Principales caracter\u00edsticas<\/strong><\/p>\n<ul>\n<li class=\"ql-align-justify\">Teclado combinado de incendio e intrusi\u00f3n con teclas de funci\u00f3n de incendio: confirmaci\u00f3n, silencio, restablecimiento y simulacro.<\/li>\n<li class=\"ql-align-justify\">Pantalla LCD de 2 l\u00edneas con nombres de punto, usuario y \u00e1rea de hasta 32 caracteres.<\/li>\n<li class=\"ql-align-justify\">Interfaz de usuario sencilla con men\u00fas con botones de funci\u00f3n espec\u00edficos para los comandos comunes, incluida la indicaci\u00f3n de estado.<\/li>\n<li class=\"ql-align-justify\">Indicadores visuales, identificables r\u00e1pidamente, para los estados cruciales del sistema.<\/li>\n<li class=\"ql-align-justify\">Instalaci\u00f3n sencilla con dise\u00f1o con base y chasis autoblocantes, as\u00ed como burbuja de nivel incorporada.<\/li>\n<\/ul>\n<p class=\"ql-align-justify\"><strong>Especificaciones<\/strong><\/p>\n<p class=\"ql-align-justify\"><strong>Requisitos de alimentaci\u00f3n<\/strong><\/p>\n<ul>\n<li class=\"ql-align-justify\">Corriente En reposo: 35 mA Alarma: 70 mA.<\/li>\n<li class=\"ql-align-justify\">Tensi\u00f3n (entrada) 12 VCC nominales.<\/li>\n<\/ul>\n<p class=\"ql-align-justify\">Caracter\u00edsticas de los materiales y el hardware<\/p>\n<ul>\n<li class=\"ql-align-justify\">Dimensiones: De 158 mm x 120 mm x 26 mm (6.2 in x 4.7 in x 1 in).<\/li>\n<li class=\"ql-align-justify\">Peso: De 0,32 kg (11,3 onzas).<\/li>\n<li class=\"ql-align-justify\">Material Acrilonitrilo butadieno estireno (ABS) Polimetilmetacrilato (PMMA).<\/li>\n<li class=\"ql-align-justify\">Ventana de visualizaci\u00f3n Pantalla de 2 l\u00edneas 18 caracteres por l\u00ednea\u00a0<strong>Indicadores<\/strong><\/li>\n<li class=\"ql-align-justify\">Teclas iluminadas Indicadores de estado.<\/li>\n<li class=\"ql-align-justify\">Tonos de advertencia e indicaci\u00f3n.<\/li>\n<\/ul>\n<p class=\"ql-align-justify\"><strong>Cableado<\/strong><\/p>\n<ul>\n<li class=\"ql-align-justify\">Tama\u00f1o del cable del terminal: De 1.02 mm (18 AWG) a 0.65 mm (22 AWG) Cableado SDI2.<\/li>\n<li class=\"ql-align-justify\">Distancia m\u00e1xima: tama\u00f1o del cable: 260 m (850 pies) &#8211; 0.65 mm (22 AWG) 305 m (1000 ft) &#8211; 1.02 mm (18 AWG).<\/li>\n<\/ul>\n<p class=\"ql-align-justify\"><strong>Consideraciones ambientales<\/strong><\/p>\n<ul>\n<li class=\"ql-align-justify\">Humedad relativa: De 5% a 93% a +32\u00b0C (+90\u00b0F).<\/li>\n<li class=\"ql-align-justify\">Temperatura (en funcionamiento): De 0\u00b0C a +49\u00b0C (de +32\u00b0F a +120\u00b0F).<\/li>\n<\/ul>\n<\/div>\n<\/div>\n","protected":false},"excerpt":{"rendered":"<p>B925F Teclado para incendio e intrusi\u00f3n, SDI2 &nbsp; Resumen del sistema El teclado de incendio B925F es un dispositivo SDI2 totalmente supervisado para aplicaciones combinadas de incendio y robo. Todos los teclados disponen de teclas retroiluminadas, una pantalla con un brillo ajustable por el usuario&hellip;<\/p>\n","protected":false},"featured_media":3162,"comment_status":"open","ping_status":"closed","template":"","meta":{"om_disable_all_campaigns":false,"_monsterinsights_skip_tracking":false,"_monsterinsights_sitenote_active":false,"_monsterinsights_sitenote_note":"","_monsterinsights_sitenote_category":0},"product_brand":[],"product_cat":[215],"product_tag":[212,211,151],"class_list":{"0":"post-3163","1":"product","2":"type-product","3":"status-publish","4":"has-post-thumbnail","6":"product_cat-accesorios-alarmas-alarmas-bosch","7":"product_tag-alarmas","8":"product_tag-alarmas-e-intrusion","9":"product_tag-seguridad","11":"first","12":"instock","13":"sale","14":"taxable","15":"shipping-taxable","16":"purchasable","17":"product-type-simple"},"aioseo_notices":[],"_links":{"self":[{"href":"https:\/\/tecsecmty.com\/index.php\/wp-json\/wp\/v2\/product\/3163","targetHints":{"allow":["GET"]}}],"collection":[{"href":"https:\/\/tecsecmty.com\/index.php\/wp-json\/wp\/v2\/product"}],"about":[{"href":"https:\/\/tecsecmty.com\/index.php\/wp-json\/wp\/v2\/types\/product"}],"replies":[{"embeddable":true,"href":"https:\/\/tecsecmty.com\/index.php\/wp-json\/wp\/v2\/comments?post=3163"}],"version-history":[{"count":0,"href":"https:\/\/tecsecmty.com\/index.php\/wp-json\/wp\/v2\/product\/3163\/revisions"}],"wp:featuredmedia":[{"embeddable":true,"href":"https:\/\/tecsecmty.com\/index.php\/wp-json\/wp\/v2\/media\/3162"}],"wp:attachment":[{"href":"https:\/\/tecsecmty.com\/index.php\/wp-json\/wp\/v2\/media?parent=3163"}],"wp:term":[{"taxonomy":"product_brand","embeddable":true,"href":"https:\/\/tecsecmty.com\/index.php\/wp-json\/wp\/v2\/product_brand?post=3163"},{"taxonomy":"product_cat","embeddable":true,"href":"https:\/\/tecsecmty.com\/index.php\/wp-json\/wp\/v2\/product_cat?post=3163"},{"taxonomy":"product_tag","embeddable":true,"href":"https:\/\/tecsecmty.com\/index.php\/wp-json\/wp\/v2\/product_tag?post=3163"}],"curies":[{"name":"wp","href":"https:\/\/api.w.org\/{rel}","templated":true}]}}