{"id":3165,"date":"2023-02-23T00:15:12","date_gmt":"2023-02-23T06:15:12","guid":{"rendered":"https:\/\/tecsecmty.com\/index.php\/producto\/bosch-i_b930-teclado-alfanumerico-para-paneles-de-alarma-bosch-bus-sdi2\/"},"modified":"2023-03-22T23:21:20","modified_gmt":"2023-03-23T05:21:20","slug":"bosch-i_b930-teclado-alfanumerico-para-paneles-de-alarma-bosch-bus-sdi2","status":"publish","type":"product","link":"https:\/\/tecsecmty.com\/index.php\/producto\/bosch-i_b930-teclado-alfanumerico-para-paneles-de-alarma-bosch-bus-sdi2\/","title":{"rendered":"BOSCH I_B930 &#8211; Teclado alfanumerico para paneles de alarma BOSCH BUS SDI2"},"content":{"rendered":"<div class=\"row aling-items-center padding-bottom-2x\">\n<div class=\"col-lg-12\">\n<h5 class=\"card-title text-center\">Teclado alfanum\u00e9rico estilo cajero autom\u00e1tico B930 (SD12)<\/h5>\n<p>&nbsp;<\/p>\n<p><img decoding=\"async\" class=\"overview-center-img-web\" src=\"https:\/\/tvc.mx\/media\/92577\/Logoopaginas-oficial-1920x400.png\" alt=\"\" \/><\/div>\n<\/div>\n<div class=\"row align-items-center padding-bottom-2x\">\n<div class=\"col-md-5\"><img decoding=\"async\" class=\"d-block m-auto img-thumbnail\" src=\"https:\/\/tvc.mx\/media\/92581\/B930config5.png\" alt=\" \" \/><\/div>\n<div class=\"col-md-7 text-md-left text-center\">\n<h2>Resumen del sistema<\/h2>\n<p class=\"text-muted\">\n<p class=\"ql-align-justify\">El Teclado alfanum\u00e9rico tipo ATM B930 (SDI2) es un dispositivo compatible con el bus SDI2. Todos los teclados tienen opciones regulables, como por ejemplo el volumen y el brillo de la visualizaci\u00f3n. El B930 muestra mensajes del sistema de cinco l\u00edneas para todas las \u00e1reas.<\/p>\n<p class=\"ql-align-justify\">Los idiomas disponibles son: ingl\u00e9s, holand\u00e9s, franc\u00e9s, alem\u00e1n, h\u00fangaro, italiano, portugu\u00e9s, espa\u00f1ol, sueco.<\/p>\n<p>&nbsp;<\/p>\n<\/div>\n<\/div>\n<hr class=\"padding-bottom-2x\" \/>\n<div class=\"row align-items-center padding-bottom-2x\">\n<div class=\"col-md-5 order-md-2\"><img decoding=\"async\" class=\"d-block m-auto img-thumbnail\" src=\"https:\/\/tvc.mx\/media\/92585\/B930config8.png\" alt=\" \" \/><\/div>\n<div class=\"col-md-7 order-md-1 text-md-left text-center\">\n<h2>Descripci\u00f3n del sistema<\/h2>\n<p class=\"text-muted\">\n<ul>\n<li class=\"ql-align-justify\">Para uso comercial, instale el teclado en las entradas del edificio y los sectores con acceso ilimitado. Al montar un teclado cerca de las puertas exteriores de hoteles o vest\u00edbulos de negocios es posible que la gente identifique el tipo de emergencia y su ubicaci\u00f3n.<\/li>\n<li class=\"ql-align-justify\">Para uso residencial, instale el teclado cerca de las entradas principales y traseras de la vivienda. Instale teclados adicionales en la cocina o en la habitaci\u00f3n.<\/li>\n<li class=\"ql-align-justify\">Use m\u00faltiples teclados en un edificio grande con muchas \u00e1reas de seguridad individuales. Programe varios teclados para controlar varias \u00e1reas.<\/li>\n<li class=\"ql-align-justify\">Los tonos audibles del teclado alertan al personal en caso de incendios y ayudan a los bomberos a localizar el teclado.<\/li>\n<\/ul>\n<p>&nbsp;<\/p>\n<\/div>\n<\/div>\n<hr class=\"padding-bottom-2x\" \/>\n<div class=\"row align-items-center padding-bottom-2x\">\n<div class=\"col-md-5\"><img decoding=\"async\" class=\"d-block m-auto img-thumbnail\" src=\"https:\/\/tvc.mx\/media\/92589\/B930config6.png\" alt=\" \" \/><\/div>\n<div class=\"col-md-7 text-md-left text-center\">\n<h2>Funciones b\u00e1sicas<\/h2>\n<p class=\"text-muted\">\n<p class=\"ql-align-justify\"><strong>Pantalla LCD<\/strong><\/p>\n<p class=\"ql-align-justify\">El teclado utiliza palabras, n\u00fameros y s\u00edmbolos para mostrar el estado del sistema de seguridad. Cuando se producen varios eventos, el teclado muestra cada evento en orden de prioridad. La pantalla muestra cinco l\u00edneas de 21 caracteres por l\u00ednea.<\/p>\n<p class=\"ql-align-justify\"><strong>Teclas<\/strong><\/p>\n<p class=\"ql-align-justify\">Cada teclado cuenta con 10 teclas num\u00e9ricas, cinco teclas de navegaci\u00f3n y ocho teclas programables. Al presionarlas, se enciende la retroiluminaci\u00f3n y se emite un sonido d\u00e9bil. Use las ocho teclas programables para seleccionar un men\u00fa y las funciones asociadas.<\/p>\n<p class=\"ql-align-justify\"><strong>Tonos audibles<\/strong><\/p>\n<p class=\"ql-align-justify\">El teclado cuenta con un parlante integrado que genera varios tonos de advertencia diferentes. Los tonos son diferentes para que el usuario pueda reconocer qu\u00e9 sucede solo en base al tono que escuche. La retroiluminaci\u00f3n del teclado se enciende cuando el teclado emite un tono audible. Los usuarios pueden usar una clave de acceso para silenciar el tono. Indicadores de estado Los indicadores de estado en el teclado proporcionan una referencia visual r\u00e1pida para ver el estado del sistema.<\/p>\n<p class=\"ql-align-justify\"><strong>Tonos audibles<\/strong><\/p>\n<p class=\"ql-align-justify\">El teclado cuenta con un parlante integrado que genera varios tonos de advertencia diferentes. La retroiluminaci\u00f3n del teclado se enciende cuando el teclado emite un tono audible. Puede usar una clave de acceso para silenciar el tono. Los tonos incluyen:<\/p>\n<ul>\n<li class=\"ql-align-justify\">Se\u00f1al de incendio. Cuando una \u00e1rea dispara la alarma contra incendio el teclado emite un tono de campana agudo e intermitente.<\/li>\n<li class=\"ql-align-justify\">Se\u00f1al de gas. Cuando se activa un punto de gas, el teclado emite un tono agudo \u00fanico.<\/li>\n<li class=\"ql-align-justify\">Alarma de usuario. Cuando suena una alarma de usuario (por ej., una alarma m\u00e9dica o de p\u00e1nico), el tono se emite durante el tiempo programado.<\/li>\n<li class=\"ql-align-justify\">Se\u00f1al contra robos. Cuando una \u00e1rea dispara la alarma, el teclado emite un tono de campana agudo y constante.<\/li>\n<li class=\"ql-align-justify\">Advertencia de entrada. El teclado emite un sonido intermitente durante los periodos de retardo de entrada para recordar al usuario que desarme el \u00e1rea.<\/li>\n<li class=\"ql-align-justify\">Advertencia de salida. El teclado emite un sonido intermitente durante un retardo en la salida.<\/li>\n<li class=\"ql-align-justify\">Zumbido de bot\u00f3n inv\u00e1lido. Cuando se presiona un bot\u00f3n inv\u00e1lido, o una secuencia de botones, el teclado emite un tono de zumbido simple.<\/li>\n<li class=\"ql-align-justify\">Tono de codificaci\u00f3n del teclado. El teclado emite un sonido silenciado cuando se presiona cada bot\u00f3n para indicar que se acept\u00f3 la entrada.<\/li>\n<\/ul>\n<p>&nbsp;<\/p>\n<\/div>\n<\/div>\n<hr class=\"padding-bottom-2x\" \/>\n<div class=\"row align-items-center padding-bottom-2x\">\n<div class=\"col-md-5 order-md-2\"><img decoding=\"async\" class=\"d-block m-auto img-thumbnail\" src=\"https:\/\/tvc.mx\/media\/92593\/B930config7.png\" alt=\" \" \/><\/div>\n<div class=\"col-md-7 order-md-1 text-md-left text-center\">\n<h2>Notas de configuraci\u00f3n\/instalaci\u00f3n<\/h2>\n<p class=\"text-muted\">\n<p><strong>Consideraciones para el montaje<\/strong><\/p>\n<p>Montar en lugares internos y secos.<\/p>\n<p><strong>Fuente de alimentaci\u00f3n<\/strong><\/p>\n<p>Los requisitos de alimentaci\u00f3n y los datos se abastecen al teclado por medio de un panel de control compatible a trav\u00e9s de una conexi\u00f3n de cuatro cables. }<\/p>\n<p><strong>Gabinete y cableado<\/strong><\/p>\n<p>El gabinete corredizo con sistema de autobloqueo posee un nivel de burbuja integrado y borneros a medida sin ranuras con estilo de puerta levadiza para facilitar la instalaci\u00f3n.<\/p>\n<p><strong>Paneles de Control compatibles<\/strong><\/p>\n<ul>\n<li>B9512G\/B9512G-E B8512G\/B8512G-E B6512 B5512\/B5512E firmware v2.02 y superiores.<\/li>\n<li>B4512\/B4512E firmware v2.02 y superiores B3512\/B3512E firmware v2.02 y superiores.<\/li>\n<li>D9412GV4\/D7412GV4 firmware v2.02 y superiores.<\/li>\n<\/ul>\n<p>&nbsp;<\/p>\n<\/div>\n<\/div>\n<hr class=\"padding-bottom-2x\" \/>\n<div class=\"row align-items-center padding-bottom-2x\">\n<div class=\"col-md-5\"><img decoding=\"async\" class=\"d-block m-auto img-thumbnail\" src=\"https:\/\/tvc.mx\/media\/92597\/B930config9.png\" alt=\" \" \/><\/div>\n<div class=\"col-md-7 text-md-left text-center\">\n<h2>Caracter\u00edsticas y Especificaciones<\/h2>\n<p class=\"text-muted\">\n<p class=\"ql-align-justify\"><strong>Nota: autom\u00e1tico de cinco l\u00edneas<\/strong><\/p>\n<p class=\"ql-align-justify\"><strong>Los idiomas disponibles son: ingl\u00e9s, holand\u00e9s, franc\u00e9s, alem\u00e1n, h\u00fangaro, italiano, portugu\u00e9s, espa\u00f1ol, sueco.<\/strong><\/p>\n<p class=\"ql-align-justify\"><strong>N\u00famero de pedido: B930<\/strong><\/p>\n<p class=\"ql-align-justify\"><strong>Principales caracter\u00edsticas<\/strong><\/p>\n<ul>\n<li class=\"ql-align-justify\">Pantalla de LCD estilo cajero autom\u00e1tico de 5 l\u00edneas con hasta 32 puntos de caracteres, usuario, y nombres de \u00e1rea u Interfaz de usuario simple con men\u00fas y botones de funci\u00f3n especiales para comandos comunes.<\/li>\n<li class=\"ql-align-justify\">Los accesos directos programables del teclado y la ayuda en pantalla ajustable a la situaci\u00f3n facilitan una operaci\u00f3n simple y sencilla del sistema .<\/li>\n<li class=\"ql-align-justify\">Indicadores altamente visibles en alarma (activaci\u00f3n), listo para el encendido (armado), energ\u00eda y alarma de gas .<\/li>\n<li class=\"ql-align-justify\">Instalaci\u00f3n simple con base de bloqueo autom\u00e1tico y dise\u00f1o de chasis, adem\u00e1s de nivel de burbuja de aire integrado.<\/li>\n<\/ul>\n<p class=\"ql-align-justify\"><strong>Especificaciones<\/strong><\/p>\n<p class=\"ql-align-justify\">Caracter\u00edsticas<\/p>\n<p class=\"ql-align-justify\">Dimensiones: De 6.2 in x 5.5 in x 1 in (158 mm x 140 mm x 26 mm).<\/p>\n<p class=\"ql-align-justify\">Peso 14.1 oz (0.40 kg).<\/p>\n<p class=\"ql-align-justify\">Material Acrilonitrilo butadieno estireno (ABS) Polimetacrilato de metilo (PMMA).<\/p>\n<p class=\"ql-align-justify\">Ventana de visualizaci\u00f3n Pantalla de 5 l\u00edneas 21 caracteres por l\u00ednea Indicadores.<\/p>\n<p class=\"ql-align-justify\">Teclas iluminadas Indicadores de estado.<\/p>\n<p class=\"ql-align-justify\">Tonos de advertencia e indicadores.<\/p>\n<p class=\"ql-align-justify\"><strong>Requisitos ambientales<\/strong><\/p>\n<ul>\n<li class=\"ql-align-justify\">Humedad relativa: De 5 % a 93 % a +32 \u00b0C (+90 \u00b0F) sin condensaci\u00f3n.<\/li>\n<li class=\"ql-align-justify\">Temperatura (en funcionamiento): De 0 \u00b0C a 50 \u00b0C (+32 \u00b0F a 122 \u00b0F).<\/li>\n<\/ul>\n<p class=\"ql-align-justify\"><strong>Requisitos de alimentaci\u00f3n<\/strong><\/p>\n<ul>\n<li class=\"ql-align-justify\">Corriente 35 mA en modo de espera 80 mA en modo de alarma.<\/li>\n<li class=\"ql-align-justify\">Voltaje (entrada) 12 VCC nominal.<\/li>\n<\/ul>\n<p class=\"ql-align-justify\">Cableado<\/p>\n<ul>\n<li class=\"ql-align-justify\">Cables terminales Cable de 12 AWG a 22 AWG (2 mm a 0.65 mm).<\/li>\n<\/ul>\n<\/div>\n<\/div>\n","protected":false},"excerpt":{"rendered":"<p>Teclado alfanum\u00e9rico estilo cajero autom\u00e1tico B930 (SD12) &nbsp; Resumen del sistema El Teclado alfanum\u00e9rico tipo ATM B930 (SDI2) es un dispositivo compatible con el bus SDI2. Todos los teclados tienen opciones regulables, como por ejemplo el volumen y el brillo de la visualizaci\u00f3n. El B930&hellip;<\/p>\n","protected":false},"featured_media":3164,"comment_status":"open","ping_status":"closed","template":"","meta":{"om_disable_all_campaigns":false,"_monsterinsights_skip_tracking":false,"_monsterinsights_sitenote_active":false,"_monsterinsights_sitenote_note":"","_monsterinsights_sitenote_category":0},"product_brand":[],"product_cat":[215],"product_tag":[212,211,151],"class_list":{"0":"post-3165","1":"product","2":"type-product","3":"status-publish","4":"has-post-thumbnail","6":"product_cat-accesorios-alarmas-alarmas-bosch","7":"product_tag-alarmas","8":"product_tag-alarmas-e-intrusion","9":"product_tag-seguridad","11":"first","12":"instock","13":"sale","14":"taxable","15":"shipping-taxable","16":"purchasable","17":"product-type-simple"},"aioseo_notices":[],"_links":{"self":[{"href":"https:\/\/tecsecmty.com\/index.php\/wp-json\/wp\/v2\/product\/3165","targetHints":{"allow":["GET"]}}],"collection":[{"href":"https:\/\/tecsecmty.com\/index.php\/wp-json\/wp\/v2\/product"}],"about":[{"href":"https:\/\/tecsecmty.com\/index.php\/wp-json\/wp\/v2\/types\/product"}],"replies":[{"embeddable":true,"href":"https:\/\/tecsecmty.com\/index.php\/wp-json\/wp\/v2\/comments?post=3165"}],"version-history":[{"count":0,"href":"https:\/\/tecsecmty.com\/index.php\/wp-json\/wp\/v2\/product\/3165\/revisions"}],"wp:featuredmedia":[{"embeddable":true,"href":"https:\/\/tecsecmty.com\/index.php\/wp-json\/wp\/v2\/media\/3164"}],"wp:attachment":[{"href":"https:\/\/tecsecmty.com\/index.php\/wp-json\/wp\/v2\/media?parent=3165"}],"wp:term":[{"taxonomy":"product_brand","embeddable":true,"href":"https:\/\/tecsecmty.com\/index.php\/wp-json\/wp\/v2\/product_brand?post=3165"},{"taxonomy":"product_cat","embeddable":true,"href":"https:\/\/tecsecmty.com\/index.php\/wp-json\/wp\/v2\/product_cat?post=3165"},{"taxonomy":"product_tag","embeddable":true,"href":"https:\/\/tecsecmty.com\/index.php\/wp-json\/wp\/v2\/product_tag?post=3165"}],"curies":[{"name":"wp","href":"https:\/\/api.w.org\/{rel}","templated":true}]}}