{"id":3175,"date":"2023-02-23T00:15:28","date_gmt":"2023-02-23T06:15:28","guid":{"rendered":"https:\/\/tecsecmty.com\/index.php\/producto\/bosch-i_d1260b-teclado-lcd-series-d1260\/"},"modified":"2023-03-22T23:21:20","modified_gmt":"2023-03-23T05:21:20","slug":"bosch-i_d1260b-teclado-lcd-series-d1260","status":"publish","type":"product","link":"https:\/\/tecsecmty.com\/index.php\/producto\/bosch-i_d1260b-teclado-lcd-series-d1260\/","title":{"rendered":"BOSCH I_D1260B TECLADO LCD SERIES D1260"},"content":{"rendered":"<div class=\"row aling-items-center padding-bottom-2x\">\n<div class=\"col-lg-12\">\n<h5 class=\"card-title text-center\">Teclado LCD D1260B<\/h5>\n<p>&nbsp;<\/p>\n<p><img decoding=\"async\" class=\"overview-center-img-web\" src=\"https:\/\/tvc.mx\/media\/93857\/Logoopaginas-oficial-1920x400.png\" alt=\"\" \/><\/div>\n<\/div>\n<div class=\"row align-items-center padding-bottom-2x\">\n<div class=\"col-md-5\"><img decoding=\"async\" class=\"d-block m-auto img-thumbnail\" src=\"https:\/\/tvc.mx\/media\/93861\/D1260Bconfig7.png\" alt=\" \" \/><\/div>\n<div class=\"col-md-7 text-md-left text-center\">\n<h2>Resumen del sistema<\/h2>\n<p class=\"text-muted\">\n<p>Cada modelo de teclado de la serie D1260 es un bus SDI dispositivo compatible que funciona con paneles del control de la serie G. Cada modelo de teclado tiene un teclado iluminado, un brillante idioma ingl\u00e9s de cuatro l\u00edneas por 20 caracteres pantalla de cristal l\u00edquido (LCD) y una sirena que emite 8 tonos de advertencia.<\/p>\n<p>&nbsp;<\/p>\n<\/div>\n<\/div>\n<hr class=\"padding-bottom-2x\" \/>\n<div class=\"row align-items-center padding-bottom-2x\">\n<div class=\"col-md-5 order-md-2\"><img decoding=\"async\" class=\"d-block m-auto img-thumbnail\" src=\"https:\/\/tvc.mx\/media\/93865\/D1260Bconfig6.png\" alt=\" \" \/><\/div>\n<div class=\"col-md-7 order-md-1 text-md-left text-center\">\n<h2>Funciones b\u00e1sicas<\/h2>\n<p class=\"text-muted\">\n<p class=\"ql-align-justify\"><strong>Pantalla LCD<\/strong><\/p>\n<p class=\"ql-align-justify\">Cada modelo de teclado de la serie D1260 usa palabras, n\u00fameros y s\u00edmbolos para mostrar el estado de la sistema de seguridad. Cuando ocurren varios eventos, cada uno el modelo muestra cada evento en orden de prioridad.<\/p>\n<p class=\"ql-align-justify\"><strong>Llaves<\/strong><\/p>\n<p class=\"ql-align-justify\">Cada modelo de teclado de la serie D1260 tiene 10 n\u00fameros teclas, dos teclas de funci\u00f3n y ocho teclas programables. Utilizar el tecla [COMANDO] en combinaci\u00f3n con teclas num\u00e9ricas para realizar una funci\u00f3n Use la tecla [ENTER] para ingresar su c\u00f3digo de acceso Use las ocho teclas programables para seleccionar un men\u00fa y funciones asociadas.<\/p>\n<p class=\"ql-align-justify\"><strong>Tonos audibles<\/strong><\/p>\n<p class=\"ql-align-justify\">La sirena emite ocho tonos de advertencia distintos. T\u00fa puede ajustar el volumen. Tambi\u00e9n puede usar una contrase\u00f1a para silencia el tono.<\/p>\n<p class=\"ql-align-justify\">Los tonos incluyen:<\/p>\n<ul>\n<li class=\"ql-align-justify\">Se\u00f1al de robo: tono de campana constante y agudo durante la alarma.<\/li>\n<li class=\"ql-align-justify\">Se\u00f1al de fuego: tono de campana de tono agudo durante el fuego<\/li>\n<li class=\"ql-align-justify\">Advertencia de entrada: pitidos intermitentes durante per\u00edodos de retraso de entrada.<\/li>\n<li class=\"ql-align-justify\">Advertencia de salida: pitidos intermitentes durante la salida per\u00edodos de retraso<\/li>\n<li class=\"ql-align-justify\">Zumbido de clave no v\u00e1lido: tono de zumbido cuando una clave no v\u00e1lida es presionado.<\/li>\n<li class=\"ql-align-justify\">Tono de codificaci\u00f3n del teclado: pitido silenciado como cada tecla se presiona.<\/li>\n<li class=\"ql-align-justify\">Zumbador de problemas: curruca de dos tonos durante un problema evento.<\/li>\n<li class=\"ql-align-justify\">Tono de reloj: pitido intermitente cuando un reloj.<\/li>\n<\/ul>\n<p>&nbsp;<\/p>\n<\/div>\n<\/div>\n<hr class=\"padding-bottom-2x\" \/>\n<div class=\"row align-items-center padding-bottom-2x\">\n<div class=\"col-md-5\"><img decoding=\"async\" class=\"d-block m-auto img-thumbnail\" src=\"https:\/\/tvc.mx\/media\/93873\/D1260Bconfig5.png\" alt=\" \" \/><\/div>\n<div class=\"col-md-7 text-md-left text-center\">\n<h2>Notas de instalaci\u00f3n \/ configuraci\u00f3n<\/h2>\n<p class=\"text-muted\">\n<p class=\"ql-align-justify\"><strong>Paneles de control compatibles<\/strong><\/p>\n<ul>\n<li class=\"ql-align-justify\">B9512G \/ B9512G-E<\/li>\n<li class=\"ql-align-justify\">B8512G \/ B8512G-E<\/li>\n<li class=\"ql-align-justify\">D9412GV4 \/ D7412GV4 \/ D7212GV41<\/li>\n<li class=\"ql-align-justify\">D9412GV3 \/ D7412GV3 \/ D7212GV31<\/li>\n<li class=\"ql-align-justify\">D9412GV2 \/ D7412GV2 \/ D7212GV21<\/li>\n<li class=\"ql-align-justify\">D9412G \/ D7412G \/ D7212G<\/li>\n<li class=\"ql-align-justify\">D9412, D7412, D7212 y D9112 con firmware versiones 6.40 o superior<\/li>\n<\/ul>\n<p class=\"ql-align-justify\">Los D7212GV4, D7212GV3, D7212GV2, D7212G son no listado para aplicaciones comerciales contra incendios.<\/p>\n<p class=\"ql-align-justify\"><strong>Consideraciones de montaje<\/strong><\/p>\n<ul>\n<li class=\"ql-align-justify\">No monte ninguno de los teclados de la serie D1260 modelos en un lugar expuesto a la luz solar directa. La luz solar directa puede interferir con la visibilidad de la pantalla y Da\u00f1ar los componentes internos.<\/li>\n<li class=\"ql-align-justify\">No monte ninguno de los teclados de la serie D1260 modelos en lugares h\u00famedos.<\/li>\n<\/ul>\n<p class=\"ql-align-justify\"><strong>Fuentes de alimentaci\u00f3n<\/strong><\/p>\n<p class=\"ql-align-justify\">Un panel de control compatible suministra la energ\u00eda y requisitos de datos para un modelo de teclado de la serie D1260 a trav\u00e9s de una simple conexi\u00f3n de cuatro hilos. Para determinar si<\/p>\n<p class=\"ql-align-justify\">se necesita una fuente de alimentaci\u00f3n adicional, use el manual de operaci\u00f3n e instalaci\u00f3n para el espec\u00edfico panel de control y consulte la tabla de clasificaci\u00f3n actual para C\u00e1lculos de bater\u00eda de reserva.<\/p>\n<p class=\"ql-align-justify\"><strong>Consideraciones de cableado<\/strong><\/p>\n<p class=\"ql-align-justify\">Utilice cable de 1,2 mm (18 AWG) o 0,8 mm (22 AWG). La resistencia no puede exceder los 14 \u03a9.\u00a0<strong>Cada serie D1260<\/strong><\/p>\n<p class=\"ql-align-justify\">El modelo de teclado incluye un conjunto de cableado de cuatro cables voladores codificados por color y una hembra de cuatro clavijas conector.<\/p>\n<p class=\"ql-align-justify\"><strong>Marcas registradas<\/strong><\/p>\n<p class=\"ql-align-justify\">Todos los nombres de productos de hardware y software utilizados en este es probable que el documento sea una marca registrada y debe ser tratado en consecuencia.<\/p>\n<p>&nbsp;<\/p>\n<\/div>\n<\/div>\n<hr class=\"padding-bottom-2x\" \/>\n<div class=\"row align-items-center padding-bottom-2x\">\n<div class=\"col-md-5\"><img decoding=\"async\" class=\"d-block m-auto img-thumbnail\" src=\"https:\/\/tvc.mx\/media\/93877\/D1260Bconfig8.png\" alt=\" \" \/><\/div>\n<div class=\"col-md-7 text-md-left text-center\">\n<h2>Caracter\u00edsticas y Especificaciones<\/h2>\n<p class=\"text-muted\">\n<p class=\"ql-align-justify\"><strong>Nota: Teclado LCD D1260B<\/strong><\/p>\n<p class=\"ql-align-justify\"><strong>Estuche moderno blanco y gris.<\/strong><\/p>\n<p class=\"ql-align-justify\"><strong>N\u00famero de pedido: D1260B<\/strong><\/p>\n<p class=\"ql-align-justify\"><strong>Principales caracter\u00edsticas<\/strong><\/p>\n<ul>\n<li class=\"ql-align-justify\">Ventanas integradas de ayuda al usuario para simplificar la operaci\u00f3n.<\/li>\n<li class=\"ql-align-justify\">Pantalla iluminada de cuatro l\u00edneas.<\/li>\n<\/ul>\n<p class=\"ql-align-justify\"><strong>Especificaciones<\/strong><\/p>\n<p class=\"ql-align-justify\"><strong>Requerimientos de energ\u00eda<\/strong><\/p>\n<ul>\n<li class=\"ql-align-justify\">Voltaje: Nominal 12 VDC<\/li>\n<li class=\"ql-align-justify\">Corriente en espera: inactivo 200 mA<\/li>\n<li class=\"ql-align-justify\">M\u00e1ximo 250 mA, con el sonda y retroiluminaci\u00f3n de pantalla en m\u00e1ximo<\/li>\n<\/ul>\n<p class=\"ql-align-justify\"><strong>Teclado<\/strong><\/p>\n<ul>\n<li class=\"ql-align-justify\">Dimensiones para D1260,<\/li>\n<li class=\"ql-align-justify\">D1260W, D1260R y D1260BLK: 10,9 cm x 20 cm x 2,6 cm (4,3 pulg. X 7,9 pulg. X 1 pulg.)<\/li>\n<li class=\"ql-align-justify\">Dimensiones para D1260B: 12.6 cm x 20.9 cm x 3.2 cm (5 pulg. X 8.2 pulg. X 1.3 pulg.)<\/li>\n<li class=\"ql-align-justify\">Peso para todos los modelos: 439 g (15.5 oz)<\/li>\n<li class=\"ql-align-justify\">Indicadores: teclas iluminadas<\/li>\n<li class=\"ql-align-justify\">Tonos de advertencia e indicaci\u00f3n<\/li>\n<\/ul>\n<p class=\"ql-align-justify\"><strong>Material<\/strong><\/p>\n<p class=\"ql-align-justify\"><strong>D1260, D1260W, D1260R y<\/strong><\/p>\n<ul>\n<li class=\"ql-align-justify\">D1260BLK: GE CYCOLOY C1110. UL94 \u2011 HB resistente al fuego<\/li>\n<li class=\"ql-align-justify\">D1260B: CHI MEI POLYLAC PA \u2011 757 con Estabilizador UV.<\/li>\n<li class=\"ql-align-justify\">UL94 \u2011 HB resistente al fuego<\/li>\n<\/ul>\n<p class=\"ql-align-justify\"><strong>Conexiones<\/strong><\/p>\n<ul>\n<li class=\"ql-align-justify\">Conexiones: cable de 4 hilos para datos y poder<\/li>\n<li class=\"ql-align-justify\">Resistencia: 14 \u03a9 m\u00e1ximo<\/li>\n<li class=\"ql-align-justify\">Pantalla de visualizaci\u00f3n<\/li>\n<li class=\"ql-align-justify\">Tipo: LCD retroiluminado<\/li>\n<li class=\"ql-align-justify\">Tama\u00f1o: 8.6 cm x 3.6 cm (3.4 pulg. X 1.4 pulg.)<\/li>\n<li class=\"ql-align-justify\">4 l\u00edneas x 20 caracteres<\/li>\n<\/ul>\n<p class=\"ql-align-justify\"><strong>Consideraciones ambientales<\/strong><\/p>\n<ul>\n<li class=\"ql-align-justify\">Humedad: 95% \u00b1 2% a + 49 \u00b0 C (+ 120 \u00b0 F)<\/li>\n<li class=\"ql-align-justify\">Temperatura de funcionamiento: 0 \u00b0 C a + 49 \u00b0 C (+ 32 \u00b0 F a + 120 \u00b0 F)<\/li>\n<li class=\"ql-align-justify\">Uso: Dise\u00f1ado para uso en interiores.<\/li>\n<\/ul>\n<p class=\"ql-align-justify\"><strong>N\u00famero de\u2026<\/strong><\/p>\n<p class=\"ql-align-justify\"><strong>Modelos de teclado serie D1260 por Panel de control:<\/strong><\/p>\n<ul>\n<li class=\"ql-align-justify\">8 supervisados<\/li>\n<li class=\"ql-align-justify\">32 sin supervisi\u00f3n<\/li>\n<\/ul>\n<\/div>\n<\/div>\n","protected":false},"excerpt":{"rendered":"<p>Teclado LCD D1260B &nbsp; Resumen del sistema Cada modelo de teclado de la serie D1260 es un bus SDI dispositivo compatible que funciona con paneles del control de la serie G. Cada modelo de teclado tiene un teclado iluminado, un brillante idioma ingl\u00e9s de cuatro&hellip;<\/p>\n","protected":false},"featured_media":3174,"comment_status":"open","ping_status":"closed","template":"","meta":{"om_disable_all_campaigns":false,"_monsterinsights_skip_tracking":false,"_monsterinsights_sitenote_active":false,"_monsterinsights_sitenote_note":"","_monsterinsights_sitenote_category":0},"product_brand":[],"product_cat":[215],"product_tag":[212,211,151],"class_list":{"0":"post-3175","1":"product","2":"type-product","3":"status-publish","4":"has-post-thumbnail","6":"product_cat-accesorios-alarmas-alarmas-bosch","7":"product_tag-alarmas","8":"product_tag-alarmas-e-intrusion","9":"product_tag-seguridad","11":"first","12":"instock","13":"sale","14":"taxable","15":"shipping-taxable","16":"purchasable","17":"product-type-simple"},"aioseo_notices":[],"_links":{"self":[{"href":"https:\/\/tecsecmty.com\/index.php\/wp-json\/wp\/v2\/product\/3175","targetHints":{"allow":["GET"]}}],"collection":[{"href":"https:\/\/tecsecmty.com\/index.php\/wp-json\/wp\/v2\/product"}],"about":[{"href":"https:\/\/tecsecmty.com\/index.php\/wp-json\/wp\/v2\/types\/product"}],"replies":[{"embeddable":true,"href":"https:\/\/tecsecmty.com\/index.php\/wp-json\/wp\/v2\/comments?post=3175"}],"version-history":[{"count":0,"href":"https:\/\/tecsecmty.com\/index.php\/wp-json\/wp\/v2\/product\/3175\/revisions"}],"wp:featuredmedia":[{"embeddable":true,"href":"https:\/\/tecsecmty.com\/index.php\/wp-json\/wp\/v2\/media\/3174"}],"wp:attachment":[{"href":"https:\/\/tecsecmty.com\/index.php\/wp-json\/wp\/v2\/media?parent=3175"}],"wp:term":[{"taxonomy":"product_brand","embeddable":true,"href":"https:\/\/tecsecmty.com\/index.php\/wp-json\/wp\/v2\/product_brand?post=3175"},{"taxonomy":"product_cat","embeddable":true,"href":"https:\/\/tecsecmty.com\/index.php\/wp-json\/wp\/v2\/product_cat?post=3175"},{"taxonomy":"product_tag","embeddable":true,"href":"https:\/\/tecsecmty.com\/index.php\/wp-json\/wp\/v2\/product_tag?post=3175"}],"curies":[{"name":"wp","href":"https:\/\/api.w.org\/{rel}","templated":true}]}}