{"id":3177,"date":"2023-02-23T00:15:31","date_gmt":"2023-02-23T06:15:31","guid":{"rendered":"https:\/\/tecsecmty.com\/index.php\/producto\/bosch-i_d5370usb-usb-dongle-para-bloqueo-de-seguridad-en-rps-software\/"},"modified":"2023-03-22T23:21:20","modified_gmt":"2023-03-23T05:21:20","slug":"bosch-i_d5370usb-usb-dongle-para-bloqueo-de-seguridad-en-rps-software","status":"publish","type":"product","link":"https:\/\/tecsecmty.com\/index.php\/producto\/bosch-i_d5370usb-usb-dongle-para-bloqueo-de-seguridad-en-rps-software\/","title":{"rendered":"BOSCH I_D5370USB &#8211; USB DONGLE Para bloqueo de seguridad en RPS software"},"content":{"rendered":"<div class=\"row aling-items-center padding-bottom-2x\">\n<div class=\"col-lg-12\">\n<h5 class=\"card-title text-center\">D5370-USB Llave de seguridad USB<\/h5>\n<p>&nbsp;<\/p>\n<p><img decoding=\"async\" class=\"overview-center-img-web\" src=\"https:\/\/tvc.mx\/media\/76047\/Logoopaginas-oficial-1920x400.png\" alt=\"\" \/><\/div>\n<\/div>\n<div class=\"row align-items-center padding-bottom-2x\">\n<div class=\"col-md-5\"><img decoding=\"async\" class=\"d-block m-auto img-thumbnail\" src=\"https:\/\/tvc.mx\/media\/76050\/D5370-USBconfig5.png\" alt=\" \" \/><\/div>\n<div class=\"col-md-7 text-md-left text-center\">\n<h2>Resumen del sistema<\/h2>\n<p class=\"text-muted\">\n<p>El D5370\u2011USB es un accesorio de seguridad para RPS. Sin \u00e9l, la comunicaci\u00f3n no es posible. Se conecta al puerto USB del PC y es de color rojo.<\/p>\n<p>&nbsp;<\/p>\n<\/div>\n<\/div>\n<hr class=\"padding-bottom-2x\" \/>\n<div class=\"row align-items-center padding-bottom-2x\">\n<div class=\"col-md-5 order-md-2\"><img decoding=\"async\" class=\"d-block m-auto img-thumbnail\" src=\"https:\/\/tvc.mx\/media\/387459\/rps.png\" alt=\" \" \/><\/div>\n<div class=\"col-md-7 order-md-1 text-md-left text-center\">\n<h2>Funciones b\u00e1sicas<\/h2>\n<p class=\"text-muted\">\n<p>Accesorio de seguridad necesario para la comunicaci\u00f3n de RPS. (No es necesario para los paneles de control B Series o el Comunicador de ruta dual universal v2.00 de B465.<\/p>\n<p>&nbsp;<\/p>\n<\/div>\n<\/div>\n<hr class=\"padding-bottom-2x\" \/>\n<div class=\"row align-items-center padding-bottom-2x\">\n<div class=\"col-md-5\"><img decoding=\"async\" class=\"d-block m-auto img-thumbnail\" src=\"https:\/\/tvc.mx\/media\/76056\/D5370-USBconfig6.png\" alt=\" \" \/><\/div>\n<div class=\"col-md-7 text-md-left text-center\">\n<h2>Caracter\u00edsticas y Especificaciones<\/h2>\n<p class=\"text-muted\">\n<p><strong>Nota: D5370-USB Llave de seguridad USB<\/strong><\/p>\n<p><strong>Accesorio de seguridad necesario para la comunicaci\u00f3n de RPS.\u00a0<\/strong><\/p>\n<p><strong>N\u00famero de pedido D5370-USB<\/strong><\/p>\n<p><strong>Piezas incluidas<\/strong><\/p>\n<p><strong>Cantidad de componente<\/strong><\/p>\n<ul>\n<li>1 Adaptador de seguridad.<\/li>\n<\/ul>\n<p><strong>Principales caracter\u00edsticas<\/strong><\/p>\n<ul>\n<li>\u00a0Accesorio necesario para que RPS permita la comunicaci\u00f3n (excepto para los paneles de control B Series).<\/li>\n<li>Se conecta f\u00e1cilmente al puerto USB de un ordenador.<\/li>\n<\/ul>\n<p><strong>Especificaciones<\/strong><\/p>\n<ul>\n<li class=\"ql-align-justify\">Accesorio de Seguridad USB para el Software de Intrusi\u00f3n de Bosch RPS.<\/li>\n<li class=\"ql-align-justify\">Sin la llave de seguridad USB, no es posible la comunicaci\u00f3n con el panel de control.<\/li>\n<li class=\"ql-align-justify\">Color: Rojo.<\/li>\n<li class=\"ql-align-justify\">Tama\u00f1o compacto y de f\u00e1cil instalaci\u00f3n.<\/li>\n<\/ul>\n<\/div>\n<\/div>\n","protected":false},"excerpt":{"rendered":"<p>D5370-USB Llave de seguridad USB &nbsp; Resumen del sistema El D5370\u2011USB es un accesorio de seguridad para RPS. Sin \u00e9l, la comunicaci\u00f3n no es posible. Se conecta al puerto USB del PC y es de color rojo. &nbsp; Funciones b\u00e1sicas Accesorio de seguridad necesario para&hellip;<\/p>\n","protected":false},"featured_media":3176,"comment_status":"open","ping_status":"closed","template":"","meta":{"om_disable_all_campaigns":false,"_monsterinsights_skip_tracking":false,"_monsterinsights_sitenote_active":false,"_monsterinsights_sitenote_note":"","_monsterinsights_sitenote_category":0},"product_brand":[],"product_cat":[215],"product_tag":[212,211,151],"class_list":{"0":"post-3177","1":"product","2":"type-product","3":"status-publish","4":"has-post-thumbnail","6":"product_cat-accesorios-alarmas-alarmas-bosch","7":"product_tag-alarmas","8":"product_tag-alarmas-e-intrusion","9":"product_tag-seguridad","11":"first","12":"instock","13":"sale","14":"taxable","15":"shipping-taxable","16":"purchasable","17":"product-type-simple"},"aioseo_notices":[],"_links":{"self":[{"href":"https:\/\/tecsecmty.com\/index.php\/wp-json\/wp\/v2\/product\/3177","targetHints":{"allow":["GET"]}}],"collection":[{"href":"https:\/\/tecsecmty.com\/index.php\/wp-json\/wp\/v2\/product"}],"about":[{"href":"https:\/\/tecsecmty.com\/index.php\/wp-json\/wp\/v2\/types\/product"}],"replies":[{"embeddable":true,"href":"https:\/\/tecsecmty.com\/index.php\/wp-json\/wp\/v2\/comments?post=3177"}],"version-history":[{"count":0,"href":"https:\/\/tecsecmty.com\/index.php\/wp-json\/wp\/v2\/product\/3177\/revisions"}],"wp:featuredmedia":[{"embeddable":true,"href":"https:\/\/tecsecmty.com\/index.php\/wp-json\/wp\/v2\/media\/3176"}],"wp:attachment":[{"href":"https:\/\/tecsecmty.com\/index.php\/wp-json\/wp\/v2\/media?parent=3177"}],"wp:term":[{"taxonomy":"product_brand","embeddable":true,"href":"https:\/\/tecsecmty.com\/index.php\/wp-json\/wp\/v2\/product_brand?post=3177"},{"taxonomy":"product_cat","embeddable":true,"href":"https:\/\/tecsecmty.com\/index.php\/wp-json\/wp\/v2\/product_cat?post=3177"},{"taxonomy":"product_tag","embeddable":true,"href":"https:\/\/tecsecmty.com\/index.php\/wp-json\/wp\/v2\/product_tag?post=3177"}],"curies":[{"name":"wp","href":"https:\/\/api.w.org\/{rel}","templated":true}]}}