{"id":3179,"date":"2023-02-23T00:15:32","date_gmt":"2023-02-23T06:15:32","guid":{"rendered":"https:\/\/tecsecmty.com\/index.php\/producto\/bosch-i_d5500cusb-software-rps-con-usb-dongle-para-programacion-de-panel-de-alarma-serie-b-y-g\/"},"modified":"2023-03-22T23:21:20","modified_gmt":"2023-03-23T05:21:20","slug":"bosch-i_d5500cusb-software-rps-con-usb-dongle-para-programacion-de-panel-de-alarma-serie-b-y-g","status":"publish","type":"product","link":"https:\/\/tecsecmty.com\/index.php\/producto\/bosch-i_d5500cusb-software-rps-con-usb-dongle-para-programacion-de-panel-de-alarma-serie-b-y-g\/","title":{"rendered":"BOSCH I_D5500CUSB &#8211; Software RPS con USB DONGLE para programacion de panel de alarma serie b y g"},"content":{"rendered":"<p><img fetchpriority=\"high\" decoding=\"async\" class=\"aligncenter\" src=\"http:\/\/soporte.tvc.mx\/Ingenieria\/BOSCH\/BANNER\/ALLTECH.jpg\" alt=\"\" width=\"734\" height=\"188\" \/><\/p>\n<p>&nbsp;<\/p>\n<p>&nbsp;<\/p>\n<p>El RPS proporciona a los usuarios que disponen de un m\u00f3dem y utilizan Microsoft Windows en su equipo las siguientes posibilidades para paneles de control espec\u00edficos: programaci\u00f3n remota, almacenamiento de documentos, control remoto y resoluci\u00f3n de problemas.<\/p>\n<p>&nbsp;<\/p>\n<p><strong>Interfaz La interfaz permite al usuario:\u00a0<\/strong><\/p>\n<ul>\n<li>Clasificar las columnas en orden ascendente o descendente.<\/li>\n<li>Iniciar o cerrar sesi\u00f3n sin necesidad de finalizar el software. La interfaz ofrece al usuario:<\/li>\n<li>Un cuadro de di\u00e1logo de progreso animado que funciona durante los procesos de sincronizaci\u00f3n y descargas del panel de control.<\/li>\n<li>Un enlace de acceso r\u00e1pido a cuentas espec\u00edficas.<\/li>\n<\/ul>\n<p>&nbsp;<\/p>\n<p>La interfaz se apaga autom\u00e1ticamente cuando no hay ninguna comunicaci\u00f3n activa. Funci\u00f3n de informes Todos los tipos de informes son plenamente funcionales. El usuario puede seleccionar una serie de p\u00e1ginas e imprimirlas o guardarlas como archivos HTML, .pdf, .rtf, .xls o .txt. Ayuda r\u00e1pida y contextual Los archivos de ayuda, seleccionables y sensibles al contexto, corresponden a los elementos de la hoja de registro del programa guardados para cada panel de control. La ventana de la cuenta del panel de control proporciona informaci\u00f3n de ayuda r\u00e1pida acerca de los campos de configuraci\u00f3n del panel de control. La informaci\u00f3n de ayuda r\u00e1pida va cambiando a medida que el cursor se mueve sobre los diferentes campos. Accesibilidad a redes de \u00e1rea local y extendida El RPS utiliza direcciones IP est\u00e1ticas o un nombre de host, incluidos sistemas de nombre de dominio (DNS), para conectar paneles de control en una red de \u00e1rea local (LAN) o una red de \u00e1rea amplia (WAN). La conexi\u00f3n proporciona cargas y descargas r\u00e1pidas.<\/p>\n<p>&nbsp;<\/p>\n<p><strong>Principales Caracteristicas:<\/strong><\/p>\n<ul>\n<li>Admite m\u00faltiples estaciones de trabajo en una sola red.<\/li>\n<li>Admite bases de datos de SQL.<\/li>\n<li>Compatible con sistemas operativos Microsoft Windows, incluido Windows 7.<\/li>\n<li>Para configuraci\u00f3n v\u00eda red o USB para panel series B Y G.<\/li>\n<\/ul>\n<p>&nbsp;<\/p>\n","protected":false},"excerpt":{"rendered":"<p>&nbsp; &nbsp; El RPS proporciona a los usuarios que disponen de un m\u00f3dem y utilizan Microsoft Windows en su equipo las siguientes posibilidades para paneles de control espec\u00edficos: programaci\u00f3n remota, almacenamiento de documentos, control remoto y resoluci\u00f3n de problemas. &nbsp; Interfaz La interfaz permite al&hellip;<\/p>\n","protected":false},"featured_media":3178,"comment_status":"open","ping_status":"closed","template":"","meta":{"om_disable_all_campaigns":false,"_monsterinsights_skip_tracking":false,"_monsterinsights_sitenote_active":false,"_monsterinsights_sitenote_note":"","_monsterinsights_sitenote_category":0},"product_brand":[],"product_cat":[215],"product_tag":[212,211,151],"class_list":{"0":"post-3179","1":"product","2":"type-product","3":"status-publish","4":"has-post-thumbnail","6":"product_cat-accesorios-alarmas-alarmas-bosch","7":"product_tag-alarmas","8":"product_tag-alarmas-e-intrusion","9":"product_tag-seguridad","11":"first","12":"instock","13":"sale","14":"taxable","15":"shipping-taxable","16":"purchasable","17":"product-type-simple"},"aioseo_notices":[],"_links":{"self":[{"href":"https:\/\/tecsecmty.com\/index.php\/wp-json\/wp\/v2\/product\/3179","targetHints":{"allow":["GET"]}}],"collection":[{"href":"https:\/\/tecsecmty.com\/index.php\/wp-json\/wp\/v2\/product"}],"about":[{"href":"https:\/\/tecsecmty.com\/index.php\/wp-json\/wp\/v2\/types\/product"}],"replies":[{"embeddable":true,"href":"https:\/\/tecsecmty.com\/index.php\/wp-json\/wp\/v2\/comments?post=3179"}],"version-history":[{"count":0,"href":"https:\/\/tecsecmty.com\/index.php\/wp-json\/wp\/v2\/product\/3179\/revisions"}],"wp:featuredmedia":[{"embeddable":true,"href":"https:\/\/tecsecmty.com\/index.php\/wp-json\/wp\/v2\/media\/3178"}],"wp:attachment":[{"href":"https:\/\/tecsecmty.com\/index.php\/wp-json\/wp\/v2\/media?parent=3179"}],"wp:term":[{"taxonomy":"product_brand","embeddable":true,"href":"https:\/\/tecsecmty.com\/index.php\/wp-json\/wp\/v2\/product_brand?post=3179"},{"taxonomy":"product_cat","embeddable":true,"href":"https:\/\/tecsecmty.com\/index.php\/wp-json\/wp\/v2\/product_cat?post=3179"},{"taxonomy":"product_tag","embeddable":true,"href":"https:\/\/tecsecmty.com\/index.php\/wp-json\/wp\/v2\/product_tag?post=3179"}],"curies":[{"name":"wp","href":"https:\/\/api.w.org\/{rel}","templated":true}]}}