{"id":3181,"date":"2023-02-23T00:15:34","date_gmt":"2023-02-23T06:15:34","guid":{"rendered":"https:\/\/tecsecmty.com\/index.php\/producto\/bosch-i_d6100rmk-kit-de-montaje-en-rack-conettix-d6100\/"},"modified":"2023-03-22T23:21:20","modified_gmt":"2023-03-23T05:21:20","slug":"bosch-i_d6100rmk-kit-de-montaje-en-rack-conettix-d6100","status":"publish","type":"product","link":"https:\/\/tecsecmty.com\/index.php\/producto\/bosch-i_d6100rmk-kit-de-montaje-en-rack-conettix-d6100\/","title":{"rendered":"BOSCH I_D6100RMK &#8211; Kit de montaje en rack CONETTIX D6100"},"content":{"rendered":"<div class=\"products_description\">\n<p><img fetchpriority=\"high\" decoding=\"async\" class=\"aligncenter\" src=\"http:\/\/soporte.tvc.mx\/Ingenieria\/BOSCH\/BANNER\/ALLTECH.jpg\" alt=\"\" width=\"734\" height=\"187\" \/><\/p>\n<p>&nbsp;<\/p>\n<p>&nbsp;<\/p>\n<p><strong>Montaje para Rack<\/strong><\/p>\n<p><strong>\u00a0<\/strong><\/p>\n<p><strong>Informaci\u00f3n sobre pedidos<\/strong><\/p>\n<ul>\n<li>Kit de montaje en rack Conettix D6100.<\/li>\n<li>Kit de montaje est\u00e1ndar en rack de 48,3 cm (19 pulg.).<\/li>\n<li>N\u00famero de pedido D6100RMK.<\/li>\n<\/ul>\n<p>&nbsp;<\/p>\n<p><strong>Especificaciones:<\/strong><\/p>\n<ul>\n<li><span lang=\"es\">Peso combinado 0,6 kg (1,3 lb).<\/span><\/li>\n<\/ul>\n<p><span lang=\"es\">\u00a0<\/span><\/p>\n<p><span lang=\"es\">\u00a0<\/span><\/p>\n<p><span lang=\"es\">\u00a0<\/span><\/p>\n<\/div>\n<div><\/div>\n","protected":false},"excerpt":{"rendered":"<p>&nbsp; &nbsp; Montaje para Rack \u00a0 Informaci\u00f3n sobre pedidos Kit de montaje en rack Conettix D6100. Kit de montaje est\u00e1ndar en rack de 48,3 cm (19 pulg.). N\u00famero de pedido D6100RMK. &nbsp; Especificaciones: Peso combinado 0,6 kg (1,3 lb). \u00a0 \u00a0 \u00a0<\/p>\n","protected":false},"featured_media":3180,"comment_status":"open","ping_status":"closed","template":"","meta":{"om_disable_all_campaigns":false,"_monsterinsights_skip_tracking":false,"_monsterinsights_sitenote_active":false,"_monsterinsights_sitenote_note":"","_monsterinsights_sitenote_category":0},"product_brand":[],"product_cat":[215],"product_tag":[212,211,151],"class_list":{"0":"post-3181","1":"product","2":"type-product","3":"status-publish","4":"has-post-thumbnail","6":"product_cat-accesorios-alarmas-alarmas-bosch","7":"product_tag-alarmas","8":"product_tag-alarmas-e-intrusion","9":"product_tag-seguridad","11":"first","12":"instock","13":"sale","14":"taxable","15":"shipping-taxable","16":"purchasable","17":"product-type-simple"},"aioseo_notices":[],"_links":{"self":[{"href":"https:\/\/tecsecmty.com\/index.php\/wp-json\/wp\/v2\/product\/3181","targetHints":{"allow":["GET"]}}],"collection":[{"href":"https:\/\/tecsecmty.com\/index.php\/wp-json\/wp\/v2\/product"}],"about":[{"href":"https:\/\/tecsecmty.com\/index.php\/wp-json\/wp\/v2\/types\/product"}],"replies":[{"embeddable":true,"href":"https:\/\/tecsecmty.com\/index.php\/wp-json\/wp\/v2\/comments?post=3181"}],"version-history":[{"count":0,"href":"https:\/\/tecsecmty.com\/index.php\/wp-json\/wp\/v2\/product\/3181\/revisions"}],"wp:featuredmedia":[{"embeddable":true,"href":"https:\/\/tecsecmty.com\/index.php\/wp-json\/wp\/v2\/media\/3180"}],"wp:attachment":[{"href":"https:\/\/tecsecmty.com\/index.php\/wp-json\/wp\/v2\/media?parent=3181"}],"wp:term":[{"taxonomy":"product_brand","embeddable":true,"href":"https:\/\/tecsecmty.com\/index.php\/wp-json\/wp\/v2\/product_brand?post=3181"},{"taxonomy":"product_cat","embeddable":true,"href":"https:\/\/tecsecmty.com\/index.php\/wp-json\/wp\/v2\/product_cat?post=3181"},{"taxonomy":"product_tag","embeddable":true,"href":"https:\/\/tecsecmty.com\/index.php\/wp-json\/wp\/v2\/product_tag?post=3181"}],"curies":[{"name":"wp","href":"https:\/\/api.w.org\/{rel}","templated":true}]}}