{"id":3183,"date":"2023-02-23T00:15:39","date_gmt":"2023-02-23T06:15:39","guid":{"rendered":"https:\/\/tecsecmty.com\/index.php\/producto\/bosch-i_d6200cd-cd-rom-para-recibidor-conettix-d6600-6100\/"},"modified":"2023-03-22T23:21:21","modified_gmt":"2023-03-23T05:21:21","slug":"bosch-i_d6200cd-cd-rom-para-recibidor-conettix-d6600-6100","status":"publish","type":"product","link":"https:\/\/tecsecmty.com\/index.php\/producto\/bosch-i_d6200cd-cd-rom-para-recibidor-conettix-d6600-6100\/","title":{"rendered":"BOSCH I_D6200CD &#8211; CD ROM Para recibidor CONETTIX D6600 \/ 6100"},"content":{"rendered":"<p><img fetchpriority=\"high\" decoding=\"async\" class=\"aligncenter\" src=\"http:\/\/soporte.tvc.mx\/Ingenieria\/BOSCH\/BANNER\/ALLTECH.jpg\" alt=\"\" width=\"734\" height=\"187\" \/><\/p>\n<p>&nbsp;<\/p>\n<p>&nbsp;<\/p>\n<p><strong>CD-ROM que contiene:<\/strong><\/p>\n<p>\u2022 El software de administraci\u00f3n y programaci\u00f3n Conettix D6200, una aplicaci\u00f3n de programaci\u00f3n dise\u00f1ada para trabajar a trav\u00e9s de una red o conexi\u00f3n en serie.<\/p>\n<p>\u2022 Software simulador de automatizaci\u00f3n D6202. \u2022 Software operativo del receptor\/pasarela de comunicaciones Conettix D6100i y del receptor\/ pasarela de comunicaciones Conettix D6600.<\/p>\n<p>\u2022 Software de demostraci\u00f3n del sistema IP Conettix D6600 que puede utilizarse con hasta 10 cuentas.<\/p>\n<p>En el CD tambi\u00e9n se incluye informaci\u00f3n importante para el hardware y software en relaci\u00f3n con el receptor\/pasarela de comunicaciones Conettix D6100i y el receptor\/pasarela de comunicaciones Conettix D6600.<\/p>\n<p>&nbsp;<\/p>\n<p><strong>Informaci\u00f3n sobre pedidos<\/strong><\/p>\n<p>CD\u2011ROM Conettix D6200CD Proporciona software para programaci\u00f3n, funcionamiento, simulaci\u00f3n y demostraciones. Incluye archivos de documentaci\u00f3n en PDF para el hardware y software en relaci\u00f3n con el receptor\/pasarela de comunicaciones Conettix. N\u00famero de pedido D6200CD.<\/p>\n<p>&nbsp;<\/p>\n","protected":false},"excerpt":{"rendered":"<p>&nbsp; &nbsp; CD-ROM que contiene: \u2022 El software de administraci\u00f3n y programaci\u00f3n Conettix D6200, una aplicaci\u00f3n de programaci\u00f3n dise\u00f1ada para trabajar a trav\u00e9s de una red o conexi\u00f3n en serie. \u2022 Software simulador de automatizaci\u00f3n D6202. \u2022 Software operativo del receptor\/pasarela de comunicaciones Conettix D6100i&hellip;<\/p>\n","protected":false},"featured_media":3182,"comment_status":"open","ping_status":"closed","template":"","meta":{"om_disable_all_campaigns":false,"_monsterinsights_skip_tracking":false,"_monsterinsights_sitenote_active":false,"_monsterinsights_sitenote_note":"","_monsterinsights_sitenote_category":0},"product_brand":[],"product_cat":[215],"product_tag":[212,211,151],"class_list":{"0":"post-3183","1":"product","2":"type-product","3":"status-publish","4":"has-post-thumbnail","6":"product_cat-accesorios-alarmas-alarmas-bosch","7":"product_tag-alarmas","8":"product_tag-alarmas-e-intrusion","9":"product_tag-seguridad","11":"first","12":"instock","13":"sale","14":"taxable","15":"shipping-taxable","16":"purchasable","17":"product-type-simple"},"aioseo_notices":[],"_links":{"self":[{"href":"https:\/\/tecsecmty.com\/index.php\/wp-json\/wp\/v2\/product\/3183","targetHints":{"allow":["GET"]}}],"collection":[{"href":"https:\/\/tecsecmty.com\/index.php\/wp-json\/wp\/v2\/product"}],"about":[{"href":"https:\/\/tecsecmty.com\/index.php\/wp-json\/wp\/v2\/types\/product"}],"replies":[{"embeddable":true,"href":"https:\/\/tecsecmty.com\/index.php\/wp-json\/wp\/v2\/comments?post=3183"}],"version-history":[{"count":0,"href":"https:\/\/tecsecmty.com\/index.php\/wp-json\/wp\/v2\/product\/3183\/revisions"}],"wp:featuredmedia":[{"embeddable":true,"href":"https:\/\/tecsecmty.com\/index.php\/wp-json\/wp\/v2\/media\/3182"}],"wp:attachment":[{"href":"https:\/\/tecsecmty.com\/index.php\/wp-json\/wp\/v2\/media?parent=3183"}],"wp:term":[{"taxonomy":"product_brand","embeddable":true,"href":"https:\/\/tecsecmty.com\/index.php\/wp-json\/wp\/v2\/product_brand?post=3183"},{"taxonomy":"product_cat","embeddable":true,"href":"https:\/\/tecsecmty.com\/index.php\/wp-json\/wp\/v2\/product_cat?post=3183"},{"taxonomy":"product_tag","embeddable":true,"href":"https:\/\/tecsecmty.com\/index.php\/wp-json\/wp\/v2\/product_tag?post=3183"}],"curies":[{"name":"wp","href":"https:\/\/api.w.org\/{rel}","templated":true}]}}