{"id":3185,"date":"2023-02-23T00:15:40","date_gmt":"2023-02-23T06:15:40","guid":{"rendered":"https:\/\/tecsecmty.com\/index.php\/producto\/bosch-i_d6201500usb-usb-con-500-cuentas-ip-para-reciv-idor-d6600-d6100i\/"},"modified":"2023-03-22T23:21:21","modified_gmt":"2023-03-23T05:21:21","slug":"bosch-i_d6201500usb-usb-con-500-cuentas-ip-para-reciv-idor-d6600-d6100i","status":"publish","type":"product","link":"https:\/\/tecsecmty.com\/index.php\/producto\/bosch-i_d6201500usb-usb-con-500-cuentas-ip-para-reciv-idor-d6600-d6100i\/","title":{"rendered":"BOSCH I_D6201500USB &#8211; USB Con 500 cuentas IP para RECIV IDOR D6600 \/ D6100i"},"content":{"rendered":"<p><img fetchpriority=\"high\" decoding=\"async\" class=\"aligncenter\" src=\"http:\/\/soporte.tvc.mx\/Ingenieria\/BOSCH\/BANNER\/ALLTECH.jpg\" alt=\"\" width=\"734\" height=\"187\" \/><\/p>\n<p>&nbsp;<\/p>\n<p>Las llaves de seguridad IP de la serie Conettix D6201 ampl\u00edan la capacidad de cuentas IP de cada receptor\/ pasarela de comunicaciones Conettix D6600 conectado al software de administraci\u00f3n y programaci\u00f3n Conettix D6200.<\/p>\n<p>El software de administraci\u00f3n y programaci\u00f3n Conettix D6200 permite a los usuarios ver, cambiar, cargar y descargar par\u00e1metros de programaci\u00f3n para un receptor\/pasarela de comunicaciones Conettix D6600.<\/p>\n<p>El software incluye 10 cuentas IP predeterminadas. Para instalaciones de mayor capacidad, los clientes pueden comprar o actualizar a las llaves de seguridad para ampliar la capacidad de cuentas del sistema D6600 a un m\u00e1ximo de 3200 cuentas IP para cada receptor.<\/p>\n<p>&nbsp;<\/p>\n<p><strong>Principales Caracteristicas:<\/strong><\/p>\n<ul>\n<li>Llave USB para 3200 cuentas IP disponible para instalaciones de mayor capacidad.<\/li>\n<li>Llave USB para 500 cuentas IP disponible para instalaciones y proyectos m\u00e1s peque\u00f1os.<\/li>\n<\/ul>\n<p>&nbsp;<\/p>\n","protected":false},"excerpt":{"rendered":"<p>&nbsp; Las llaves de seguridad IP de la serie Conettix D6201 ampl\u00edan la capacidad de cuentas IP de cada receptor\/ pasarela de comunicaciones Conettix D6600 conectado al software de administraci\u00f3n y programaci\u00f3n Conettix D6200. El software de administraci\u00f3n y programaci\u00f3n Conettix D6200 permite a los&hellip;<\/p>\n","protected":false},"featured_media":3184,"comment_status":"open","ping_status":"closed","template":"","meta":{"om_disable_all_campaigns":false,"_monsterinsights_skip_tracking":false,"_monsterinsights_sitenote_active":false,"_monsterinsights_sitenote_note":"","_monsterinsights_sitenote_category":0},"product_brand":[],"product_cat":[215],"product_tag":[212,211,151],"class_list":{"0":"post-3185","1":"product","2":"type-product","3":"status-publish","4":"has-post-thumbnail","6":"product_cat-accesorios-alarmas-alarmas-bosch","7":"product_tag-alarmas","8":"product_tag-alarmas-e-intrusion","9":"product_tag-seguridad","11":"first","12":"instock","13":"sale","14":"taxable","15":"shipping-taxable","16":"purchasable","17":"product-type-simple"},"aioseo_notices":[],"_links":{"self":[{"href":"https:\/\/tecsecmty.com\/index.php\/wp-json\/wp\/v2\/product\/3185","targetHints":{"allow":["GET"]}}],"collection":[{"href":"https:\/\/tecsecmty.com\/index.php\/wp-json\/wp\/v2\/product"}],"about":[{"href":"https:\/\/tecsecmty.com\/index.php\/wp-json\/wp\/v2\/types\/product"}],"replies":[{"embeddable":true,"href":"https:\/\/tecsecmty.com\/index.php\/wp-json\/wp\/v2\/comments?post=3185"}],"version-history":[{"count":0,"href":"https:\/\/tecsecmty.com\/index.php\/wp-json\/wp\/v2\/product\/3185\/revisions"}],"wp:featuredmedia":[{"embeddable":true,"href":"https:\/\/tecsecmty.com\/index.php\/wp-json\/wp\/v2\/media\/3184"}],"wp:attachment":[{"href":"https:\/\/tecsecmty.com\/index.php\/wp-json\/wp\/v2\/media?parent=3185"}],"wp:term":[{"taxonomy":"product_brand","embeddable":true,"href":"https:\/\/tecsecmty.com\/index.php\/wp-json\/wp\/v2\/product_brand?post=3185"},{"taxonomy":"product_cat","embeddable":true,"href":"https:\/\/tecsecmty.com\/index.php\/wp-json\/wp\/v2\/product_cat?post=3185"},{"taxonomy":"product_tag","embeddable":true,"href":"https:\/\/tecsecmty.com\/index.php\/wp-json\/wp\/v2\/product_tag?post=3185"}],"curies":[{"name":"wp","href":"https:\/\/api.w.org\/{rel}","templated":true}]}}