{"id":3187,"date":"2023-02-23T00:15:43","date_gmt":"2023-02-23T06:15:43","guid":{"rendered":"https:\/\/tecsecmty.com\/index.php\/producto\/bosch-i_d6641-tarjeta-de-lineas-telefonicas\/"},"modified":"2023-03-22T23:21:21","modified_gmt":"2023-03-23T05:21:21","slug":"bosch-i_d6641-tarjeta-de-lineas-telefonicas","status":"publish","type":"product","link":"https:\/\/tecsecmty.com\/index.php\/producto\/bosch-i_d6641-tarjeta-de-lineas-telefonicas\/","title":{"rendered":"BOSCH I_D6641- TARJETA DE LINEAS TELEFONICAS"},"content":{"rendered":"<h5 class=\"card-title text-center\">Tarjeta de l\u00edneas telef\u00f3nicas Conettix D6641<\/h5>\n<p class=\"ql-align-justify\"><strong>Tarjeta de l\u00edneas con tecnolog\u00eda de procesador digital de se\u00f1ales (DSP). Responde y descodifica las se\u00f1ales de hasta cuatro l\u00edneas telef\u00f3nicas de forma simult\u00e1nea.\u00a0<\/strong>El receptor\/pasarela de comunicaciones Conettix D6600 aceptar\u00e1 hasta ocho tarjetas de l\u00edneas telef\u00f3nicas para crear un total de 32 l\u00edneas telef\u00f3nicas. Requiere una tarjeta de terminador de l\u00edneas telef\u00f3nicas Conettix D6645.<\/p>\n<p class=\"ql-align-justify\"><strong>Certificados y homologaciones\u00a0<\/strong><\/p>\n<p class=\"ql-align-justify\"><strong>Regi\u00f3n Certificaci\u00f3n<\/strong><\/p>\n<p class=\"ql-align-justify\"><strong>Europa<\/strong><\/p>\n<ul>\n<li class=\"ql-align-justify\">CE 2004\/108\/EC; 2006\/95\/EC; 1999\/5\/EC; EN55022: 2006 +A1:2007, Class A; EN50130-4: 1995 +A1:1998 +A22003; EN60950-1: 2006; EN61000-3-2:2000; EN61000-3-3:1995; TBR21: 1998.<\/li>\n<\/ul>\n<p class=\"ql-align-justify\"><strong>EE.UU.<\/strong><\/p>\n<ul>\n<li class=\"ql-align-justify\">UL AMCX: Central Station Alarm Units (UL1610, UL1635), APAW: Police Station Alarm Units (UL365, UL464).<\/li>\n<\/ul>\n<p class=\"ql-align-justify\"><strong>Nota: Tarjeta de l\u00edneas telef\u00f3nicas Conettix D6641<\/strong><\/p>\n<p class=\"ql-align-justify\"><strong>Proporciona tecnolog\u00eda DSP. Responde y descodifica las se\u00f1ales de hasta cuatro l\u00edneas telef\u00f3nicas.<\/strong><\/p>\n<p class=\"ql-align-justify\"><strong>N\u00famero de pedido: D6641<\/strong><\/p>\n<p><img decoding=\"async\" class=\"overview-center-img-web\" src=\"https:\/\/tvc.mx\/media\/38544\/Logoopaginas-oficial-1920x400.png\" alt=\"\" \/><\/p>\n","protected":false},"excerpt":{"rendered":"<p>Tarjeta de l\u00edneas telef\u00f3nicas Conettix D6641 Tarjeta de l\u00edneas con tecnolog\u00eda de procesador digital de se\u00f1ales (DSP). Responde y descodifica las se\u00f1ales de hasta cuatro l\u00edneas telef\u00f3nicas de forma simult\u00e1nea.\u00a0El receptor\/pasarela de comunicaciones Conettix D6600 aceptar\u00e1 hasta ocho tarjetas de l\u00edneas telef\u00f3nicas para crear un&hellip;<\/p>\n","protected":false},"featured_media":3186,"comment_status":"open","ping_status":"closed","template":"","meta":{"om_disable_all_campaigns":false,"_monsterinsights_skip_tracking":false,"_monsterinsights_sitenote_active":false,"_monsterinsights_sitenote_note":"","_monsterinsights_sitenote_category":0},"product_brand":[],"product_cat":[215],"product_tag":[212,211,151],"class_list":{"0":"post-3187","1":"product","2":"type-product","3":"status-publish","4":"has-post-thumbnail","6":"product_cat-accesorios-alarmas-alarmas-bosch","7":"product_tag-alarmas","8":"product_tag-alarmas-e-intrusion","9":"product_tag-seguridad","11":"first","12":"instock","13":"sale","14":"taxable","15":"shipping-taxable","16":"purchasable","17":"product-type-simple"},"aioseo_notices":[],"_links":{"self":[{"href":"https:\/\/tecsecmty.com\/index.php\/wp-json\/wp\/v2\/product\/3187","targetHints":{"allow":["GET"]}}],"collection":[{"href":"https:\/\/tecsecmty.com\/index.php\/wp-json\/wp\/v2\/product"}],"about":[{"href":"https:\/\/tecsecmty.com\/index.php\/wp-json\/wp\/v2\/types\/product"}],"replies":[{"embeddable":true,"href":"https:\/\/tecsecmty.com\/index.php\/wp-json\/wp\/v2\/comments?post=3187"}],"version-history":[{"count":0,"href":"https:\/\/tecsecmty.com\/index.php\/wp-json\/wp\/v2\/product\/3187\/revisions"}],"wp:featuredmedia":[{"embeddable":true,"href":"https:\/\/tecsecmty.com\/index.php\/wp-json\/wp\/v2\/media\/3186"}],"wp:attachment":[{"href":"https:\/\/tecsecmty.com\/index.php\/wp-json\/wp\/v2\/media?parent=3187"}],"wp:term":[{"taxonomy":"product_brand","embeddable":true,"href":"https:\/\/tecsecmty.com\/index.php\/wp-json\/wp\/v2\/product_brand?post=3187"},{"taxonomy":"product_cat","embeddable":true,"href":"https:\/\/tecsecmty.com\/index.php\/wp-json\/wp\/v2\/product_cat?post=3187"},{"taxonomy":"product_tag","embeddable":true,"href":"https:\/\/tecsecmty.com\/index.php\/wp-json\/wp\/v2\/product_tag?post=3187"}],"curies":[{"name":"wp","href":"https:\/\/api.w.org\/{rel}","templated":true}]}}