{"id":3191,"date":"2023-02-23T00:15:51","date_gmt":"2023-02-23T06:15:51","guid":{"rendered":"https:\/\/tecsecmty.com\/index.php\/producto\/bosch-i_d9127u-modulo-popit\/"},"modified":"2023-03-22T23:21:21","modified_gmt":"2023-03-23T05:21:21","slug":"bosch-i_d9127u-modulo-popit","status":"publish","type":"product","link":"https:\/\/tecsecmty.com\/index.php\/producto\/bosch-i_d9127u-modulo-popit\/","title":{"rendered":"BOSCH I_D9127U &#8211; Modulo POPIT"},"content":{"rendered":"<div class=\"row aling-items-center padding-bottom-2x\">\n<div class=\"col-lg-12\">\n<h5 class=\"card-title text-center\">D9127 Series POPIT Modules<\/h5>\n<p>&nbsp;<\/p>\n<p><img decoding=\"async\" class=\"overview-center-img-web\" src=\"https:\/\/tvc.mx\/media\/94153\/Logoopaginas-oficial-1920x400.png\" alt=\"\" \/><\/div>\n<\/div>\n<div class=\"row align-items-center padding-bottom-2x\">\n<div class=\"col-md-5\"><img decoding=\"async\" class=\"d-block m-auto img-thumbnail\" src=\"https:\/\/tvc.mx\/media\/94157\/D9127Uconfig5.png\" alt=\" \" \/><\/div>\n<div class=\"col-md-7 text-md-left text-center\">\n<h2>Resumen del sistema<\/h2>\n<p class=\"text-muted\">\n<p class=\"ql-align-justify\">Los m\u00f3dulos POPIT de la serie D9127 incluyen el D9127T (con interruptor de sabotaje magn\u00e9tico) y el D9127U (sin manipulaci\u00f3n). Se usan con un D8125 o B299 m\u00f3dulo de expansi\u00f3n direccionable cuando sea necesario para expandir un panel de control compatible m\u00e1s all\u00e1 de su n\u00famero est\u00e1ndar de zonas de iniciaci\u00f3n a bordo o puntos. La futura expansi\u00f3n del sistema es muy econ\u00f3mica ya que los POPIT de la serie D9127 se pueden agregar en cualquier lugar<\/p>\n<p class=\"ql-align-justify\">el bucle de expansi\u00f3n de datos de dos hilos del D8125 o m\u00f3dulos B299.<\/p>\n<p class=\"ql-align-justify\">Ambos m\u00f3dulos incluyen tecnolog\u00eda probada que combina supervisi\u00f3n de zona y punto con supervisi\u00f3n individual direccionamiento del dispositivo en un par de cables. Tornillo terminales proporcionan conexiones confiables para los datos circuito de expansi\u00f3n y cableado del circuito del sensor supervisado. Instale una resistencia de fin de l\u00ednea de 33 k\u03a9 en el punto m\u00e1s alejado<\/p>\n<p class=\"ql-align-justify\">en el circuito para una supervisi\u00f3n adecuada. Las unidades son peque\u00f1as y se instala f\u00e1cilmente en cajas de salida est\u00e1ndar, arriba falsos techos, armarios u otros lugares accesibles.<\/p>\n<p>&nbsp;<\/p>\n<\/div>\n<\/div>\n<hr class=\"padding-bottom-2x\" \/>\n<div class=\"row align-items-center padding-bottom-2x\">\n<div class=\"col-md-5 order-md-2\"><img decoding=\"async\" class=\"d-block m-auto img-thumbnail\" src=\"https:\/\/tvc.mx\/media\/94161\/D9127Uconfig6.png\" alt=\" \" \/><\/div>\n<div class=\"col-md-7 order-md-1 text-md-left text-center\">\n<h2>Notas de configuraci\u00f3n\/instalaci\u00f3n<\/h2>\n<p class=\"text-muted\">\n<p class=\"ql-align-justify\"><strong>Informaci\u00f3n de compatibilidad<\/strong><\/p>\n<p class=\"ql-align-justify\">Paneles de control Todos los paneles de control de la serie:<\/p>\n<ul>\n<li class=\"ql-align-justify\">G, D9412, D7412,<\/li>\n<li class=\"ql-align-justify\">D7212, D7212B1, D9112, D9112B1,<\/li>\n<li class=\"ql-align-justify\">D8112G1, D8112G2 y D9124<\/li>\n<\/ul>\n<p class=\"ql-align-justify\"><strong>M\u00f3dulos:<\/strong><\/p>\n<ul>\n<li class=\"ql-align-justify\">D8125, B299<\/li>\n<\/ul>\n<p class=\"ql-align-justify\">Se requieren los m\u00f3dulos POPEX D8125 o B299 los los m\u00f3dulos D9127 est\u00e1n cableados en paralelo en el D8125 o B299 bucles de datos.<\/p>\n<p class=\"ql-align-justify\">N\u00famero de m\u00f3dulos POPIT por panel de control:<\/p>\n<ul>\n<li class=\"ql-align-justify\">D7212G, D7212GV2, D7212GV3 32 D9127 POPITs<\/li>\n<li class=\"ql-align-justify\">D7212B1 40 D9127 POPITs<\/li>\n<li class=\"ql-align-justify\">D7212, D7412, D7412G, D7412GV2,<\/li>\n<li class=\"ql-align-justify\">D7412GV3, D7412GV4<\/li>\n<li class=\"ql-align-justify\">67 D9127 POPITs<\/li>\n<li class=\"ql-align-justify\">D9124 119 D9127 POPITs<\/li>\n<li class=\"ql-align-justify\">D9112B1 126 D9127 POPITs<\/li>\n<li class=\"ql-align-justify\">D9112, D9412, D9412G, D9412GV2,<\/li>\n<li class=\"ql-align-justify\">D9412GV3, D9412GV4<\/li>\n<li class=\"ql-align-justify\">238 D9127 POPITs<\/li>\n<li class=\"ql-align-justify\">B8512G (D8125) 67 D9127 POPITs<\/li>\n<li class=\"ql-align-justify\">B8512G (B299) 91 D9127 POPITs<\/li>\n<li class=\"ql-align-justify\">B9512G (D8125) 238 D9127 POPITs<\/li>\n<li class=\"ql-align-justify\">B9512G (B299) 591 D9127 POPITs<\/li>\n<\/ul>\n<p class=\"ql-align-justify\"><strong>Consideraciones de cableado<\/strong><\/p>\n<p class=\"ql-align-justify\">Tama\u00f1o del cable<\/p>\n<p class=\"ql-align-justify\">Longitud m\u00e1xima de todos los datos<\/p>\n<ul>\n<li class=\"ql-align-justify\">0,8 mm (22 AWG) 549 m (1800 pies).<\/li>\n<li class=\"ql-align-justify\">1,0 mm (20 AWG) 881 m (2890 pies).<\/li>\n<li class=\"ql-align-justify\">1,2 mm (18 AWG) 1402 m (4600 pies).<\/li>\n<li class=\"ql-align-justify\">1,5 mm (16 AWG) 2231 m (7320 pies).<\/li>\n<li class=\"ql-align-justify\">1,8 mm (14 AWG) 3551 m (11650 pies).<\/li>\n<\/ul>\n<p class=\"ql-align-justify\"><strong>Bucles POPIT D8125 o B299<\/strong><\/p>\n<p class=\"ql-align-justify\">Utilice un bucle de expansi\u00f3n de datos de dos hilos o distribuya los POPITs en m\u00faltiples bucles. Las longitudes m\u00e1ximas que se muestran en la siguiente tabla son para toda la expansi\u00f3n de datos<\/p>\n<p class=\"ql-align-justify\">bucles combinados conectados al mismo D8125 o m\u00f3dulo B299. Configuraci\u00f3n de interruptores DIP en el POPIT los m\u00f3dulos los asignan a n\u00fameros de puntos. El interruptor establecer en cada POPIT le asigna un n\u00famero de punto, independientemente de su ubicaci\u00f3n f\u00edsica.<\/p>\n<p class=\"ql-align-justify\"><strong>POPIT a bucles de sensor<\/strong><\/p>\n<p class=\"ql-align-justify\">El n\u00famero de dispositivos de detecci\u00f3n que cada lazo de sensor puede supervisar est\u00e1 limitado solo por la resistencia en el bucle. la resistencia en cada lazo del sensor debe ser inferior a 100 \u03a9 sin incluir la resistencia de fin de l\u00ednea (EOL). Ciertos UL y National Fire Protection Association (NFPA) las aplicaciones pueden limitar la cantidad de detecci\u00f3n dispositivos. Consulte la UL o NFPA apropiada normas termine cada bucle del sensor POPIT con la EOL de 33 k\u03a9 resistencia incluida con cada POPIT.<\/p>\n<p class=\"ql-align-justify\">Use un cable de par trenzado (seis giros por pie) en todos Instalaciones POPIT tanto para el bucle de expansi\u00f3n de datos cableado y los bucles del sensor POPIT. Tienda cables de fuentes de CA para evitar la inducci\u00f3n de CA.<\/p>\n<p>&nbsp;<\/p>\n<\/div>\n<\/div>\n<hr class=\"padding-bottom-2x\" \/>\n<div class=\"row align-items-center padding-bottom-2x\">\n<div class=\"col-md-5\"><img decoding=\"async\" class=\"d-block m-auto img-thumbnail\" src=\"https:\/\/tvc.mx\/media\/94165\/D9127Uconfig7.png\" alt=\" \" \/><\/div>\n<div class=\"col-md-7 text-md-left text-center\">\n<h2>Caracter\u00edsticas y Especificaciones<\/h2>\n<p class=\"text-muted\">\n<p class=\"ql-align-justify\"><strong>Nota:\u00a0<\/strong><strong>D9127U M\u00f3dulo de entrada POPIT sin sabotaje<\/strong><\/p>\n<p class=\"ql-align-justify\"><strong>Sin interruptor de sabotaje.<\/strong><\/p>\n<p class=\"ql-align-justify\"><strong>N\u00famero de pedido: D9127U<\/strong><\/p>\n<p class=\"ql-align-justify\"><strong>Principales caracter\u00edsticas<\/strong><\/p>\n<ul>\n<li class=\"ql-align-justify\">Proporciona identificaci\u00f3n de puntos de dispositivos iniciadores.<\/li>\n<li class=\"ql-align-justify\">Supervisa el cableado a los dispositivos para la integridad del circuito.<\/li>\n<li class=\"ql-align-justify\">Expande el n\u00famero de puntos en el sistema Tama\u00f1o compacto.<\/li>\n<li class=\"ql-align-justify\">Conexiones de terminal para confiabilidad<\/li>\n<\/ul>\n<p class=\"ql-align-justify\"><strong>Especificaciones<\/strong><\/p>\n<p class=\"ql-align-justify\"><strong>Consideraciones ambientales<\/strong><\/p>\n<ul>\n<li class=\"ql-align-justify\">Humedad relativa Hasta 93% sin condensaci\u00f3n<\/li>\n<li class=\"ql-align-justify\">Temperatura (operando): De 0 \u00b0 C a + 60 \u00b0 C (+ 32 \u00b0 F a + 140 \u00b0 F).<\/li>\n<li class=\"ql-align-justify\">Para instalaciones certificadas por UL: 0 \u00b0 C a + 50 \u00b0 C (+ 32 \u00b0 F a + 122 \u00b0 F).<\/li>\n<\/ul>\n<p class=\"ql-align-justify\"><strong>Propiedades<\/strong><\/p>\n<ul>\n<li class=\"ql-align-justify\">Color: blanco roto.<\/li>\n<li class=\"ql-align-justify\">Dimensiones 8.1 cm x 3.8 cm x 2.4 cm (3.2 pulg. X 1.5 pulg. X 0.9 pulg.)<\/li>\n<li class=\"ql-align-justify\">Material: UL listado resistente al fuego<\/li>\n<\/ul>\n<p class=\"ql-align-justify\"><strong>Requerimientos de energ\u00eda<\/strong><\/p>\n<ul>\n<li class=\"ql-align-justify\">Consumo de corriente 0.8 mA m\u00e1ximo<\/li>\n<li class=\"ql-align-justify\">Resistencia Incremento m\u00e1ximo de resistencia en el POPIT el bucle es de 1000 \u03a9. M\u00e1xima resistencia entrelos m\u00f3dulos D8125 o B299 y cada POPIT es de 90 \u03a9.<\/li>\n<li class=\"ql-align-justify\">Voltaje (en funcionamiento) 12 V CC nominal.<\/li>\n<\/ul>\n<p class=\"ql-align-justify\"><strong>Lazo del sensor<\/strong><\/p>\n<ul>\n<li class=\"ql-align-justify\">Resistencia La resistencia m\u00e1xima en el lazo del sensor es<\/li>\n<li class=\"ql-align-justify\">100 \u03a9.<\/li>\n<li class=\"ql-align-justify\">Tiempo de respuesta 1 seg. Aproximadamente<\/li>\n<\/ul>\n<\/div>\n<\/div>\n","protected":false},"excerpt":{"rendered":"<p>D9127 Series POPIT Modules &nbsp; Resumen del sistema Los m\u00f3dulos POPIT de la serie D9127 incluyen el D9127T (con interruptor de sabotaje magn\u00e9tico) y el D9127U (sin manipulaci\u00f3n). Se usan con un D8125 o B299 m\u00f3dulo de expansi\u00f3n direccionable cuando sea necesario para expandir un&hellip;<\/p>\n","protected":false},"featured_media":3190,"comment_status":"open","ping_status":"closed","template":"","meta":{"om_disable_all_campaigns":false,"_monsterinsights_skip_tracking":false,"_monsterinsights_sitenote_active":false,"_monsterinsights_sitenote_note":"","_monsterinsights_sitenote_category":0},"product_brand":[],"product_cat":[215],"product_tag":[212,211,151],"class_list":{"0":"post-3191","1":"product","2":"type-product","3":"status-publish","4":"has-post-thumbnail","6":"product_cat-accesorios-alarmas-alarmas-bosch","7":"product_tag-alarmas","8":"product_tag-alarmas-e-intrusion","9":"product_tag-seguridad","11":"first","12":"instock","13":"sale","14":"taxable","15":"shipping-taxable","16":"purchasable","17":"product-type-simple"},"aioseo_notices":[],"_links":{"self":[{"href":"https:\/\/tecsecmty.com\/index.php\/wp-json\/wp\/v2\/product\/3191","targetHints":{"allow":["GET"]}}],"collection":[{"href":"https:\/\/tecsecmty.com\/index.php\/wp-json\/wp\/v2\/product"}],"about":[{"href":"https:\/\/tecsecmty.com\/index.php\/wp-json\/wp\/v2\/types\/product"}],"replies":[{"embeddable":true,"href":"https:\/\/tecsecmty.com\/index.php\/wp-json\/wp\/v2\/comments?post=3191"}],"version-history":[{"count":0,"href":"https:\/\/tecsecmty.com\/index.php\/wp-json\/wp\/v2\/product\/3191\/revisions"}],"wp:featuredmedia":[{"embeddable":true,"href":"https:\/\/tecsecmty.com\/index.php\/wp-json\/wp\/v2\/media\/3190"}],"wp:attachment":[{"href":"https:\/\/tecsecmty.com\/index.php\/wp-json\/wp\/v2\/media?parent=3191"}],"wp:term":[{"taxonomy":"product_brand","embeddable":true,"href":"https:\/\/tecsecmty.com\/index.php\/wp-json\/wp\/v2\/product_brand?post=3191"},{"taxonomy":"product_cat","embeddable":true,"href":"https:\/\/tecsecmty.com\/index.php\/wp-json\/wp\/v2\/product_cat?post=3191"},{"taxonomy":"product_tag","embeddable":true,"href":"https:\/\/tecsecmty.com\/index.php\/wp-json\/wp\/v2\/product_tag?post=3191"}],"curies":[{"name":"wp","href":"https:\/\/api.w.org\/{rel}","templated":true}]}}