{"id":3197,"date":"2023-02-23T00:15:59","date_gmt":"2023-02-23T06:15:59","guid":{"rendered":"https:\/\/tecsecmty.com\/index.php\/producto\/bosch-i_iscpb1100-boton-de-panico-nd100-glt-bosch-pulsador-de-emergencia\/"},"modified":"2023-03-22T23:21:23","modified_gmt":"2023-03-23T05:21:23","slug":"bosch-i_iscpb1100-boton-de-panico-nd100-glt-bosch-pulsador-de-emergencia","status":"publish","type":"product","link":"https:\/\/tecsecmty.com\/index.php\/producto\/bosch-i_iscpb1100-boton-de-panico-nd100-glt-bosch-pulsador-de-emergencia\/","title":{"rendered":"BOSCH I_ISCPB1100 &#8211; Boton de panico \/ ND100 GLT BOSCH \/ Pulsador de emergencia"},"content":{"rendered":"<div class=\"row aling-items-center padding-bottom-2x\">\n<div class=\"col-lg-12\">\n<h5 class=\"card-title text-center\">ISC-PB1-100 &#8211; Boton de p\u00e1nico \/ ND 100 GLT BOSCH<\/h5>\n<p>El pulsador de p\u00e1nico se utiliza para la activaci\u00f3n manual y discreta de alarmas en lugares que corren un riesgo potencial de sufrir robos, tales como bancos, joyer\u00edas, negocios, casas particulares, etc.<\/p>\n<p><img decoding=\"async\" class=\"overview-center-img-web\" src=\"https:\/\/tvc.mx\/media\/277987\/BANNER-INTRUSION-%282%29-%281%29-%281%29.png\" alt=\"\" \/><\/div>\n<\/div>\n<div class=\"row align-items-center padding-bottom-2x\">\n<div class=\"col-md-5 order-md-2\"><img decoding=\"async\" class=\"d-block m-auto img-thumbnail\" src=\"https:\/\/tvc.mx\/media\/277991\/BOSCH-I-ISCPB1100-Boton-de-panico-ND100-GLT-BOSCH-Pulsador-de-emergencia-5.png\" alt=\" \" \/><\/div>\n<div class=\"col-md-7 order-md-1 text-md-left text-center\">\n<h2>Caracter\u00edsticas<\/h2>\n<p class=\"text-muted\">\n<ul>\n<li>Pulsador de p\u00e1nico en tecnolog\u00eda de circuito DC (GLT)<\/li>\n<li>Para conexi\u00f3n con un panel de intrusi\u00f3n u Contacto anti sabotaje<\/li>\n<li>Montaje del cable en superficie o empotrado<\/li>\n<li>Compatible con una tapa opcional con cubierta<\/li>\n<\/ul>\n<p>&nbsp;<\/p>\n<\/div>\n<\/div>\n<hr class=\"padding-bottom-2x\" \/>\n<div class=\"row align-items-center padding-bottom-2x\">\n<div class=\"col-md-5\"><img decoding=\"async\" class=\"d-block m-auto img-thumbnail\" src=\"https:\/\/tvc.mx\/media\/277995\/BOSCH-I-ISCPB1100-Boton-de-panico-ND100-GLT-BOSCH-Pulsador-de-emergencia-6.png\" alt=\" \" \/><\/div>\n<div class=\"col-md-7 text-md-left text-center\">\n<h2>Especificaciones:<\/h2>\n<p class=\"text-muted\">\n<ul>\n<li class=\"ql-align-justify\">Tensi\u00f3n de servicio m\u00ednima en VDC 12.<\/li>\n<li class=\"ql-align-justify\">Tensi\u00f3n de servicio m\u00e1xima en VDC 30.<\/li>\n<li class=\"ql-align-justify\">Consumo m\u00e1ximo de corriente en mA 0.5.<\/li>\n<li class=\"ql-align-justify\">Dimensi\u00f3n en cm (\u00d8 x D) 8,1 x 3,1.<\/li>\n<li class=\"ql-align-justify\">Peso en g 70.<\/li>\n<li class=\"ql-align-justify\">Material de la carcasa ABS.<\/li>\n<li class=\"ql-align-justify\">Color (carcasa) RAL 9002.<\/li>\n<li class=\"ql-align-justify\">Color (cubierta) Gris.<\/li>\n<li class=\"ql-align-justify\">Temperatura m\u00ednima de funcionamiento en \u00b0 C 0.<\/li>\n<li class=\"ql-align-justify\">Temperatura m\u00e1xima de funcionamiento en \u00b0 C 50.<\/li>\n<li class=\"ql-align-justify\">Humedad relativa m\u00e1xima en% 95.<\/li>\n<li class=\"ql-align-justify\">Clase ambiental II.<\/li>\n<\/ul>\n<\/div>\n<\/div>\n","protected":false},"excerpt":{"rendered":"<p>ISC-PB1-100 &#8211; Boton de p\u00e1nico \/ ND 100 GLT BOSCH El pulsador de p\u00e1nico se utiliza para la activaci\u00f3n manual y discreta de alarmas en lugares que corren un riesgo potencial de sufrir robos, tales como bancos, joyer\u00edas, negocios, casas particulares, etc. Caracter\u00edsticas Pulsador de&hellip;<\/p>\n","protected":false},"featured_media":3196,"comment_status":"open","ping_status":"closed","template":"","meta":{"om_disable_all_campaigns":false,"_monsterinsights_skip_tracking":false,"_monsterinsights_sitenote_active":false,"_monsterinsights_sitenote_note":"","_monsterinsights_sitenote_category":0},"product_brand":[],"product_cat":[215],"product_tag":[212,211,151],"class_list":{"0":"post-3197","1":"product","2":"type-product","3":"status-publish","4":"has-post-thumbnail","6":"product_cat-accesorios-alarmas-alarmas-bosch","7":"product_tag-alarmas","8":"product_tag-alarmas-e-intrusion","9":"product_tag-seguridad","11":"first","12":"instock","13":"sale","14":"taxable","15":"shipping-taxable","16":"purchasable","17":"product-type-simple"},"aioseo_notices":[],"_links":{"self":[{"href":"https:\/\/tecsecmty.com\/index.php\/wp-json\/wp\/v2\/product\/3197","targetHints":{"allow":["GET"]}}],"collection":[{"href":"https:\/\/tecsecmty.com\/index.php\/wp-json\/wp\/v2\/product"}],"about":[{"href":"https:\/\/tecsecmty.com\/index.php\/wp-json\/wp\/v2\/types\/product"}],"replies":[{"embeddable":true,"href":"https:\/\/tecsecmty.com\/index.php\/wp-json\/wp\/v2\/comments?post=3197"}],"version-history":[{"count":0,"href":"https:\/\/tecsecmty.com\/index.php\/wp-json\/wp\/v2\/product\/3197\/revisions"}],"wp:featuredmedia":[{"embeddable":true,"href":"https:\/\/tecsecmty.com\/index.php\/wp-json\/wp\/v2\/media\/3196"}],"wp:attachment":[{"href":"https:\/\/tecsecmty.com\/index.php\/wp-json\/wp\/v2\/media?parent=3197"}],"wp:term":[{"taxonomy":"product_brand","embeddable":true,"href":"https:\/\/tecsecmty.com\/index.php\/wp-json\/wp\/v2\/product_brand?post=3197"},{"taxonomy":"product_cat","embeddable":true,"href":"https:\/\/tecsecmty.com\/index.php\/wp-json\/wp\/v2\/product_cat?post=3197"},{"taxonomy":"product_tag","embeddable":true,"href":"https:\/\/tecsecmty.com\/index.php\/wp-json\/wp\/v2\/product_tag?post=3197"}],"curies":[{"name":"wp","href":"https:\/\/api.w.org\/{rel}","templated":true}]}}