{"id":3199,"date":"2023-02-23T00:16:00","date_gmt":"2023-02-23T06:16:00","guid":{"rendered":"https:\/\/tecsecmty.com\/index.php\/producto\/bosch-i_isncmini10w-contactos-miniatura-lazo-cerrado-ideal-para-marcos-de-ventanas\/"},"modified":"2023-03-22T23:21:24","modified_gmt":"2023-03-23T05:21:24","slug":"bosch-i_isncmini10w-contactos-miniatura-lazo-cerrado-ideal-para-marcos-de-ventanas","status":"publish","type":"product","link":"https:\/\/tecsecmty.com\/index.php\/producto\/bosch-i_isncmini10w-contactos-miniatura-lazo-cerrado-ideal-para-marcos-de-ventanas\/","title":{"rendered":"BOSCH I_ISNCMINI10W- CONTACTOS MINIATURA\/ LAZO CERRADO\/ IDEAL PARA MARCOS DE VENTANAS"},"content":{"rendered":"<h5 class=\"card-title text-center\">Contacto para empotrar en miniatura blanco ISN-CMINI-10W<\/h5>\n<p class=\"ql-align-justify\">Los contactos est\u00e1n disponibles en marr\u00f3n o en blanco. Todos los modelos presentan un aut\u00e9ntico dise\u00f1o de miniatura y son m\u00e1s cortos que los contactos de dise\u00f1o compacto. Para su uso en marcos de ventanas, marcos de puerta estrechos o pantallas de seguridad.\u00a0<strong>Certificados y homologaciones<\/strong><\/p>\n<p class=\"ql-align-justify\"><strong>Certificaci\u00f3n<\/strong><\/p>\n<ul>\n<li class=\"ql-align-justify\">Europa CE 73\/23\/EEC and 93\/68\/EEC, EN50131: 1997, EN50131-6: 1997, EN60950: 2000, EN60335-1: 1994 +A1: 1996 Annex B EE.UU.<\/li>\n<li class=\"ql-align-justify\">UL cULus: AMQV: Connectors and Switches (UL 634), AMQV7: Connectors and Switches Certified for Canada (ULC\/ ORD-C634).<\/li>\n<\/ul>\n<p class=\"ql-align-justify\"><strong>Planificaci\u00f3n Informaci\u00f3n de compatibilidad<\/strong><\/p>\n<p class=\"ql-align-justify\">Todos los modelos de contactos son compatibles con los modelos de paneles de control que admiten entradas de contacto.<\/p>\n<p class=\"ql-align-justify\"><strong>Piezas incluidas<\/strong><\/p>\n<ul>\n<li class=\"ql-align-justify\">Cantidad por paquete: Contactos 10.<\/li>\n<\/ul>\n<p class=\"ql-align-justify\"><strong>Nota: Contacto para empotrar en miniatura blanco ISN-CMINI-10W<\/strong><\/p>\n<p class=\"ql-align-justify\"><strong>Contacto para empotrar blanco con 9,5 mm (0,375 pulg.) de di\u00e1metro. El paquete contiene diez contactos y diez imanes.<\/strong><\/p>\n<p class=\"ql-align-justify\"><strong>N\u00famero de pedido: ISN-CMINI-10W.<\/strong><\/p>\n<p class=\"ql-align-justify\"><strong>Principales caracter\u00edsticas<\/strong><\/p>\n<ul>\n<li class=\"ql-align-justify\">Lazo cerrado.<\/li>\n<li class=\"ql-align-justify\">Perfecto para marcos de ventanas, marcos de puertas estrechos o pantallas de seguridad.<\/li>\n<li class=\"ql-align-justify\">Vers\u00e1tiles.<\/li>\n<\/ul>\n<p class=\"ql-align-justify\"><strong>Especificaciones<\/strong><\/p>\n<ul>\n<li class=\"ql-align-justify\">Distancia: De 12,7 mm a 25 mm (de 0,5 pulg. a 1 pulg.)<\/li>\n<li class=\"ql-align-justify\">Dimensiones del contacto: 9,5 mm x 43 mm (0,375 pulg. x 1,7 pulg.)<\/li>\n<li class=\"ql-align-justify\">Tipo de terminal de cableado: 0,8 mm (0,029 pulg.), 22 AWG, trenzado 7.<\/li>\n<li class=\"ql-align-justify\">Longitud del terminal de cableado: Gu\u00edas est\u00e1ndar de 46 cm (18 pulg.)<\/li>\n<li class=\"ql-align-justify\">Tipo de configuraci\u00f3n del interruptor:<\/li>\n<li class=\"ql-align-justify\">Polo \u00fanico, proyecci\u00f3n \u00fanica (SPST)<\/li>\n<li class=\"ql-align-justify\">Resistencia de contacto m\u00e1xima: 150 \u03bc\u03a9 (microohmios).<\/li>\n<li class=\"ql-align-justify\">Tensi\u00f3n de ruptura m\u00ednima: 200 VCC.<\/li>\n<\/ul>\n<p><img decoding=\"async\" class=\"overview-center-img-web\" src=\"https:\/\/tvc.mx\/media\/45198\/Logoopaginas-oficial-1920x400.png\" alt=\"\" \/><\/p>\n","protected":false},"excerpt":{"rendered":"<p>Contacto para empotrar en miniatura blanco ISN-CMINI-10W Los contactos est\u00e1n disponibles en marr\u00f3n o en blanco. Todos los modelos presentan un aut\u00e9ntico dise\u00f1o de miniatura y son m\u00e1s cortos que los contactos de dise\u00f1o compacto. Para su uso en marcos de ventanas, marcos de puerta&hellip;<\/p>\n","protected":false},"featured_media":3198,"comment_status":"open","ping_status":"closed","template":"","meta":{"om_disable_all_campaigns":false,"_monsterinsights_skip_tracking":false,"_monsterinsights_sitenote_active":false,"_monsterinsights_sitenote_note":"","_monsterinsights_sitenote_category":0},"product_brand":[],"product_cat":[215],"product_tag":[212,211,151],"class_list":{"0":"post-3199","1":"product","2":"type-product","3":"status-publish","4":"has-post-thumbnail","6":"product_cat-accesorios-alarmas-alarmas-bosch","7":"product_tag-alarmas","8":"product_tag-alarmas-e-intrusion","9":"product_tag-seguridad","11":"first","12":"instock","13":"sale","14":"taxable","15":"shipping-taxable","16":"purchasable","17":"product-type-simple"},"aioseo_notices":[],"_links":{"self":[{"href":"https:\/\/tecsecmty.com\/index.php\/wp-json\/wp\/v2\/product\/3199","targetHints":{"allow":["GET"]}}],"collection":[{"href":"https:\/\/tecsecmty.com\/index.php\/wp-json\/wp\/v2\/product"}],"about":[{"href":"https:\/\/tecsecmty.com\/index.php\/wp-json\/wp\/v2\/types\/product"}],"replies":[{"embeddable":true,"href":"https:\/\/tecsecmty.com\/index.php\/wp-json\/wp\/v2\/comments?post=3199"}],"version-history":[{"count":0,"href":"https:\/\/tecsecmty.com\/index.php\/wp-json\/wp\/v2\/product\/3199\/revisions"}],"wp:featuredmedia":[{"embeddable":true,"href":"https:\/\/tecsecmty.com\/index.php\/wp-json\/wp\/v2\/media\/3198"}],"wp:attachment":[{"href":"https:\/\/tecsecmty.com\/index.php\/wp-json\/wp\/v2\/media?parent=3199"}],"wp:term":[{"taxonomy":"product_brand","embeddable":true,"href":"https:\/\/tecsecmty.com\/index.php\/wp-json\/wp\/v2\/product_brand?post=3199"},{"taxonomy":"product_cat","embeddable":true,"href":"https:\/\/tecsecmty.com\/index.php\/wp-json\/wp\/v2\/product_cat?post=3199"},{"taxonomy":"product_tag","embeddable":true,"href":"https:\/\/tecsecmty.com\/index.php\/wp-json\/wp\/v2\/product_tag?post=3199"}],"curies":[{"name":"wp","href":"https:\/\/api.w.org\/{rel}","templated":true}]}}