{"id":3209,"date":"2023-02-23T00:16:12","date_gmt":"2023-02-23T06:16:12","guid":{"rendered":"https:\/\/tecsecmty.com\/index.php\/producto\/bosch-i_rfpbsba-control-remoto-panico-un-boton-frecuencia-433-mhz\/"},"modified":"2023-03-22T23:21:24","modified_gmt":"2023-03-23T05:21:24","slug":"bosch-i_rfpbsba-control-remoto-panico-un-boton-frecuencia-433-mhz","status":"publish","type":"product","link":"https:\/\/tecsecmty.com\/index.php\/producto\/bosch-i_rfpbsba-control-remoto-panico-un-boton-frecuencia-433-mhz\/","title":{"rendered":"BOSCH I_RFPBSBA &#8211; Control remoto panico \/ Un boton \/ Frecuencia 433 Mhz"},"content":{"rendered":"<h5 class=\"card-title text-center\">Transmisor inal\u00e1mbrico de p\u00e1nico de un bot\u00f3n RFPB-SB-A (433,42 MHz)<\/h5>\n<p class=\"ql-align-justify\"><strong>El dispositivo RADION inal\u00e1mbrico de Bosch proporciona una bater\u00eda de duraci\u00f3n excepcional as\u00ed como la escalabilidad y el alcance necesarios para garantizar un rendimiento fiable y una calidad superior.<\/strong>\u00a0El diagn\u00f3stico avanzado y las opciones de registro de varios dispositivos hacen que la instalaci\u00f3n y el mantenimiento sean sencillos y econ\u00f3micos. Con una completa gama de perif\u00e9ricos, RADION ofrece la flexibilidad para adaptarse a pr\u00e1cticamente todas las aplicaciones.<\/p>\n<p class=\"ql-align-justify\"><strong>Resumen del sistema<\/strong><\/p>\n<p class=\"ql-align-justify\">RADION panic es un transmisor inal\u00e1mbrico de uno o dos pulsadores que env\u00eda una se\u00f1al de alarma de p\u00e1nico al sistema de control. Cada transmisor se programa con un c\u00f3digo \u00fanico que permite al sistema de control reconocer los transmisores individuales.<\/p>\n<p class=\"ql-align-justify\"><strong>Funciones b\u00e1sicas<\/strong><\/p>\n<p class=\"ql-align-justify\">RADION panic env\u00eda un c\u00f3digo de p\u00e1nico si se acciona un pulsador o los dos a la vez durante m\u00e1s de 600 milisegundos.<\/p>\n<p class=\"ql-align-justify\"><strong>Resistente al polvo y al agua<\/strong><\/p>\n<p class=\"ql-align-justify\">La carcasa es resistente al polvo y al agua.<\/p>\n<p class=\"ql-align-justify\"><strong>Supervisi\u00f3n<\/strong><\/p>\n<p class=\"ql-align-justify\">Los pulsadores de emergencia de RADION env\u00edan transmisiones de aviso de supervisi\u00f3n a los receptores RADION. Cuando se conecta a un panel de control Bosch compatible con supervisi\u00f3n de los pulsadores de emergencia programables por el usuario, se advierte al panel de control si el receptor no ha recibido una transmisi\u00f3n de aviso de un llavero asignado dentro del intervalo de supervisi\u00f3n.<\/p>\n<p class=\"ql-align-justify\">Nota: La supervisi\u00f3n de estos dispositivos debe configurarse en el panel de control para poder detectar la retirada del dispositivo de la zona de control.<\/p>\n<p class=\"ql-align-justify\"><strong>LED<\/strong><\/p>\n<p class=\"ql-align-justify\">El LED parpadea para indicar que se ha emitido una se\u00f1al a su sistema de seguridad.<\/p>\n<p class=\"ql-align-justify\"><strong>Certificados y homologaciones<\/strong><\/p>\n<p class=\"ql-align-justify\"><strong>Regi\u00f3n Certificado<\/strong><\/p>\n<p class=\"ql-align-justify\"><strong>EE. UU.<\/strong><\/p>\n<ul>\n<li class=\"ql-align-justify\">UL 1023, unidades y sistema de alarma de robo para hogares SIA CP-01:2010.<\/li>\n<\/ul>\n<p class=\"ql-align-justify\"><strong>Europa<\/strong><\/p>\n<ul>\n<li class=\"ql-align-justify\">EN50131-1.<\/li>\n<\/ul>\n<p class=\"ql-align-justify\"><strong>Planificaci\u00f3n<\/strong><\/p>\n<p class=\"ql-align-justify\"><strong>Pilas recomendadas<\/strong><\/p>\n<p class=\"ql-align-justify\">Se recomienda utilizar las siguientes pilas para garantizar un funcionamiento correcto de su mando: Duracell DL2032, Varta CR2032 o Panasonic CR2032.<\/p>\n<p class=\"ql-align-justify\"><strong>Piezas incluidas<\/strong><\/p>\n<p class=\"ql-align-justify\"><strong>Cantidad Componente<\/strong><\/p>\n<ul>\n<li class=\"ql-align-justify\">1 Pulsador de p\u00e1nico.<\/li>\n<li class=\"ql-align-justify\">1 Pila de bot\u00f3n de litio (CR2032).<\/li>\n<li class=\"ql-align-justify\">1 Manual de instalaci\u00f3n.<\/li>\n<\/ul>\n<p class=\"ql-align-justify\"><strong>Nota: Transmisor inal\u00e1mbrico de p\u00e1nico de un bot\u00f3n\u00a0RFPB-SB-A (433,42 MHz) Transmisor inal\u00e1mbrico de p\u00e1nico de un bot\u00f3n. Para uso en Norteam\u00e9rica y Sudam\u00e9rica.<\/strong><\/p>\n<p class=\"ql-align-justify\"><strong>N\u00famero de pedido RFPB-SB-A<\/strong><\/p>\n<p class=\"ql-align-justify\"><strong>Principales caracter\u00edsticas<\/strong><\/p>\n<ul>\n<li class=\"ql-align-justify\">Resistente al polvo y al agua.<\/li>\n<li class=\"ql-align-justify\">Env\u00eda alarmas de p\u00e1nico por usuario para lograr una identificaci\u00f3n un\u00edvoca.<\/li>\n<li class=\"ql-align-justify\">Versiones de uno o dos pulsadores para reducir las activaciones falsas.<\/li>\n<li class=\"ql-align-justify\">Hasta 5 a\u00f1os de vida de la pila.<\/li>\n<li class=\"ql-align-justify\">Supervisi\u00f3n de pila baja y retirada de las zonas de control.<\/li>\n<\/ul>\n<p class=\"ql-align-justify\"><strong>Especificaciones<\/strong><\/p>\n<p class=\"ql-align-justify\"><strong>Propiedades<\/strong><\/p>\n<ul>\n<li class=\"ql-align-justify\">Dimensiones: De 63,7 mm x 35,5 mm x 13,0 mm (2,51 pulg. x 1,40 pulg. x 0,51 pulg.) Alimentaci\u00f3n<\/li>\n<li class=\"ql-align-justify\">Potencia\/voltaje: Una bater\u00eda de litio CR2032 de 3 VDC.<\/li>\n<li class=\"ql-align-justify\">Duraci\u00f3n de la bater\u00eda Hasta 5 a\u00f1os.<\/li>\n<\/ul>\n<p class=\"ql-align-justify\"><strong>Consideraciones medioambientales<\/strong><\/p>\n<p class=\"ql-align-justify\"><strong>Medioambiente<\/strong><\/p>\n<ul>\n<li class=\"ql-align-justify\">Conforme a la norma EN50130-5, clase II.<\/li>\n<li class=\"ql-align-justify\">Humedad relativa Hasta 93% sin condensaci\u00f3n.<\/li>\n<li class=\"ql-align-justify\">Frecuencia 433,42 MHz Uso Dise\u00f1ado para uso en interiores.<\/li>\n<li class=\"ql-align-justify\">Compatibilidad Estaciones de recepci\u00f3n central B810 (compatible solo con RFPB- -SB-A y RFPB-TB-A) RFRC-OPT (compatible solo con RFPB y RFPB-TB).<\/li>\n<\/ul>\n<p class=\"ql-align-justify\"><strong>Temperatura<\/strong><\/p>\n<ul>\n<li class=\"ql-align-justify\">Rango de funcionamiento: De -10\uff9fC &#8211; +49\uff9f (+14\uff9fF &#8211; +120\uff9fF).<\/li>\n<li class=\"ql-align-justify\">Solo para instalaciones UL: De 0\uff9fC &#8211; +49\uff9fC (+32\uff9fF -+120\uff9fF).<\/li>\n<li class=\"ql-align-justify\">Solo para EN 50130-5, clase II: De -10\uff9fC &#8211; 40\uff9fC (+14\uff9fF &#8211; +104\uff9fF).<\/li>\n<\/ul>\n<p><img decoding=\"async\" class=\"overview-center-img-web\" src=\"https:\/\/tvc.mx\/media\/38685\/Logoopaginas-oficial-1920x400.png\" alt=\"\" \/><\/p>\n","protected":false},"excerpt":{"rendered":"<p>Transmisor inal\u00e1mbrico de p\u00e1nico de un bot\u00f3n RFPB-SB-A (433,42 MHz) El dispositivo RADION inal\u00e1mbrico de Bosch proporciona una bater\u00eda de duraci\u00f3n excepcional as\u00ed como la escalabilidad y el alcance necesarios para garantizar un rendimiento fiable y una calidad superior.\u00a0El diagn\u00f3stico avanzado y las opciones de&hellip;<\/p>\n","protected":false},"featured_media":3208,"comment_status":"open","ping_status":"closed","template":"","meta":{"om_disable_all_campaigns":false,"_monsterinsights_skip_tracking":false,"_monsterinsights_sitenote_active":false,"_monsterinsights_sitenote_note":"","_monsterinsights_sitenote_category":0},"product_brand":[],"product_cat":[215],"product_tag":[212,211,151],"class_list":{"0":"post-3209","1":"product","2":"type-product","3":"status-publish","4":"has-post-thumbnail","6":"product_cat-accesorios-alarmas-alarmas-bosch","7":"product_tag-alarmas","8":"product_tag-alarmas-e-intrusion","9":"product_tag-seguridad","11":"first","12":"instock","13":"sale","14":"taxable","15":"shipping-taxable","16":"purchasable","17":"product-type-simple"},"aioseo_notices":[],"_links":{"self":[{"href":"https:\/\/tecsecmty.com\/index.php\/wp-json\/wp\/v2\/product\/3209","targetHints":{"allow":["GET"]}}],"collection":[{"href":"https:\/\/tecsecmty.com\/index.php\/wp-json\/wp\/v2\/product"}],"about":[{"href":"https:\/\/tecsecmty.com\/index.php\/wp-json\/wp\/v2\/types\/product"}],"replies":[{"embeddable":true,"href":"https:\/\/tecsecmty.com\/index.php\/wp-json\/wp\/v2\/comments?post=3209"}],"version-history":[{"count":0,"href":"https:\/\/tecsecmty.com\/index.php\/wp-json\/wp\/v2\/product\/3209\/revisions"}],"wp:featuredmedia":[{"embeddable":true,"href":"https:\/\/tecsecmty.com\/index.php\/wp-json\/wp\/v2\/media\/3208"}],"wp:attachment":[{"href":"https:\/\/tecsecmty.com\/index.php\/wp-json\/wp\/v2\/media?parent=3209"}],"wp:term":[{"taxonomy":"product_brand","embeddable":true,"href":"https:\/\/tecsecmty.com\/index.php\/wp-json\/wp\/v2\/product_brand?post=3209"},{"taxonomy":"product_cat","embeddable":true,"href":"https:\/\/tecsecmty.com\/index.php\/wp-json\/wp\/v2\/product_cat?post=3209"},{"taxonomy":"product_tag","embeddable":true,"href":"https:\/\/tecsecmty.com\/index.php\/wp-json\/wp\/v2\/product_tag?post=3209"}],"curies":[{"name":"wp","href":"https:\/\/api.w.org\/{rel}","templated":true}]}}