{"id":3211,"date":"2023-02-23T00:16:13","date_gmt":"2023-02-23T06:16:13","guid":{"rendered":"https:\/\/tecsecmty.com\/index.php\/producto\/bosch-i_tp160-placa-de-montaje-para-sensores-ds150\/"},"modified":"2023-03-22T23:21:25","modified_gmt":"2023-03-23T05:21:25","slug":"bosch-i_tp160-placa-de-montaje-para-sensores-ds150","status":"publish","type":"product","link":"https:\/\/tecsecmty.com\/index.php\/producto\/bosch-i_tp160-placa-de-montaje-para-sensores-ds150\/","title":{"rendered":"BOSCH I_TP160- PLACA DE MONTAJE PARA SENSORES DS150"},"content":{"rendered":"<h5 class=\"card-title text-center\">Placa de recorte TP160<\/h5>\n<p><strong>Placa de recorte gris clara que se utiliza al montar el detector sobre una caja el\u00e9ctrica est\u00e1ndar.<\/strong><\/p>\n<p><strong>Nota: Placa de recorte TP160 Placa de recorte gris clara que se utiliza al montar el detector sobre una caja el\u00e9ctrica est\u00e1ndar.<\/strong><\/p>\n<p><strong>N\u00famero de pedido: TP160<\/strong><\/p>\n<p><img decoding=\"async\" class=\"overview-center-img-web\" src=\"https:\/\/tvc.mx\/media\/42510\/Logoopaginas-oficial-1920x400.png\" alt=\"\" \/><\/p>\n","protected":false},"excerpt":{"rendered":"<p>Placa de recorte TP160 Placa de recorte gris clara que se utiliza al montar el detector sobre una caja el\u00e9ctrica est\u00e1ndar. Nota: Placa de recorte TP160 Placa de recorte gris clara que se utiliza al montar el detector sobre una caja el\u00e9ctrica est\u00e1ndar. N\u00famero de&hellip;<\/p>\n","protected":false},"featured_media":3210,"comment_status":"open","ping_status":"closed","template":"","meta":{"om_disable_all_campaigns":false,"_monsterinsights_skip_tracking":false,"_monsterinsights_sitenote_active":false,"_monsterinsights_sitenote_note":"","_monsterinsights_sitenote_category":0},"product_brand":[],"product_cat":[215],"product_tag":[212,211,151],"class_list":{"0":"post-3211","1":"product","2":"type-product","3":"status-publish","4":"has-post-thumbnail","6":"product_cat-accesorios-alarmas-alarmas-bosch","7":"product_tag-alarmas","8":"product_tag-alarmas-e-intrusion","9":"product_tag-seguridad","11":"first","12":"instock","13":"sale","14":"taxable","15":"shipping-taxable","16":"purchasable","17":"product-type-simple"},"aioseo_notices":[],"_links":{"self":[{"href":"https:\/\/tecsecmty.com\/index.php\/wp-json\/wp\/v2\/product\/3211","targetHints":{"allow":["GET"]}}],"collection":[{"href":"https:\/\/tecsecmty.com\/index.php\/wp-json\/wp\/v2\/product"}],"about":[{"href":"https:\/\/tecsecmty.com\/index.php\/wp-json\/wp\/v2\/types\/product"}],"replies":[{"embeddable":true,"href":"https:\/\/tecsecmty.com\/index.php\/wp-json\/wp\/v2\/comments?post=3211"}],"version-history":[{"count":0,"href":"https:\/\/tecsecmty.com\/index.php\/wp-json\/wp\/v2\/product\/3211\/revisions"}],"wp:featuredmedia":[{"embeddable":true,"href":"https:\/\/tecsecmty.com\/index.php\/wp-json\/wp\/v2\/media\/3210"}],"wp:attachment":[{"href":"https:\/\/tecsecmty.com\/index.php\/wp-json\/wp\/v2\/media?parent=3211"}],"wp:term":[{"taxonomy":"product_brand","embeddable":true,"href":"https:\/\/tecsecmty.com\/index.php\/wp-json\/wp\/v2\/product_brand?post=3211"},{"taxonomy":"product_cat","embeddable":true,"href":"https:\/\/tecsecmty.com\/index.php\/wp-json\/wp\/v2\/product_cat?post=3211"},{"taxonomy":"product_tag","embeddable":true,"href":"https:\/\/tecsecmty.com\/index.php\/wp-json\/wp\/v2\/product_tag?post=3211"}],"curies":[{"name":"wp","href":"https:\/\/api.w.org\/{rel}","templated":true}]}}