{"id":3215,"date":"2023-02-23T00:16:16","date_gmt":"2023-02-23T06:16:16","guid":{"rendered":"https:\/\/tecsecmty.com\/index.php\/producto\/concept-s100-generador-de-niebla-1400-mts3-x-minuto-hasta-8-disparos-de-un-minuto-x-litro-4-entradas-7-salidas-auxiliares\/"},"modified":"2023-03-22T23:22:18","modified_gmt":"2023-03-23T05:22:18","slug":"concept-s100-generador-de-niebla-1400-mts3-x-minuto-hasta-8-disparos-de-un-minuto-x-litro-4-entradas-7-salidas-auxiliares","status":"publish","type":"product","link":"https:\/\/tecsecmty.com\/index.php\/producto\/concept-s100-generador-de-niebla-1400-mts3-x-minuto-hasta-8-disparos-de-un-minuto-x-litro-4-entradas-7-salidas-auxiliares\/","title":{"rendered":"CONCEPT S100 &#8211; Generador de niebla \/ 1400 Mts3 X minuto \/ Hasta 8 disparos de un minuto x litro \/ 4 Entradas \/ 7 Salidas auxiliares"},"content":{"rendered":"<p>Los sistemas de la Marca Concept Smoke\u00a0Screen<\/p>\n<p>Est\u00e1n en funcionamiento desde hace m\u00e1s de 35 a\u00f1os, derrotando aquellos intentos de intrusi\u00f3n\u00a0 y protegiendo instalaciones casi todos los d\u00edas, con la l\u00ednea Sentinel de los generadores de niebla que ha sido dise\u00f1ada y fabricada para su instalaci\u00f3n permanente, ya sea como parte integrada de un sistema de alarma contra intrusi\u00f3n o bien como un sistema aut\u00f3nomo.<\/p>\n<p>El sitema generador de niebla funciona de la siguiente manera:<\/p>\n<p>Calienta un fluido no t\u00f3xico (generalmente una concentraci\u00f3n especial de soluci\u00f3n de glicerina) bajo presi\u00f3n para crear humo o, m\u00e1s precisamente, una\u00a0niebla generada t\u00e9rmicamente, que reduce la visibilidad para disuadir a intrusos de entrar en sus\u00a0instalaciones.<\/p>\n<p>Esta niebla es muy persistente y permanece suspendida en el ambiente durante un per\u00edodo\u00a0significativo de tiempo, hasta que se ventila abriendo las puertas y ventanas.<\/p>\n<p>El Sistema generador de niebla cuenta con un sofisticado control electr\u00f3nico, para asegurar\u00a0que se calienta y mantiene a la temperatura ideal de funcionamiento, usando una\u00a0cantidad m\u00ednima de energ\u00eda el\u00e9ctrica.<\/p>\n<p>Este sistema de control proporciona asimismo una interfaz flexible con detectores de\u00a0intrusos y sistemas de alarma para asegurar una protecci\u00f3n permanente y que no se\u00a0produzcan activaciones involuntarias.<\/p>\n","protected":false},"excerpt":{"rendered":"<p>Los sistemas de la Marca Concept Smoke\u00a0Screen Est\u00e1n en funcionamiento desde hace m\u00e1s de 35 a\u00f1os, derrotando aquellos intentos de intrusi\u00f3n\u00a0 y protegiendo instalaciones casi todos los d\u00edas, con la l\u00ednea Sentinel de los generadores de niebla que ha sido dise\u00f1ada y fabricada para su&hellip;<\/p>\n","protected":false},"featured_media":3214,"comment_status":"open","ping_status":"closed","template":"","meta":{"om_disable_all_campaigns":false,"_monsterinsights_skip_tracking":false,"_monsterinsights_sitenote_active":false,"_monsterinsights_sitenote_note":"","_monsterinsights_sitenote_category":0},"product_brand":[],"product_cat":[221],"product_tag":[212,211,151],"class_list":{"0":"post-3215","1":"product","2":"type-product","3":"status-publish","4":"has-post-thumbnail","6":"product_cat-accesorios-alarmas-alarmas-concept","7":"product_tag-alarmas","8":"product_tag-alarmas-e-intrusion","9":"product_tag-seguridad","11":"first","12":"instock","13":"sale","14":"taxable","15":"shipping-taxable","16":"purchasable","17":"product-type-simple"},"aioseo_notices":[],"_links":{"self":[{"href":"https:\/\/tecsecmty.com\/index.php\/wp-json\/wp\/v2\/product\/3215","targetHints":{"allow":["GET"]}}],"collection":[{"href":"https:\/\/tecsecmty.com\/index.php\/wp-json\/wp\/v2\/product"}],"about":[{"href":"https:\/\/tecsecmty.com\/index.php\/wp-json\/wp\/v2\/types\/product"}],"replies":[{"embeddable":true,"href":"https:\/\/tecsecmty.com\/index.php\/wp-json\/wp\/v2\/comments?post=3215"}],"version-history":[{"count":0,"href":"https:\/\/tecsecmty.com\/index.php\/wp-json\/wp\/v2\/product\/3215\/revisions"}],"wp:featuredmedia":[{"embeddable":true,"href":"https:\/\/tecsecmty.com\/index.php\/wp-json\/wp\/v2\/media\/3214"}],"wp:attachment":[{"href":"https:\/\/tecsecmty.com\/index.php\/wp-json\/wp\/v2\/media?parent=3215"}],"wp:term":[{"taxonomy":"product_brand","embeddable":true,"href":"https:\/\/tecsecmty.com\/index.php\/wp-json\/wp\/v2\/product_brand?post=3215"},{"taxonomy":"product_cat","embeddable":true,"href":"https:\/\/tecsecmty.com\/index.php\/wp-json\/wp\/v2\/product_cat?post=3215"},{"taxonomy":"product_tag","embeddable":true,"href":"https:\/\/tecsecmty.com\/index.php\/wp-json\/wp\/v2\/product_tag?post=3215"}],"curies":[{"name":"wp","href":"https:\/\/api.w.org\/{rel}","templated":true}]}}