{"id":3217,"date":"2023-02-23T00:16:17","date_gmt":"2023-02-23T06:16:17","guid":{"rendered":"https:\/\/tecsecmty.com\/index.php\/producto\/concept-xfp-estroboscopio-xe-non-ofertasaaa\/"},"modified":"2023-03-22T23:22:18","modified_gmt":"2023-03-23T05:22:18","slug":"concept-xfp-estroboscopio-xe-non-ofertasaaa","status":"publish","type":"product","link":"https:\/\/tecsecmty.com\/index.php\/producto\/concept-xfp-estroboscopio-xe-non-ofertasaaa\/","title":{"rendered":"CONCEPT XFP &#8211; ESTROBOSCOPIO XE NON #OfertasAAA"},"content":{"rendered":"<p>En esencia un estroboscopio es un aparato que est\u00e1 dotado de una l\u00e1mpara, normalmente del tipo de descarga gaseosa de xen\u00f3n, muy similar a las empleadas en los flashes de fotograf\u00eda, con la diferencia de que, en lugar de un destello, emite una serie de ellos consecutivos y con una frecuencia regulable.<\/p>\n<p>&nbsp;<\/p>\n<p><img decoding=\"async\" src=\"https:\/\/tecsecmty.com\/wp-content\/uploads\/2023\/02\/8835-300x300.jpg\" \/><\/p>\n<p>&nbsp;<\/p>\n<p>DESTELLADOR XENON MODELO XFP DE LA MARCA CONCEPT<\/p>\n<p>Como luz estrobosc\u00f3pica de desorientaci\u00f3n es el aliado perfecto para nuestros generadores de niebla (S35, S70, S100). Tras su activaci\u00f3n, el efecto de la luz intensa magnifica enormemente las propiedades de encubrimiento, causando confusi\u00f3n en los intrusos y oblig\u00e1ndolos a intentar salir de las instalaciones.<\/p>\n<p>El uso de este modelo XFP de productos de la marca Concept hace que se puedan emplear vol\u00famenes m\u00e1s bajos de humo (y por tanto generadores de niebla m\u00e1s peque\u00f1os y baratos) para lograr un efecto incre\u00edble de desorientaci\u00f3n.<\/p>\n<p>Cuando se trabaja el destellador de Xenon XFP combinado con un generador de cortina de humo, el efecto de encandilamiento y desorientaci\u00f3n producido por esta peque\u00f1a unidad es completamente intimidante, desagradable y desconcertante que no permitir\u00e1 que el criminal pueda seguir con sus actividades libremente, as\u00ed como tambi\u00e9n ser\u00e1 una fuente visual de alerta y ubicaci\u00f3n a los mandos de seguridad que pudieran auxiliar en el evento al encontrarse cerca del lugar vandalizado.<\/p>\n<p>&nbsp;<\/p>\n<p><img decoding=\"async\" src=\"https:\/\/tecsecmty.com\/wp-content\/uploads\/2023\/02\/8835-300x300.jpg\" \/><\/p>\n<p>&nbsp;<\/p>\n<p>&nbsp;<\/p>\n<p>La tecnolog\u00eda que se usa, se\u00a0 muestra en\u00a0el esquema para que observemos la disposici\u00f3n interna de la tarjeta CI\u00a0(Common Interface)\u00a0del estroboscopio<\/p>\n<p>&nbsp;<\/p>\n<p>&nbsp;<\/p>\n","protected":false},"excerpt":{"rendered":"<p>En esencia un estroboscopio es un aparato que est\u00e1 dotado de una l\u00e1mpara, normalmente del tipo de descarga gaseosa de xen\u00f3n, muy similar a las empleadas en los flashes de fotograf\u00eda, con la diferencia de que, en lugar de un destello, emite una serie de&hellip;<\/p>\n","protected":false},"featured_media":3216,"comment_status":"open","ping_status":"closed","template":"","meta":{"om_disable_all_campaigns":false,"_monsterinsights_skip_tracking":false,"_monsterinsights_sitenote_active":false,"_monsterinsights_sitenote_note":"","_monsterinsights_sitenote_category":0},"product_brand":[],"product_cat":[221],"product_tag":[212,211,151],"class_list":{"0":"post-3217","1":"product","2":"type-product","3":"status-publish","4":"has-post-thumbnail","6":"product_cat-accesorios-alarmas-alarmas-concept","7":"product_tag-alarmas","8":"product_tag-alarmas-e-intrusion","9":"product_tag-seguridad","11":"first","12":"instock","13":"sale","14":"taxable","15":"shipping-taxable","16":"purchasable","17":"product-type-simple"},"aioseo_notices":[],"_links":{"self":[{"href":"https:\/\/tecsecmty.com\/index.php\/wp-json\/wp\/v2\/product\/3217","targetHints":{"allow":["GET"]}}],"collection":[{"href":"https:\/\/tecsecmty.com\/index.php\/wp-json\/wp\/v2\/product"}],"about":[{"href":"https:\/\/tecsecmty.com\/index.php\/wp-json\/wp\/v2\/types\/product"}],"replies":[{"embeddable":true,"href":"https:\/\/tecsecmty.com\/index.php\/wp-json\/wp\/v2\/comments?post=3217"}],"version-history":[{"count":0,"href":"https:\/\/tecsecmty.com\/index.php\/wp-json\/wp\/v2\/product\/3217\/revisions"}],"wp:featuredmedia":[{"embeddable":true,"href":"https:\/\/tecsecmty.com\/index.php\/wp-json\/wp\/v2\/media\/3216"}],"wp:attachment":[{"href":"https:\/\/tecsecmty.com\/index.php\/wp-json\/wp\/v2\/media?parent=3217"}],"wp:term":[{"taxonomy":"product_brand","embeddable":true,"href":"https:\/\/tecsecmty.com\/index.php\/wp-json\/wp\/v2\/product_brand?post=3217"},{"taxonomy":"product_cat","embeddable":true,"href":"https:\/\/tecsecmty.com\/index.php\/wp-json\/wp\/v2\/product_cat?post=3217"},{"taxonomy":"product_tag","embeddable":true,"href":"https:\/\/tecsecmty.com\/index.php\/wp-json\/wp\/v2\/product_tag?post=3217"}],"curies":[{"name":"wp","href":"https:\/\/api.w.org\/{rel}","templated":true}]}}