{"id":3219,"date":"2023-02-23T00:16:18","date_gmt":"2023-02-23T06:16:18","guid":{"rendered":"https:\/\/tecsecmty.com\/index.php\/producto\/dsc-antlte-02-lte-extension-de-antena-de-2-metros-para-uso-interior-compatible-comunicador-tl405\/"},"modified":"2023-03-22T23:23:15","modified_gmt":"2023-03-23T05:23:15","slug":"dsc-antlte-02-lte-extension-de-antena-de-2-metros-para-uso-interior-compatible-comunicador-tl405","status":"publish","type":"product","link":"https:\/\/tecsecmty.com\/index.php\/producto\/dsc-antlte-02-lte-extension-de-antena-de-2-metros-para-uso-interior-compatible-comunicador-tl405\/","title":{"rendered":"DSC ANTLTE-02 &#8211; LTE Extension de Antena de 2 metros para uso interior compatible comunicador TL405"},"content":{"rendered":"<h5 class=\"card-title text-center\">Extensi\u00f3n de antena.<\/h5>\n<p>LTE Extensi\u00f3n de Antena de 2 metros para uso interior compatible comunicador TL405.<\/p>\n<p><strong>Especificaciones t\u00e9cnicas:<\/strong><\/p>\n<ul>\n<li>Uso: Interior<\/li>\n<li>Alcance: 2 metros<\/li>\n<li>Color : Negro<\/li>\n<\/ul>\n<div class=\"col-md-5\"><img decoding=\"async\" class=\"d-block m-auto img-thumbnail\" src=\"https:\/\/tvc.mx\/media\/426751\/ANTLTE-2.png\" alt=\" \" \/><\/div>\n<div class=\"col-md-7 text-md-left text-center\">\n<h2>Incluye<\/h2>\n<ul data-checked=\"false\">\n<li>Antena de 2 metros<\/li>\n<li>Conector de comunicador a antena<\/li>\n<\/ul>\n<\/div>\n","protected":false},"excerpt":{"rendered":"<p>Extensi\u00f3n de antena. LTE Extensi\u00f3n de Antena de 2 metros para uso interior compatible comunicador TL405. Especificaciones t\u00e9cnicas: Uso: Interior Alcance: 2 metros Color : Negro Incluye Antena de 2 metros Conector de comunicador a antena<\/p>\n","protected":false},"featured_media":3218,"comment_status":"open","ping_status":"closed","template":"","meta":{"om_disable_all_campaigns":false,"_monsterinsights_skip_tracking":false,"_monsterinsights_sitenote_active":false,"_monsterinsights_sitenote_note":"","_monsterinsights_sitenote_category":0},"product_brand":[],"product_cat":[218],"product_tag":[212,211,151],"class_list":{"0":"post-3219","1":"product","2":"type-product","3":"status-publish","4":"has-post-thumbnail","6":"product_cat-accesorios-alarmas-alarmas-dsc","7":"product_tag-alarmas","8":"product_tag-alarmas-e-intrusion","9":"product_tag-seguridad","11":"first","12":"instock","13":"sale","14":"taxable","15":"shipping-taxable","16":"purchasable","17":"product-type-simple"},"aioseo_notices":[],"_links":{"self":[{"href":"https:\/\/tecsecmty.com\/index.php\/wp-json\/wp\/v2\/product\/3219","targetHints":{"allow":["GET"]}}],"collection":[{"href":"https:\/\/tecsecmty.com\/index.php\/wp-json\/wp\/v2\/product"}],"about":[{"href":"https:\/\/tecsecmty.com\/index.php\/wp-json\/wp\/v2\/types\/product"}],"replies":[{"embeddable":true,"href":"https:\/\/tecsecmty.com\/index.php\/wp-json\/wp\/v2\/comments?post=3219"}],"version-history":[{"count":0,"href":"https:\/\/tecsecmty.com\/index.php\/wp-json\/wp\/v2\/product\/3219\/revisions"}],"wp:featuredmedia":[{"embeddable":true,"href":"https:\/\/tecsecmty.com\/index.php\/wp-json\/wp\/v2\/media\/3218"}],"wp:attachment":[{"href":"https:\/\/tecsecmty.com\/index.php\/wp-json\/wp\/v2\/media?parent=3219"}],"wp:term":[{"taxonomy":"product_brand","embeddable":true,"href":"https:\/\/tecsecmty.com\/index.php\/wp-json\/wp\/v2\/product_brand?post=3219"},{"taxonomy":"product_cat","embeddable":true,"href":"https:\/\/tecsecmty.com\/index.php\/wp-json\/wp\/v2\/product_cat?post=3219"},{"taxonomy":"product_tag","embeddable":true,"href":"https:\/\/tecsecmty.com\/index.php\/wp-json\/wp\/v2\/product_tag?post=3219"}],"curies":[{"name":"wp","href":"https:\/\/api.w.org\/{rel}","templated":true}]}}