{"id":3225,"date":"2023-02-23T00:16:23","date_gmt":"2023-02-23T06:16:23","guid":{"rendered":"https:\/\/tecsecmty.com\/index.php\/producto\/dsc-gs50antq-extension-antena-externa-banda-cuadruple-de-50-pies-3g2060r-tl2603gr-3g2055-3g2075-tl2553g\/"},"modified":"2023-03-22T23:23:16","modified_gmt":"2023-03-23T05:23:16","slug":"dsc-gs50antq-extension-antena-externa-banda-cuadruple-de-50-pies-3g2060r-tl2603gr-3g2055-3g2075-tl2553g","status":"publish","type":"product","link":"https:\/\/tecsecmty.com\/index.php\/producto\/dsc-gs50antq-extension-antena-externa-banda-cuadruple-de-50-pies-3g2060r-tl2603gr-3g2055-3g2075-tl2553g\/","title":{"rendered":"DSC GS50ANTQ &#8211; Extensi\u00f3n antena externa Banda Cu\u00e1druple de 50 pies 3G2060R \/ TL2603GR \/ 3G2055 \/ 3G2075 \/ TL2553G"},"content":{"rendered":"<h5 class=\"card-title text-center\">Informaci\u00f3n General<\/h5>\n<h3><strong>Descripci\u00f3n<\/strong><\/h3>\n<p>El GS-50ANTQ es una extensi\u00f3n de antena que puede usar con varios comunicadores celulares DSC. Esto le proporcionar\u00e1 una antena adicional de 15 pies para darle una mejor se\u00f1al. Este kit de 50 pies le dar\u00e1 una ganancia de 2dBi en su se\u00f1al. La antena es omnidireccional, por lo que no tendr\u00e1 que preocuparse por colocarla en una direcci\u00f3n determinada para obtener la mejor cobertura. La antena en s\u00ed mide 8.2 \u00aby tiene un di\u00e1metro de .46\u00bb.<\/p>\n<p>Puede usar este kit de extensi\u00f3n con DSC TL2603GR, DSC 3G2060RUSA, DSC PowerSeries NEO TL2803GUSA, DSC PowerSeries NEO 3G2080USA, DSC NEO CD8080VZ, DSC NEO CD8080IVZ, el DSC NEO 3G8080IAT y el DSC NEO 3G8080AT. Funcionan muy bien si ya ha montado el control de alarma principal y el comunicador celular y no quiere o no puede moverlos. Esta versi\u00f3n en particular solo se puede instalar y montar en el interior del hogar o negocio. No est\u00e1n hechos para el montaje en exteriores. Desea montarlo lejos de cualquier cosa que pueda causar interferencia el\u00e9ctrica y en una posici\u00f3n vertical para una potencia de se\u00f1al \u00f3ptima. Esto vendr\u00e1 con todo el hardware de montaje que necesitar\u00e1, incluido un soporte de montaje y tornillos.<\/p>\n<p>Los comunicadores mencionados anteriormente funcionan con nuestros sistemas DSC Power Series 1616, DSC Power Series 1832, DSC Power Series 1864 y DSC PowerSeries NEO. Estos sistemas utilizan comunicadores celulares para el servicio de monitoreo de la estaci\u00f3n central o los servicios interactivos de Alarm.com.<\/p>\n<h3><strong>Caracter\u00edsticas<\/strong><\/h3>\n<p><strong>Antena<\/strong><\/p>\n<p>GS-50ANTQ<\/p>\n<p><strong>Tipo de antena<\/strong><\/p>\n<p>Dipolo de cuatro bandas<\/p>\n<p><strong>Ganancia<\/strong><\/p>\n<p>3dBi\/6dBi<\/p>\n<p><strong>Polarizaci\u00f3n<\/strong><\/p>\n<p>vertical<\/p>\n<p><strong>Bandas de frecuencia GSM<\/strong><\/p>\n<p>900\/1800 y 850\/1900<\/p>\n<p><strong>Ancho de haz de acimut<\/strong><\/p>\n<p><strong>omnidireccional<\/strong><\/p>\n<p>Ancho de haz de elevaci\u00f3n (3dB)<\/p>\n<p>40 \u00b0<\/p>\n<p><strong>VSWR (m\u00e1x.)<\/strong><\/p>\n<p>2.5: 1<\/p>\n<p><strong>Impedancia<\/strong><\/p>\n<p>50 ohmios<\/p>\n<p><strong>Peso total, cable inc. (Lb \/ kg)<\/strong><\/p>\n<p>5lb \/ 2.3 kg<\/p>\n<p><strong>Longitud \/ di\u00e1metro de la antena (pulgadas \/ mm)<\/strong><\/p>\n<p>24 \u00ab(600 mm) \/ 0.76\u00bb (20 mm)<\/p>\n<p><strong>Cable coaxial<\/strong><\/p>\n<p><strong>Longitud del cable (pies \/ m)<\/strong><\/p>\n<p>50 &#8216;\/ 15.2 m<\/p>\n<p><strong>Tipo de conector<\/strong><\/p>\n<p>SMA (macho)<\/p>\n<p><strong>Cable para pasar corriente<\/strong><\/p>\n<p><strong>Longitud del cable (pulgadas)<\/strong><\/p>\n<p>5 \u00bb<\/p>\n<p><strong>Tipos de conector<\/strong><\/p>\n<p>SMA (hembra) a MMCX (macho)<\/p>\n","protected":false},"excerpt":{"rendered":"<p>Informaci\u00f3n General Descripci\u00f3n El GS-50ANTQ es una extensi\u00f3n de antena que puede usar con varios comunicadores celulares DSC. Esto le proporcionar\u00e1 una antena adicional de 15 pies para darle una mejor se\u00f1al. Este kit de 50 pies le dar\u00e1 una ganancia de 2dBi en su&hellip;<\/p>\n","protected":false},"featured_media":3224,"comment_status":"open","ping_status":"closed","template":"","meta":{"om_disable_all_campaigns":false,"_monsterinsights_skip_tracking":false,"_monsterinsights_sitenote_active":false,"_monsterinsights_sitenote_note":"","_monsterinsights_sitenote_category":0},"product_brand":[],"product_cat":[218],"product_tag":[212,211,151],"class_list":{"0":"post-3225","1":"product","2":"type-product","3":"status-publish","4":"has-post-thumbnail","6":"product_cat-accesorios-alarmas-alarmas-dsc","7":"product_tag-alarmas","8":"product_tag-alarmas-e-intrusion","9":"product_tag-seguridad","11":"first","12":"instock","13":"sale","14":"taxable","15":"shipping-taxable","16":"purchasable","17":"product-type-simple"},"aioseo_notices":[],"_links":{"self":[{"href":"https:\/\/tecsecmty.com\/index.php\/wp-json\/wp\/v2\/product\/3225","targetHints":{"allow":["GET"]}}],"collection":[{"href":"https:\/\/tecsecmty.com\/index.php\/wp-json\/wp\/v2\/product"}],"about":[{"href":"https:\/\/tecsecmty.com\/index.php\/wp-json\/wp\/v2\/types\/product"}],"replies":[{"embeddable":true,"href":"https:\/\/tecsecmty.com\/index.php\/wp-json\/wp\/v2\/comments?post=3225"}],"version-history":[{"count":0,"href":"https:\/\/tecsecmty.com\/index.php\/wp-json\/wp\/v2\/product\/3225\/revisions"}],"wp:featuredmedia":[{"embeddable":true,"href":"https:\/\/tecsecmty.com\/index.php\/wp-json\/wp\/v2\/media\/3224"}],"wp:attachment":[{"href":"https:\/\/tecsecmty.com\/index.php\/wp-json\/wp\/v2\/media?parent=3225"}],"wp:term":[{"taxonomy":"product_brand","embeddable":true,"href":"https:\/\/tecsecmty.com\/index.php\/wp-json\/wp\/v2\/product_brand?post=3225"},{"taxonomy":"product_cat","embeddable":true,"href":"https:\/\/tecsecmty.com\/index.php\/wp-json\/wp\/v2\/product_cat?post=3225"},{"taxonomy":"product_tag","embeddable":true,"href":"https:\/\/tecsecmty.com\/index.php\/wp-json\/wp\/v2\/product_tag?post=3225"}],"curies":[{"name":"wp","href":"https:\/\/api.w.org\/{rel}","templated":true}]}}