{"id":3231,"date":"2023-02-23T00:16:27","date_gmt":"2023-02-23T06:16:27","guid":{"rendered":"https:\/\/tecsecmty.com\/index.php\/producto\/dsc-lcl1cl-lente-de-cortina-pasillo-para-todos-los-detectores-de-movimiento-de-interior-serie-lc\/"},"modified":"2023-03-22T23:23:18","modified_gmt":"2023-03-23T05:23:18","slug":"dsc-lcl1cl-lente-de-cortina-pasillo-para-todos-los-detectores-de-movimiento-de-interior-serie-lc","status":"publish","type":"product","link":"https:\/\/tecsecmty.com\/index.php\/producto\/dsc-lcl1cl-lente-de-cortina-pasillo-para-todos-los-detectores-de-movimiento-de-interior-serie-lc\/","title":{"rendered":"DSC LCL1CL &#8211; Lente de cortina \/ pasillo para todos los detectores de movimiento de interior serie LC."},"content":{"rendered":"<h5 class=\"card-title text-center\">Lente de cortina DSC LCL1CL<\/h5>\n<h3 class=\"ql-align-center\"><strong>Lente de Cortina para sensor de movimiento LC-100-PI de DSC (LC-L1-CL)<\/strong><\/h3>\n<p>Ya sea una instalaci\u00f3n residencial o comercial, los dispositivos de detecci\u00f3n de la serie LC preparan para lo inesperado a los sistemas de seguridad brindando protecci\u00f3n para cada ambiente, rinc\u00f3n y pasillo.<\/p>\n<p>El lente de cortina presenta an\u00e1lisis inteligente de se\u00f1al para una detecci\u00f3n confiable, se adapta a cualquier decorado.<\/p>\n<p><strong>Protecci\u00f3n confiable<\/strong><\/p>\n<p>El procesamiento avanzado basado en ASIC brinda una detecci\u00f3n superior y a la vez rechazo a falsas alarmas ayudando a mantener seguros a personas y bienes. La tecnolog\u00eda Quad Linear Imaging permite un an\u00e1lisis preciso de las dimensiones de los cuerpos y diferenciaci\u00f3n de fondos y mascotas.<\/p>\n<p><strong>Procesamiento digital de se\u00f1al<\/strong><\/p>\n<p>Una efectiva detecci\u00f3n de movimiento depende de la habilidad del sensor para identificar intrusos y proveer una verdadera resistencia a falsas alarmas. La serie LC de dispositivos de detecci\u00f3n ubica intrusos con exactitud gracias a su procesamiento digital de la se\u00f1al. La informaci\u00f3n digital es analizada con mayor precisi\u00f3n usando software y no est\u00e1 sujeta a degradaci\u00f3n de la se\u00f1al causada por amplificaci\u00f3n, ruido, distorsi\u00f3n o recorte de la se\u00f1al. Inmunidad a mascot<\/p>\n<p><strong>Ubicaci\u00f3n del detector<\/strong><\/p>\n<p>Cuando elija una ubicaci\u00f3n para el detector aseg\u00farese de considerar lo siguiente:<\/p>\n<p class=\"ql-indent-1\">\u2022 No oriente el detector hacia superficies reflectivas<\/p>\n<p class=\"ql-indent-1\">\u2022 Evite ubicaciones expuestas a corrientes de aire directas<\/p>\n<p class=\"ql-indent-1\">\u2022 No ubique el detector en lugares con luz solar directa o reflejada<\/p>\n<p class=\"ql-indent-1\">\u2022 No lo ubique cerca de grandes obstrucciones que puedan limitar su \u00e1rea de cobertura<\/p>\n<p>Tras realizar la instalaci\u00f3n, la unidad deber\u00e1 ser probada exhaustivamente para verificar que funciona correctamente.<\/p>\n<p><img decoding=\"async\" class=\"overview-center-img-web\" src=\"https:\/\/tvc.mx\/media\/31644\/cortina-3.jpg\" alt=\"\" \/><\/p>\n","protected":false},"excerpt":{"rendered":"<p>Lente de cortina DSC LCL1CL Lente de Cortina para sensor de movimiento LC-100-PI de DSC (LC-L1-CL) Ya sea una instalaci\u00f3n residencial o comercial, los dispositivos de detecci\u00f3n de la serie LC preparan para lo inesperado a los sistemas de seguridad brindando protecci\u00f3n para cada ambiente,&hellip;<\/p>\n","protected":false},"featured_media":3230,"comment_status":"open","ping_status":"closed","template":"","meta":{"om_disable_all_campaigns":false,"_monsterinsights_skip_tracking":false,"_monsterinsights_sitenote_active":false,"_monsterinsights_sitenote_note":"","_monsterinsights_sitenote_category":0},"product_brand":[],"product_cat":[218],"product_tag":[212,211,151],"class_list":{"0":"post-3231","1":"product","2":"type-product","3":"status-publish","4":"has-post-thumbnail","6":"product_cat-accesorios-alarmas-alarmas-dsc","7":"product_tag-alarmas","8":"product_tag-alarmas-e-intrusion","9":"product_tag-seguridad","11":"first","12":"instock","13":"sale","14":"taxable","15":"shipping-taxable","16":"purchasable","17":"product-type-simple"},"aioseo_notices":[],"_links":{"self":[{"href":"https:\/\/tecsecmty.com\/index.php\/wp-json\/wp\/v2\/product\/3231","targetHints":{"allow":["GET"]}}],"collection":[{"href":"https:\/\/tecsecmty.com\/index.php\/wp-json\/wp\/v2\/product"}],"about":[{"href":"https:\/\/tecsecmty.com\/index.php\/wp-json\/wp\/v2\/types\/product"}],"replies":[{"embeddable":true,"href":"https:\/\/tecsecmty.com\/index.php\/wp-json\/wp\/v2\/comments?post=3231"}],"version-history":[{"count":0,"href":"https:\/\/tecsecmty.com\/index.php\/wp-json\/wp\/v2\/product\/3231\/revisions"}],"wp:featuredmedia":[{"embeddable":true,"href":"https:\/\/tecsecmty.com\/index.php\/wp-json\/wp\/v2\/media\/3230"}],"wp:attachment":[{"href":"https:\/\/tecsecmty.com\/index.php\/wp-json\/wp\/v2\/media?parent=3231"}],"wp:term":[{"taxonomy":"product_brand","embeddable":true,"href":"https:\/\/tecsecmty.com\/index.php\/wp-json\/wp\/v2\/product_brand?post=3231"},{"taxonomy":"product_cat","embeddable":true,"href":"https:\/\/tecsecmty.com\/index.php\/wp-json\/wp\/v2\/product_cat?post=3231"},{"taxonomy":"product_tag","embeddable":true,"href":"https:\/\/tecsecmty.com\/index.php\/wp-json\/wp\/v2\/product_tag?post=3231"}],"curies":[{"name":"wp","href":"https:\/\/api.w.org\/{rel}","templated":true}]}}