{"id":3241,"date":"2023-02-23T00:16:35","date_gmt":"2023-02-23T06:16:35","guid":{"rendered":"https:\/\/tecsecmty.com\/index.php\/producto\/dsc-pclinkusb-kit-cable-pclink-usb-downloading-para-dls-2002-dls-v\/"},"modified":"2023-03-22T23:23:20","modified_gmt":"2023-03-23T05:23:20","slug":"dsc-pclinkusb-kit-cable-pclink-usb-downloading-para-dls-2002-dls-v","status":"publish","type":"product","link":"https:\/\/tecsecmty.com\/index.php\/producto\/dsc-pclinkusb-kit-cable-pclink-usb-downloading-para-dls-2002-dls-v\/","title":{"rendered":"DSC PCLINKUSB &#8211; Kit Cable PCLink USB Downloading para DLS 2002 DLS V"},"content":{"rendered":"<h5 class=\"card-title text-center\">Descripci\u00f3n<\/h5>\n<p><strong>Descripci\u00f3n comercial<\/strong><\/p>\n<p>Deben ser utilizados para 3g2060 y tl2603g.tambi\u00e9n se puede utilizar para los comunicadores de programaci\u00f3n y otros ip pbx dsc.tiene un conector de 4 pines, 4-th pin proporciona energ\u00eda.el kit incluye adaptador de corriente.<\/p>\n<p>Es utilizado para realizar conexi\u00f3n con los paneles de DSC Maxsys, Power Series y Power Series NEO (solo panel en NEO).<\/p>\n<p><strong>Descripci\u00f3n t\u00e9cnica<\/strong><\/p>\n<p>Este kit incluye_ adaptador pc-link 4sp, cable de conexi\u00f3n db-9 \/ db-25, convertidor de usb a serial<\/p>\n<p><strong>Beneficios adicionales<\/strong><\/p>\n<p>Ahorro de tiempo y costos.<\/p>\n<p><strong>Para que sirve<\/strong><\/p>\n<p>Este dispositivo permite la descarga de informaci\u00f3n directamente del panel a una unidad de almacenamiento<\/p>\n<p><img decoding=\"async\" class=\"overview-center-img-web\" src=\"https:\/\/tvc.mx\/media\/29403\/principalcomer.jpg\" alt=\"\" \/><\/p>\n","protected":false},"excerpt":{"rendered":"<p>Descripci\u00f3n Descripci\u00f3n comercial Deben ser utilizados para 3g2060 y tl2603g.tambi\u00e9n se puede utilizar para los comunicadores de programaci\u00f3n y otros ip pbx dsc.tiene un conector de 4 pines, 4-th pin proporciona energ\u00eda.el kit incluye adaptador de corriente. Es utilizado para realizar conexi\u00f3n con los paneles&hellip;<\/p>\n","protected":false},"featured_media":3240,"comment_status":"open","ping_status":"closed","template":"","meta":{"om_disable_all_campaigns":false,"_monsterinsights_skip_tracking":false,"_monsterinsights_sitenote_active":false,"_monsterinsights_sitenote_note":"","_monsterinsights_sitenote_category":0},"product_brand":[],"product_cat":[218],"product_tag":[212,211,151],"class_list":{"0":"post-3241","1":"product","2":"type-product","3":"status-publish","4":"has-post-thumbnail","6":"product_cat-accesorios-alarmas-alarmas-dsc","7":"product_tag-alarmas","8":"product_tag-alarmas-e-intrusion","9":"product_tag-seguridad","11":"first","12":"instock","13":"sale","14":"taxable","15":"shipping-taxable","16":"purchasable","17":"product-type-simple"},"aioseo_notices":[],"_links":{"self":[{"href":"https:\/\/tecsecmty.com\/index.php\/wp-json\/wp\/v2\/product\/3241","targetHints":{"allow":["GET"]}}],"collection":[{"href":"https:\/\/tecsecmty.com\/index.php\/wp-json\/wp\/v2\/product"}],"about":[{"href":"https:\/\/tecsecmty.com\/index.php\/wp-json\/wp\/v2\/types\/product"}],"replies":[{"embeddable":true,"href":"https:\/\/tecsecmty.com\/index.php\/wp-json\/wp\/v2\/comments?post=3241"}],"version-history":[{"count":0,"href":"https:\/\/tecsecmty.com\/index.php\/wp-json\/wp\/v2\/product\/3241\/revisions"}],"wp:featuredmedia":[{"embeddable":true,"href":"https:\/\/tecsecmty.com\/index.php\/wp-json\/wp\/v2\/media\/3240"}],"wp:attachment":[{"href":"https:\/\/tecsecmty.com\/index.php\/wp-json\/wp\/v2\/media?parent=3241"}],"wp:term":[{"taxonomy":"product_brand","embeddable":true,"href":"https:\/\/tecsecmty.com\/index.php\/wp-json\/wp\/v2\/product_brand?post=3241"},{"taxonomy":"product_cat","embeddable":true,"href":"https:\/\/tecsecmty.com\/index.php\/wp-json\/wp\/v2\/product_cat?post=3241"},{"taxonomy":"product_tag","embeddable":true,"href":"https:\/\/tecsecmty.com\/index.php\/wp-json\/wp\/v2\/product_tag?post=3241"}],"curies":[{"name":"wp","href":"https:\/\/api.w.org\/{rel}","templated":true}]}}