{"id":3243,"date":"2023-02-23T00:16:37","date_gmt":"2023-02-23T06:16:37","guid":{"rendered":"https:\/\/tecsecmty.com\/index.php\/producto\/dsc-ptc1640u-transformador-16vca-40va-cer-fusible-interno-para-paneles-y-modulos-de-neo-power-series-y-maxsys\/"},"modified":"2023-03-22T23:23:23","modified_gmt":"2023-03-23T05:23:23","slug":"dsc-ptc1640u-transformador-16vca-40va-cer-fusible-interno-para-paneles-y-modulos-de-neo-power-series-y-maxsys","status":"publish","type":"product","link":"https:\/\/tecsecmty.com\/index.php\/producto\/dsc-ptc1640u-transformador-16vca-40va-cer-fusible-interno-para-paneles-y-modulos-de-neo-power-series-y-maxsys\/","title":{"rendered":"DSC PTC1640U &#8211; Transformador 16VCA \/ 40VA #cer Fusible Interno para paneles y m\u00f3dulos de NEO, Power Series y Maxsys"},"content":{"rendered":"<div class=\"row aling-items-center padding-bottom-2x\">\n<div class=\"col-lg-12\">\n<h5 class=\"card-title text-center\">Informaci\u00f3n general<\/h5>\n<p>El transformador encapsulado PTC1640U permite alimentar sistemas de alarma para toda aplicaci\u00f3n. Cuenta con protecci\u00f3n PTC para evitar que variaciones y descargas de voltaje lleguen al sistema al que est\u00e1 conectado.<\/p>\n<p><img decoding=\"async\" class=\"overview-center-img-web\" src=\"https:\/\/tvc.mx\/media\/28994\/banner.png\" alt=\"\" \/><\/div>\n<\/div>\n<div class=\"row align-items-center padding-bottom-2x\">\n<div class=\"col-md-5\"><img decoding=\"async\" class=\"d-block m-auto img-thumbnail\" src=\"https:\/\/tvc.mx\/media\/28995\/OVL1.png\" alt=\" \" \/><\/div>\n<div class=\"col-md-7 text-md-left text-center\">\n<h2>Especificaciones<\/h2>\n<p class=\"text-muted\">\n<ul>\n<li>Voltaje de alimentaci\u00f3n: 120VCA, 60Hz<\/li>\n<li>Voltaje de salida: 16.5VCA, 40VA \uf0a7<\/li>\n<li>Tipo de conexi\u00f3n: Tornillos \uf0a7<\/li>\n<li>Con LED indicador<\/li>\n<\/ul>\n<\/div>\n<\/div>\n","protected":false},"excerpt":{"rendered":"<p>Informaci\u00f3n general El transformador encapsulado PTC1640U permite alimentar sistemas de alarma para toda aplicaci\u00f3n. Cuenta con protecci\u00f3n PTC para evitar que variaciones y descargas de voltaje lleguen al sistema al que est\u00e1 conectado. Especificaciones Voltaje de alimentaci\u00f3n: 120VCA, 60Hz Voltaje de salida: 16.5VCA, 40VA \uf0a7&hellip;<\/p>\n","protected":false},"featured_media":3242,"comment_status":"open","ping_status":"closed","template":"","meta":{"om_disable_all_campaigns":false,"_monsterinsights_skip_tracking":false,"_monsterinsights_sitenote_active":false,"_monsterinsights_sitenote_note":"","_monsterinsights_sitenote_category":0},"product_brand":[],"product_cat":[218],"product_tag":[212,211,151],"class_list":{"0":"post-3243","1":"product","2":"type-product","3":"status-publish","4":"has-post-thumbnail","6":"product_cat-accesorios-alarmas-alarmas-dsc","7":"product_tag-alarmas","8":"product_tag-alarmas-e-intrusion","9":"product_tag-seguridad","11":"first","12":"instock","13":"sale","14":"taxable","15":"shipping-taxable","16":"purchasable","17":"product-type-simple"},"aioseo_notices":[],"_links":{"self":[{"href":"https:\/\/tecsecmty.com\/index.php\/wp-json\/wp\/v2\/product\/3243","targetHints":{"allow":["GET"]}}],"collection":[{"href":"https:\/\/tecsecmty.com\/index.php\/wp-json\/wp\/v2\/product"}],"about":[{"href":"https:\/\/tecsecmty.com\/index.php\/wp-json\/wp\/v2\/types\/product"}],"replies":[{"embeddable":true,"href":"https:\/\/tecsecmty.com\/index.php\/wp-json\/wp\/v2\/comments?post=3243"}],"version-history":[{"count":0,"href":"https:\/\/tecsecmty.com\/index.php\/wp-json\/wp\/v2\/product\/3243\/revisions"}],"wp:featuredmedia":[{"embeddable":true,"href":"https:\/\/tecsecmty.com\/index.php\/wp-json\/wp\/v2\/media\/3242"}],"wp:attachment":[{"href":"https:\/\/tecsecmty.com\/index.php\/wp-json\/wp\/v2\/media?parent=3243"}],"wp:term":[{"taxonomy":"product_brand","embeddable":true,"href":"https:\/\/tecsecmty.com\/index.php\/wp-json\/wp\/v2\/product_brand?post=3243"},{"taxonomy":"product_cat","embeddable":true,"href":"https:\/\/tecsecmty.com\/index.php\/wp-json\/wp\/v2\/product_cat?post=3243"},{"taxonomy":"product_tag","embeddable":true,"href":"https:\/\/tecsecmty.com\/index.php\/wp-json\/wp\/v2\/product_tag?post=3243"}],"curies":[{"name":"wp","href":"https:\/\/api.w.org\/{rel}","templated":true}]}}