{"id":3247,"date":"2023-02-23T00:16:39","date_gmt":"2023-02-23T06:16:39","guid":{"rendered":"https:\/\/tecsecmty.com\/index.php\/producto\/dsc-sgpsu5600-refaccion-fuente-de-alimentacion-para-central-system-v-600w\/"},"modified":"2023-03-22T23:23:25","modified_gmt":"2023-03-23T05:23:25","slug":"dsc-sgpsu5600-refaccion-fuente-de-alimentacion-para-central-system-v-600w","status":"publish","type":"product","link":"https:\/\/tecsecmty.com\/index.php\/producto\/dsc-sgpsu5600-refaccion-fuente-de-alimentacion-para-central-system-v-600w\/","title":{"rendered":"DSC SGPSU5600 &#8211; Refaccion Fuente de alimentaci\u00f3n para central System V 600W"},"content":{"rendered":"<h5 class=\"card-title text-center\">Descripcion<\/h5>\n<p><strong>Descripci\u00f3n comercial<\/strong><\/p>\n<p>Fuente de alimentaci\u00f3n de 600w para alimentar rececptora system 5.<\/p>\n<p><strong>Descripci\u00f3n t\u00e9cnica<\/strong><\/p>\n<p>Fuente de alimentaci\u00f3n de 600w, voltaje de entrada de 120vac\/60hz.<\/p>\n<p><strong>Para que sirve<\/strong><\/p>\n<p>Energiza todos los componentes de la sg-system 5.<\/p>\n<p><img decoding=\"async\" class=\"overview-center-img-web\" src=\"https:\/\/tvc.mx\/media\/29563\/DSC1220008-principalcomer.jpg\" alt=\"\" \/><\/p>\n","protected":false},"excerpt":{"rendered":"<p>Descripcion Descripci\u00f3n comercial Fuente de alimentaci\u00f3n de 600w para alimentar rececptora system 5. Descripci\u00f3n t\u00e9cnica Fuente de alimentaci\u00f3n de 600w, voltaje de entrada de 120vac\/60hz. Para que sirve Energiza todos los componentes de la sg-system 5.<\/p>\n","protected":false},"featured_media":3246,"comment_status":"open","ping_status":"closed","template":"","meta":{"om_disable_all_campaigns":false,"_monsterinsights_skip_tracking":false,"_monsterinsights_sitenote_active":false,"_monsterinsights_sitenote_note":"","_monsterinsights_sitenote_category":0},"product_brand":[],"product_cat":[218],"product_tag":[212,211,151],"class_list":{"0":"post-3247","1":"product","2":"type-product","3":"status-publish","4":"has-post-thumbnail","6":"product_cat-accesorios-alarmas-alarmas-dsc","7":"product_tag-alarmas","8":"product_tag-alarmas-e-intrusion","9":"product_tag-seguridad","11":"first","12":"instock","13":"sale","14":"taxable","15":"shipping-taxable","16":"purchasable","17":"product-type-simple"},"aioseo_notices":[],"_links":{"self":[{"href":"https:\/\/tecsecmty.com\/index.php\/wp-json\/wp\/v2\/product\/3247","targetHints":{"allow":["GET"]}}],"collection":[{"href":"https:\/\/tecsecmty.com\/index.php\/wp-json\/wp\/v2\/product"}],"about":[{"href":"https:\/\/tecsecmty.com\/index.php\/wp-json\/wp\/v2\/types\/product"}],"replies":[{"embeddable":true,"href":"https:\/\/tecsecmty.com\/index.php\/wp-json\/wp\/v2\/comments?post=3247"}],"version-history":[{"count":0,"href":"https:\/\/tecsecmty.com\/index.php\/wp-json\/wp\/v2\/product\/3247\/revisions"}],"wp:featuredmedia":[{"embeddable":true,"href":"https:\/\/tecsecmty.com\/index.php\/wp-json\/wp\/v2\/media\/3246"}],"wp:attachment":[{"href":"https:\/\/tecsecmty.com\/index.php\/wp-json\/wp\/v2\/media?parent=3247"}],"wp:term":[{"taxonomy":"product_brand","embeddable":true,"href":"https:\/\/tecsecmty.com\/index.php\/wp-json\/wp\/v2\/product_brand?post=3247"},{"taxonomy":"product_cat","embeddable":true,"href":"https:\/\/tecsecmty.com\/index.php\/wp-json\/wp\/v2\/product_cat?post=3247"},{"taxonomy":"product_tag","embeddable":true,"href":"https:\/\/tecsecmty.com\/index.php\/wp-json\/wp\/v2\/product_tag?post=3247"}],"curies":[{"name":"wp","href":"https:\/\/api.w.org\/{rel}","templated":true}]}}