{"id":3257,"date":"2023-02-23T00:16:46","date_gmt":"2023-02-23T06:16:46","guid":{"rendered":"https:\/\/tecsecmty.com\/index.php\/producto\/saxxon-syg075ext-gabinete-metalico-para-usos-multiples-instalacion-en-muro-461-x-405-x-273-mm-ofertasaaa\/"},"modified":"2023-03-22T23:24:09","modified_gmt":"2023-03-23T05:24:09","slug":"saxxon-syg075ext-gabinete-metalico-para-usos-multiples-instalacion-en-muro-461-x-405-x-273-mm-ofertasaaa","status":"publish","type":"product","link":"https:\/\/tecsecmty.com\/index.php\/producto\/saxxon-syg075ext-gabinete-metalico-para-usos-multiples-instalacion-en-muro-461-x-405-x-273-mm-ofertasaaa\/","title":{"rendered":"SAXXON SYG075EXT- GABINETE METALICO PARA USOS MULTIPLES\/ INSTALACION EN MURO\/ 461 x 405 x 273 MM #OfertasAAA"},"content":{"rendered":"<h5 class=\"card-title text-center\">Informaci\u00f3n General<\/h5>\n<p><strong>Caracter\u00edsticas Funcionales:<\/strong><\/p>\n<p>\u2022Tiene un par de perforaciones circulares en la base protegido por tapones pl\u00e1sticos para pasado de cable<\/p>\n<p>\u2022Preparaci\u00f3n para instalaci\u00f3n en Muro.<\/p>\n<p>\u2022Cuenta con platina para instalar equipo.<\/p>\n<p>\u2022Preparaci\u00f3n para instalaci\u00f3n de riel DIN en puerta.<\/p>\n<p><strong>Caracter\u00edsticas F\u00edsicas:<\/strong><\/p>\n<p>\u2022Pintura: Beige Electrost\u00e1tica.<\/p>\n<p>\u2022Aplicaci\u00f3n: Exterior.<\/p>\n<p>\u2022Material: Acero calibre 22.<\/p>\n<p>\u2022Unidades Rack: N\/A.<\/p>\n<p>\u2022Peso: 7.1 Kg.<\/p>\n<p>\u2022Dimensiones exteriores: 461 x 405 x 273 mm (Ancho x Alto x Profundidad).<\/p>\n","protected":false},"excerpt":{"rendered":"<p>Informaci\u00f3n General Caracter\u00edsticas Funcionales: \u2022Tiene un par de perforaciones circulares en la base protegido por tapones pl\u00e1sticos para pasado de cable \u2022Preparaci\u00f3n para instalaci\u00f3n en Muro. \u2022Cuenta con platina para instalar equipo. \u2022Preparaci\u00f3n para instalaci\u00f3n de riel DIN en puerta. Caracter\u00edsticas F\u00edsicas: \u2022Pintura: Beige Electrost\u00e1tica.&hellip;<\/p>\n","protected":false},"featured_media":3256,"comment_status":"open","ping_status":"closed","template":"","meta":{"om_disable_all_campaigns":false,"_monsterinsights_skip_tracking":false,"_monsterinsights_sitenote_active":false,"_monsterinsights_sitenote_note":"","_monsterinsights_sitenote_category":0},"product_brand":[],"product_cat":[230],"product_tag":[212,211,151],"class_list":{"0":"post-3257","1":"product","2":"type-product","3":"status-publish","4":"has-post-thumbnail","6":"product_cat-accesorios-alarmas-alarmas-saxxon","7":"product_tag-alarmas","8":"product_tag-alarmas-e-intrusion","9":"product_tag-seguridad","11":"first","12":"instock","13":"sale","14":"taxable","15":"shipping-taxable","16":"purchasable","17":"product-type-simple"},"aioseo_notices":[],"_links":{"self":[{"href":"https:\/\/tecsecmty.com\/index.php\/wp-json\/wp\/v2\/product\/3257","targetHints":{"allow":["GET"]}}],"collection":[{"href":"https:\/\/tecsecmty.com\/index.php\/wp-json\/wp\/v2\/product"}],"about":[{"href":"https:\/\/tecsecmty.com\/index.php\/wp-json\/wp\/v2\/types\/product"}],"replies":[{"embeddable":true,"href":"https:\/\/tecsecmty.com\/index.php\/wp-json\/wp\/v2\/comments?post=3257"}],"version-history":[{"count":0,"href":"https:\/\/tecsecmty.com\/index.php\/wp-json\/wp\/v2\/product\/3257\/revisions"}],"wp:featuredmedia":[{"embeddable":true,"href":"https:\/\/tecsecmty.com\/index.php\/wp-json\/wp\/v2\/media\/3256"}],"wp:attachment":[{"href":"https:\/\/tecsecmty.com\/index.php\/wp-json\/wp\/v2\/media?parent=3257"}],"wp:term":[{"taxonomy":"product_brand","embeddable":true,"href":"https:\/\/tecsecmty.com\/index.php\/wp-json\/wp\/v2\/product_brand?post=3257"},{"taxonomy":"product_cat","embeddable":true,"href":"https:\/\/tecsecmty.com\/index.php\/wp-json\/wp\/v2\/product_cat?post=3257"},{"taxonomy":"product_tag","embeddable":true,"href":"https:\/\/tecsecmty.com\/index.php\/wp-json\/wp\/v2\/product_tag?post=3257"}],"curies":[{"name":"wp","href":"https:\/\/api.w.org\/{rel}","templated":true}]}}