{"id":3259,"date":"2023-02-23T00:16:48","date_gmt":"2023-02-23T06:16:48","guid":{"rendered":"https:\/\/tecsecmty.com\/index.php\/producto\/seco-larm-st24062aq-fuente-de-poder-con-cargador-bateria-1-5-amp-6-12-24-vcd\/"},"modified":"2023-03-22T23:24:25","modified_gmt":"2023-03-23T05:24:25","slug":"seco-larm-st24062aq-fuente-de-poder-con-cargador-bateria-1-5-amp-6-12-24-vcd","status":"publish","type":"product","link":"https:\/\/tecsecmty.com\/index.php\/producto\/seco-larm-st24062aq-fuente-de-poder-con-cargador-bateria-1-5-amp-6-12-24-vcd\/","title":{"rendered":"SECO-LARM ST24062AQ &#8211; Fuente de Poder con Cargador Bateria 1.5 amp 6\/12\/24 VCD"},"content":{"rendered":"<div class=\"row aling-items-center padding-bottom-2x\">\n<div class=\"col-lg-12\">\n<h5 class=\"card-title text-center\">ST24062AQ<\/h5>\n<h4 class=\"ql-align-center\"><strong>FUENTE DE PODER ST-2406-2AQ<\/strong><\/h4>\n<p>Caracter\u00edsticas:<\/p>\n<ul>\n<li>Recarga autom\u00e1tica de bater\u00edas de respaldo<\/li>\n<li>Conmuta autom\u00e1ticamente a modo bater\u00eda en caso de corte de suministro el\u00e9ctrico<\/li>\n<li>Protecci\u00f3n incorporada ante cortocircuitos de la bater\u00eda<\/li>\n<li>LEDs indicadores de estado de energ\u00eda<\/li>\n<li>Salida auxiliar programable en 6, 12 \u00f3 24 VCC<\/li>\n<li>Salida de voltaje regulada y filtrada<\/li>\n<li>Salida del circuito de carga regulada protegida por fusible<\/li>\n<li>Incluye cinta adhesiva doble faz y cables de conexi\u00f3n de bater\u00eda con terminales<\/li>\n<\/ul>\n<p>Especificaciones:<\/p>\n<ul>\n<li>Alta eficiencia a plena carga<\/li>\n<li>Dise\u00f1ado para no necesitar un disipador de calor<\/li>\n<li>Voltaje de operaci\u00f3n\u00a06, 12, 24 VCC<\/li>\n<li>Consumo continuo 1.5A<\/li>\n<li>Consumo de corriente (Max) 2.0 A<\/li>\n<li>Corriente de salida 6V = 100mA, 12V = 220mA, 24V =450mA<\/li>\n<li>Temperatura de operaci\u00f3n -4\u00b0~149\u00b0 F (-20\u00b0~65\u00b0 C)<\/li>\n<li>Dimensiones 2-7\/8&#8243;x2-1\/2&#8243;x1-3\/8&#8243; (73x64x35mm)<\/li>\n<\/ul>\n<p>NOTA<\/p>\n<p>PARA SU FUNCIONAMIENTO ES INDISPENSABLE TRANFORMADOR, BATERIA DE RESPALDO Y GABIENTE PARA SU RESGUARDO (SE VENDEN POR SEPARADO)<\/p>\n<p><img decoding=\"async\" class=\"overview-center-img-web\" src=\"https:\/\/tvc.mx\/media\/65223\/B-ST24062AQ.jpg\" alt=\"\" \/><\/div>\n<\/div>\n<div class=\"row aling-items-center padding-bottom-2x\">\n<div class=\"col-lg-12\">\n<h5 class=\"card-title text-center\">ST24062AQ<\/h5>\n<h4 class=\"ql-align-center\"><strong>DIAGRAMA DE DISPOSITIVO<\/strong><\/h4>\n<p>Instrucciones de Instalaci\u00f3n:<\/p>\n<p>1. Fije la placa en la ubicaci\u00f3n deseada dentro de un gabinete, contemplando la accesibilidad para realizar futuras conexiones.<\/p>\n<p>2. Establezca el valor de voltaje de salida de CC (6, 12 \u00f3 24 VCC), utilizando el interruptor DIP como se muestra en la Tabla 1 para los modelos ST-1206-1.5AQ, ST-2406-2AQ y ST-2406-3AQ o la Tabla 2 para todos los dem\u00e1s modelos ST-2406. IMPORTANTE: Desconecte la alimentaci\u00f3n de la placa antes de cambiar o manipular la configuraci\u00f3n del interruptor DIP (la configuraci\u00f3n de salida de voltaje predeterminada o de f\u00e1brica es de 12 VCC).\u00a0(consulte manual de instalaci\u00f3n)<\/p>\n<p>Notas:<\/p>\n<p>1. Antes de conectar cualquier dispositivo externo, encienda temporalmente la unidad y mida la tensi\u00f3n de salida de CC en el punto de conexi\u00f3n del dispositivo para evitar da\u00f1os a los dispositivos. Si la ca\u00edda de voltaje es grande, ajuste el voltaje usando el trimpot del voltaje de salida (vea la Fig.1). Luego desconecte la alimentaci\u00f3n antes de conectar dispositivos externos.(consulte manual de instalaci\u00f3n)<\/p>\n<p>2. Verifique los LEDs indicadores de estado en la Tabla 4. (consulte manual de instalaci\u00f3n)<\/p>\n<p>3. El ST-1206-1.5AQ tiene un fusible de 3A. Los modelos ST-2406-2AQ, ST-2406-3AQ y ST-2406-5AQ tienen un fusible de 5A. Los modelos ST-2406- 7AQ y ST-2406-10AQ tienen un fusible de 10A. Use solo los fusibles correctos para evitar cortocircuitos y da\u00f1os a las fuentes de alimentaci\u00f3n \/ cargadores o al panel de control de acceso a la alarma. (consulte manual de instalaci\u00f3n)<\/p>\n<p>4. Si el valor de tensi\u00f3n de la bater\u00eda cae por debajo del 80 % del valor establecido en la salida auxiliar, la placa cortar\u00e1 autom\u00e1ticamente el suministro de tensi\u00f3n de la bater\u00eda de respaldo<\/p>\n<p><img decoding=\"async\" class=\"overview-center-img-web\" src=\"https:\/\/tvc.mx\/media\/65271\/B-Diagrama.jpg\" alt=\"\" \/><\/div>\n<\/div>\n","protected":false},"excerpt":{"rendered":"<p>ST24062AQ FUENTE DE PODER ST-2406-2AQ Caracter\u00edsticas: Recarga autom\u00e1tica de bater\u00edas de respaldo Conmuta autom\u00e1ticamente a modo bater\u00eda en caso de corte de suministro el\u00e9ctrico Protecci\u00f3n incorporada ante cortocircuitos de la bater\u00eda LEDs indicadores de estado de energ\u00eda Salida auxiliar programable en 6, 12 \u00f3 24&hellip;<\/p>\n","protected":false},"featured_media":3258,"comment_status":"open","ping_status":"closed","template":"","meta":{"om_disable_all_campaigns":false,"_monsterinsights_skip_tracking":false,"_monsterinsights_sitenote_active":false,"_monsterinsights_sitenote_note":"","_monsterinsights_sitenote_category":0},"product_brand":[],"product_cat":[233],"product_tag":[212,211,151],"class_list":{"0":"post-3259","1":"product","2":"type-product","3":"status-publish","4":"has-post-thumbnail","6":"product_cat-accesorios-alarmas-alarmas-seco-larm","7":"product_tag-alarmas","8":"product_tag-alarmas-e-intrusion","9":"product_tag-seguridad","11":"first","12":"instock","13":"sale","14":"taxable","15":"shipping-taxable","16":"purchasable","17":"product-type-simple"},"aioseo_notices":[],"_links":{"self":[{"href":"https:\/\/tecsecmty.com\/index.php\/wp-json\/wp\/v2\/product\/3259","targetHints":{"allow":["GET"]}}],"collection":[{"href":"https:\/\/tecsecmty.com\/index.php\/wp-json\/wp\/v2\/product"}],"about":[{"href":"https:\/\/tecsecmty.com\/index.php\/wp-json\/wp\/v2\/types\/product"}],"replies":[{"embeddable":true,"href":"https:\/\/tecsecmty.com\/index.php\/wp-json\/wp\/v2\/comments?post=3259"}],"version-history":[{"count":0,"href":"https:\/\/tecsecmty.com\/index.php\/wp-json\/wp\/v2\/product\/3259\/revisions"}],"wp:featuredmedia":[{"embeddable":true,"href":"https:\/\/tecsecmty.com\/index.php\/wp-json\/wp\/v2\/media\/3258"}],"wp:attachment":[{"href":"https:\/\/tecsecmty.com\/index.php\/wp-json\/wp\/v2\/media?parent=3259"}],"wp:term":[{"taxonomy":"product_brand","embeddable":true,"href":"https:\/\/tecsecmty.com\/index.php\/wp-json\/wp\/v2\/product_brand?post=3259"},{"taxonomy":"product_cat","embeddable":true,"href":"https:\/\/tecsecmty.com\/index.php\/wp-json\/wp\/v2\/product_cat?post=3259"},{"taxonomy":"product_tag","embeddable":true,"href":"https:\/\/tecsecmty.com\/index.php\/wp-json\/wp\/v2\/product_tag?post=3259"}],"curies":[{"name":"wp","href":"https:\/\/api.w.org\/{rel}","templated":true}]}}