{"id":3267,"date":"2023-02-23T00:16:56","date_gmt":"2023-02-23T06:16:56","guid":{"rendered":"https:\/\/tecsecmty.com\/index.php\/producto\/seco-larm-kit-fuente-de-poder-2-kit-de-poder-contiene-1-fuente-de-poder-de-2-5-amp-bateria-de-respaldo-transformador-y-gabinete\/"},"modified":"2023-03-22T23:24:24","modified_gmt":"2023-03-23T05:24:24","slug":"seco-larm-kit-fuente-de-poder-2-kit-de-poder-contiene-1-fuente-de-poder-de-2-5-amp-bateria-de-respaldo-transformador-y-gabinete","status":"publish","type":"product","link":"https:\/\/tecsecmty.com\/index.php\/producto\/seco-larm-kit-fuente-de-poder-2-kit-de-poder-contiene-1-fuente-de-poder-de-2-5-amp-bateria-de-respaldo-transformador-y-gabinete\/","title":{"rendered":"Seco-Larm Kit Fuente De Poder 2 &#8211; Kit De Poder Contiene 1 Fuente De Poder De 2.5 Amp, Bateria De Respaldo, Transformador Y Gabinete"},"content":{"rendered":"<div class=\"row aling-items-center padding-bottom-2x\">\n<div class=\"col-lg-12\">\n<h5 class=\"card-title text-center\">KIT FUENTE 2<\/h5>\n<h4 class=\"ql-align-center\">KIT FUENTE DE PODER 2<\/h4>\n<p>Componentes:<\/p>\n<ul>\n<li>ST24063AQ<\/li>\n<li>Transformador PTC1640U<\/li>\n<li>Bater\u00eda de respaldo 12v 4.5Ah<\/li>\n<li>Gabinete Met\u00e1lico DSC1190010<\/li>\n<\/ul>\n<p>Caracter\u00edsticas:<\/p>\n<ul>\n<li>Recarga autom\u00e1tica de bater\u00edas de respaldo<\/li>\n<li>Conmuta autom\u00e1ticamente a modo bater\u00eda en caso de corte de suministro el\u00e9ctrico<\/li>\n<li>Protecci\u00f3n incorporada ante cortocircuitos de la bater\u00eda<\/li>\n<li>LEDs indicadores de estado de energ\u00eda<\/li>\n<li>Salida auxiliar programable en 6, 12 \u00f3 24 VCC<\/li>\n<li>Salida de voltaje regulada y filtrada<\/li>\n<li>Salida del circuito de carga regulada protegida por fusible<\/li>\n<li>Incluye cinta adhesiva doble faz y cables de conexi\u00f3n de bater\u00eda con terminales<\/li>\n<\/ul>\n<p>Especificaciones:<\/p>\n<ul>\n<li>Alta eficiencia a plena carga<\/li>\n<li>Dise\u00f1ado para no necesitar un disipador de calor<\/li>\n<li>Voltaje de operaci\u00f3n\u00a06, 12, 24 VCC<\/li>\n<li>Consumo continuo 2.5A<\/li>\n<li>Consumo de corriente (Max) 3.0 A<\/li>\n<li>Corriente de salida 6V = 100mA, 12V = 220mA, 24V = 450mA<\/li>\n<li>Temperatura de operaci\u00f3n -4\u00b0~149\u00b0 F (-20\u00b0~65\u00b0 C)<\/li>\n<li>Dimensiones 2-7\/8&#8243;x2-1\/4&#8243;x1-3\/8&#8243; (73x73x35mm)<\/li>\n<\/ul>\n<p><img decoding=\"async\" class=\"overview-center-img-web\" src=\"https:\/\/tvc.mx\/media\/95261\/B-KIT.jpg\" alt=\"\" \/><\/div>\n<\/div>\n<div class=\"row aling-items-center padding-bottom-2x\">\n<div class=\"col-lg-12\">\n<h5 class=\"card-title text-center\">KIT FUENTE 2<\/h5>\n<h2>Especificaciones<\/h2>\n<ul>\n<li>Voltaje de alimentaci\u00f3n: 120VCA, 60Hz<\/li>\n<li>Voltaje de salida: 16.5VCA, 40VA \uf0a7<\/li>\n<li>Tipo de conexi\u00f3n: Tornillos \uf0a7<\/li>\n<li>Con LED indicador<\/li>\n<\/ul>\n<p><img decoding=\"async\" class=\"overview-center-img-web\" src=\"https:\/\/tvc.mx\/media\/95273\/tramformador.jpg\" alt=\"\" \/><\/div>\n<\/div>\n<div class=\"row aling-items-center padding-bottom-2x\">\n<div class=\"col-lg-12\">\n<h5 class=\"card-title text-center\">KIT FUENTE 2<\/h5>\n<p>Gabinete met\u00e1lico peque\u00f1o, ideal para m\u00f3dulos DSC y fuentes de poder SECO LARM.<\/p>\n<p>Descripci\u00f3n t\u00e9cnica:<\/p>\n<ul>\n<li>Dimensiones de 9.9 cm x 24.13 x 24.63<\/li>\n<li>Dise\u00f1ado para interiores<\/li>\n<li>Met\u00e1lico en color beige.<\/li>\n<li>Beneficios adicionales<\/li>\n<li>Puerta removible<\/li>\n<li>Montaje de pared<\/li>\n<\/ul>\n<p>Funcionalidad:<\/p>\n<ul>\n<li>Ideal para el montaje de modulos y fuentes de poder como SECO LARM<\/li>\n<\/ul>\n<p>Instalaci\u00f3n:<\/p>\n<ul>\n<li>Industrias<\/li>\n<li>Zonas residenciales<\/li>\n<li>Zonas comerciales<\/li>\n<\/ul>\n<p>Bater\u00eda de respaldo de 12VCD @ 4.5AH.<\/p>\n<p>Bater\u00eda recargable apta para paneles de alarma, controladores de acceso, paneles de incendio, brinda respaldo de 4.5 AH, permite el funcionamiento \u00f3ptimo de los equipos a falta de energ\u00eda.<\/p>\n<p>Especificaciones:<\/p>\n<ul>\n<li>Voltaje nominal: 12V<\/li>\n<li>Bater\u00eda recargable de Plomo-\u00c1cido, sellada (SLA), 12V 4.5Ah.<\/li>\n<\/ul>\n<p>Beneficios adicionales<\/p>\n<ul>\n<li class=\"ql-align-justify\">Funcionamiento \u00f3ptimo del equipo<\/li>\n<li class=\"ql-align-justify\">Voltaje nominal de 12 VCD<\/li>\n<li class=\"ql-align-justify\">Mayor seguridad de los sistemas<\/li>\n<li>Fiabilidad<\/li>\n<\/ul>\n<p><img decoding=\"async\" class=\"overview-center-img-web\" src=\"https:\/\/tvc.mx\/media\/95281\/B-KIT-fUENTE.jpg\" alt=\"\" \/><\/div>\n<\/div>\n","protected":false},"excerpt":{"rendered":"<p>KIT FUENTE 2 KIT FUENTE DE PODER 2 Componentes: ST24063AQ Transformador PTC1640U Bater\u00eda de respaldo 12v 4.5Ah Gabinete Met\u00e1lico DSC1190010 Caracter\u00edsticas: Recarga autom\u00e1tica de bater\u00edas de respaldo Conmuta autom\u00e1ticamente a modo bater\u00eda en caso de corte de suministro el\u00e9ctrico Protecci\u00f3n incorporada ante cortocircuitos de la&hellip;<\/p>\n","protected":false},"featured_media":3266,"comment_status":"open","ping_status":"closed","template":"","meta":{"om_disable_all_campaigns":false,"_monsterinsights_skip_tracking":false,"_monsterinsights_sitenote_active":false,"_monsterinsights_sitenote_note":"","_monsterinsights_sitenote_category":0},"product_brand":[],"product_cat":[233],"product_tag":[212,211,151],"class_list":{"0":"post-3267","1":"product","2":"type-product","3":"status-publish","4":"has-post-thumbnail","6":"product_cat-accesorios-alarmas-alarmas-seco-larm","7":"product_tag-alarmas","8":"product_tag-alarmas-e-intrusion","9":"product_tag-seguridad","11":"first","12":"instock","13":"sale","14":"taxable","15":"shipping-taxable","16":"purchasable","17":"product-type-simple"},"aioseo_notices":[],"_links":{"self":[{"href":"https:\/\/tecsecmty.com\/index.php\/wp-json\/wp\/v2\/product\/3267","targetHints":{"allow":["GET"]}}],"collection":[{"href":"https:\/\/tecsecmty.com\/index.php\/wp-json\/wp\/v2\/product"}],"about":[{"href":"https:\/\/tecsecmty.com\/index.php\/wp-json\/wp\/v2\/types\/product"}],"replies":[{"embeddable":true,"href":"https:\/\/tecsecmty.com\/index.php\/wp-json\/wp\/v2\/comments?post=3267"}],"version-history":[{"count":0,"href":"https:\/\/tecsecmty.com\/index.php\/wp-json\/wp\/v2\/product\/3267\/revisions"}],"wp:featuredmedia":[{"embeddable":true,"href":"https:\/\/tecsecmty.com\/index.php\/wp-json\/wp\/v2\/media\/3266"}],"wp:attachment":[{"href":"https:\/\/tecsecmty.com\/index.php\/wp-json\/wp\/v2\/media?parent=3267"}],"wp:term":[{"taxonomy":"product_brand","embeddable":true,"href":"https:\/\/tecsecmty.com\/index.php\/wp-json\/wp\/v2\/product_brand?post=3267"},{"taxonomy":"product_cat","embeddable":true,"href":"https:\/\/tecsecmty.com\/index.php\/wp-json\/wp\/v2\/product_cat?post=3267"},{"taxonomy":"product_tag","embeddable":true,"href":"https:\/\/tecsecmty.com\/index.php\/wp-json\/wp\/v2\/product_tag?post=3267"}],"curies":[{"name":"wp","href":"https:\/\/api.w.org\/{rel}","templated":true}]}}