{"id":3271,"date":"2023-02-23T00:17:01","date_gmt":"2023-02-23T06:17:01","guid":{"rendered":"https:\/\/tecsecmty.com\/index.php\/producto\/seco-larm-st24067aq-fuente-de-poder-con-cargador-bateria-7-amp-6-12-24-vcd\/"},"modified":"2023-03-22T23:24:25","modified_gmt":"2023-03-23T05:24:25","slug":"seco-larm-st24067aq-fuente-de-poder-con-cargador-bateria-7-amp-6-12-24-vcd","status":"publish","type":"product","link":"https:\/\/tecsecmty.com\/index.php\/producto\/seco-larm-st24067aq-fuente-de-poder-con-cargador-bateria-7-amp-6-12-24-vcd\/","title":{"rendered":"Seco-Larm ST24067AQ- Fuente de Poder con Cargador Bater\u00eda 7 Amp 6\/12\/24 VCD"},"content":{"rendered":"<h5 class=\"card-title text-center\">Fuente de Poder SecoLarm<\/h5>\n<h2>El Seco-Larm ST-2406-7AQ es una fuente de alimentaci\u00f3n \/ cargador con 7.0 A de corriente continua. La unidad funciona con 6, 12 y 24 VCC.<\/h2>\n<h3>Las fuentes de alimentaci\u00f3n \/ cargadores de la serie ST de Seco-Larms garantizan que los sistemas de alarma y los sistemas de control de acceso siempre tengan suficiente potencia para hacer su trabajo. Protegidas por una salida con fusibles, diodos de protecci\u00f3n de polaridad de entrada y protecci\u00f3n inversa de polaridad de la bater\u00eda de respaldo, estas fuentes de alimentaci\u00f3n \/ cargadores se pueden utilizar para maximizar la seguridad y la eficiencia de casi cualquier instalaci\u00f3n de control de acceso de alarmas.<\/h3>\n<h4>7Especificaciones t\u00e9cnicas:<\/h4>\n<h4>Voltaje DC: 6, 12, 24<\/h4>\n<h4>Corriente (continua): 7.0A<\/h4>\n<h4>Corriente (pico): 7.5A<\/h4>\n<h4>Corriente de salida (carga m\u00e1xima): 6V = 200mA, 12V = 400mA, 24V = 700mA<\/h4>\n<h4>Tama\u00f1o: 5-1 \/ 2 \u00abx5-1 \/ 8\u00bb x2-1 \/ 8 \u00ab(140x130x55 mm)<\/h4>\n<p><img decoding=\"async\" class=\"overview-center-img-web\" src=\"https:\/\/tvc.mx\/media\/328808\/ST24067AQ.png\" alt=\"ST24067AQ\" \/><\/p>\n","protected":false},"excerpt":{"rendered":"<p>Fuente de Poder SecoLarm El Seco-Larm ST-2406-7AQ es una fuente de alimentaci\u00f3n \/ cargador con 7.0 A de corriente continua. La unidad funciona con 6, 12 y 24 VCC. Las fuentes de alimentaci\u00f3n \/ cargadores de la serie ST de Seco-Larms garantizan que los sistemas&hellip;<\/p>\n","protected":false},"featured_media":3270,"comment_status":"open","ping_status":"closed","template":"","meta":{"om_disable_all_campaigns":false,"_monsterinsights_skip_tracking":false,"_monsterinsights_sitenote_active":false,"_monsterinsights_sitenote_note":"","_monsterinsights_sitenote_category":0},"product_brand":[],"product_cat":[233],"product_tag":[212,211,151],"class_list":{"0":"post-3271","1":"product","2":"type-product","3":"status-publish","4":"has-post-thumbnail","6":"product_cat-accesorios-alarmas-alarmas-seco-larm","7":"product_tag-alarmas","8":"product_tag-alarmas-e-intrusion","9":"product_tag-seguridad","11":"first","12":"instock","13":"sale","14":"taxable","15":"shipping-taxable","16":"purchasable","17":"product-type-simple"},"aioseo_notices":[],"_links":{"self":[{"href":"https:\/\/tecsecmty.com\/index.php\/wp-json\/wp\/v2\/product\/3271","targetHints":{"allow":["GET"]}}],"collection":[{"href":"https:\/\/tecsecmty.com\/index.php\/wp-json\/wp\/v2\/product"}],"about":[{"href":"https:\/\/tecsecmty.com\/index.php\/wp-json\/wp\/v2\/types\/product"}],"replies":[{"embeddable":true,"href":"https:\/\/tecsecmty.com\/index.php\/wp-json\/wp\/v2\/comments?post=3271"}],"version-history":[{"count":0,"href":"https:\/\/tecsecmty.com\/index.php\/wp-json\/wp\/v2\/product\/3271\/revisions"}],"wp:featuredmedia":[{"embeddable":true,"href":"https:\/\/tecsecmty.com\/index.php\/wp-json\/wp\/v2\/media\/3270"}],"wp:attachment":[{"href":"https:\/\/tecsecmty.com\/index.php\/wp-json\/wp\/v2\/media?parent=3271"}],"wp:term":[{"taxonomy":"product_brand","embeddable":true,"href":"https:\/\/tecsecmty.com\/index.php\/wp-json\/wp\/v2\/product_brand?post=3271"},{"taxonomy":"product_cat","embeddable":true,"href":"https:\/\/tecsecmty.com\/index.php\/wp-json\/wp\/v2\/product_cat?post=3271"},{"taxonomy":"product_tag","embeddable":true,"href":"https:\/\/tecsecmty.com\/index.php\/wp-json\/wp\/v2\/product_tag?post=3271"}],"curies":[{"name":"wp","href":"https:\/\/api.w.org\/{rel}","templated":true}]}}