{"id":3275,"date":"2023-02-23T00:17:03","date_gmt":"2023-02-23T06:17:03","guid":{"rendered":"https:\/\/tecsecmty.com\/index.php\/producto\/dsc-battpgx901-x911-neo-bateria-de-litio-3-6-vcd-7-ah-para-pg9901-batt-pg9911b-batt\/"},"modified":"2023-03-22T23:23:15","modified_gmt":"2023-03-23T05:23:15","slug":"dsc-battpgx901-x911-neo-bateria-de-litio-3-6-vcd-7-ah-para-pg9901-batt-pg9911b-batt","status":"publish","type":"product","link":"https:\/\/tecsecmty.com\/index.php\/producto\/dsc-battpgx901-x911-neo-bateria-de-litio-3-6-vcd-7-ah-para-pg9901-batt-pg9911b-batt\/","title":{"rendered":"DSC BATTPGX901\/X911 &#8211; Neo Bateria de LITIO 3.6 VCD @ 7 AH para PG9901 BATT \/ PG9911B BATT"},"content":{"rendered":"<h5 class=\"card-title text-center\">Descripci\u00f3n<\/h5>\n<p>BATER\u00cdA DE LITIO IDEAL PARA ALIMENTAR LAS SIRENAS INAL\u00c1MBRICAS DE LA SERIE POWERG, LIBRE DE MANTENIMIENTO.<\/p>\n<p><img decoding=\"async\" src=\"https:\/\/tecsecmty.com\/wp-content\/uploads\/2023\/02\/batt-pgx901-pgx911-300x300.jpg\" \/><\/p>\n","protected":false},"excerpt":{"rendered":"<p>Descripci\u00f3n BATER\u00cdA DE LITIO IDEAL PARA ALIMENTAR LAS SIRENAS INAL\u00c1MBRICAS DE LA SERIE POWERG, LIBRE DE MANTENIMIENTO.<\/p>\n","protected":false},"featured_media":3274,"comment_status":"open","ping_status":"closed","template":"","meta":{"om_disable_all_campaigns":false,"_monsterinsights_skip_tracking":false,"_monsterinsights_sitenote_active":false,"_monsterinsights_sitenote_note":"","_monsterinsights_sitenote_category":0},"product_brand":[],"product_cat":[234],"product_tag":[212,211,151],"class_list":{"0":"post-3275","1":"product","2":"type-product","3":"status-publish","4":"has-post-thumbnail","6":"product_cat-baterias-de-equipos-dsc","7":"product_tag-alarmas","8":"product_tag-alarmas-e-intrusion","9":"product_tag-seguridad","11":"first","12":"instock","13":"sale","14":"taxable","15":"shipping-taxable","16":"purchasable","17":"product-type-simple"},"aioseo_notices":[],"_links":{"self":[{"href":"https:\/\/tecsecmty.com\/index.php\/wp-json\/wp\/v2\/product\/3275","targetHints":{"allow":["GET"]}}],"collection":[{"href":"https:\/\/tecsecmty.com\/index.php\/wp-json\/wp\/v2\/product"}],"about":[{"href":"https:\/\/tecsecmty.com\/index.php\/wp-json\/wp\/v2\/types\/product"}],"replies":[{"embeddable":true,"href":"https:\/\/tecsecmty.com\/index.php\/wp-json\/wp\/v2\/comments?post=3275"}],"version-history":[{"count":0,"href":"https:\/\/tecsecmty.com\/index.php\/wp-json\/wp\/v2\/product\/3275\/revisions"}],"wp:featuredmedia":[{"embeddable":true,"href":"https:\/\/tecsecmty.com\/index.php\/wp-json\/wp\/v2\/media\/3274"}],"wp:attachment":[{"href":"https:\/\/tecsecmty.com\/index.php\/wp-json\/wp\/v2\/media?parent=3275"}],"wp:term":[{"taxonomy":"product_brand","embeddable":true,"href":"https:\/\/tecsecmty.com\/index.php\/wp-json\/wp\/v2\/product_brand?post=3275"},{"taxonomy":"product_cat","embeddable":true,"href":"https:\/\/tecsecmty.com\/index.php\/wp-json\/wp\/v2\/product_cat?post=3275"},{"taxonomy":"product_tag","embeddable":true,"href":"https:\/\/tecsecmty.com\/index.php\/wp-json\/wp\/v2\/product_tag?post=3275"}],"curies":[{"name":"wp","href":"https:\/\/api.w.org\/{rel}","templated":true}]}}