{"id":3277,"date":"2023-02-23T00:17:05","date_gmt":"2023-02-23T06:17:05","guid":{"rendered":"https:\/\/tecsecmty.com\/index.php\/producto\/dsc-battpgx934p-neo-bateria-de-litio-3-0-vcd-1-5-ah-para-detector-pg9934p\/"},"modified":"2023-03-22T23:23:15","modified_gmt":"2023-03-23T05:23:15","slug":"dsc-battpgx934p-neo-bateria-de-litio-3-0-vcd-1-5-ah-para-detector-pg9934p","status":"publish","type":"product","link":"https:\/\/tecsecmty.com\/index.php\/producto\/dsc-battpgx934p-neo-bateria-de-litio-3-0-vcd-1-5-ah-para-detector-pg9934p\/","title":{"rendered":"DSC BATTPGX934P &#8211; NEO Bater\u00eda de Litio 3.0 VCD @ 1.5 AH para Detector PG9934P"},"content":{"rendered":"<h5 class=\"card-title text-center\">Descricpi\u00f3n<\/h5>\n<p>BATER\u00cdA DE LITIO, IDEAL PARA SUMINISTRAR ALIMENTACI\u00d3N AL DETECTOR DE MOVIMIENTO PIR INAL\u00c1MBRICO POWER G PG9934P.<\/p>\n<p><img decoding=\"async\" src=\"https:\/\/tecsecmty.com\/wp-content\/uploads\/2023\/02\/BATT-PGX934P-300x300.jpg\" \/><\/p>\n","protected":false},"excerpt":{"rendered":"<p>Descricpi\u00f3n BATER\u00cdA DE LITIO, IDEAL PARA SUMINISTRAR ALIMENTACI\u00d3N AL DETECTOR DE MOVIMIENTO PIR INAL\u00c1MBRICO POWER G PG9934P.<\/p>\n","protected":false},"featured_media":3276,"comment_status":"open","ping_status":"closed","template":"","meta":{"om_disable_all_campaigns":false,"_monsterinsights_skip_tracking":false,"_monsterinsights_sitenote_active":false,"_monsterinsights_sitenote_note":"","_monsterinsights_sitenote_category":0},"product_brand":[],"product_cat":[234],"product_tag":[212,211,151],"class_list":{"0":"post-3277","1":"product","2":"type-product","3":"status-publish","4":"has-post-thumbnail","6":"product_cat-baterias-de-equipos-dsc","7":"product_tag-alarmas","8":"product_tag-alarmas-e-intrusion","9":"product_tag-seguridad","11":"first","12":"instock","13":"sale","14":"taxable","15":"shipping-taxable","16":"purchasable","17":"product-type-simple"},"aioseo_notices":[],"_links":{"self":[{"href":"https:\/\/tecsecmty.com\/index.php\/wp-json\/wp\/v2\/product\/3277","targetHints":{"allow":["GET"]}}],"collection":[{"href":"https:\/\/tecsecmty.com\/index.php\/wp-json\/wp\/v2\/product"}],"about":[{"href":"https:\/\/tecsecmty.com\/index.php\/wp-json\/wp\/v2\/types\/product"}],"replies":[{"embeddable":true,"href":"https:\/\/tecsecmty.com\/index.php\/wp-json\/wp\/v2\/comments?post=3277"}],"version-history":[{"count":0,"href":"https:\/\/tecsecmty.com\/index.php\/wp-json\/wp\/v2\/product\/3277\/revisions"}],"wp:featuredmedia":[{"embeddable":true,"href":"https:\/\/tecsecmty.com\/index.php\/wp-json\/wp\/v2\/media\/3276"}],"wp:attachment":[{"href":"https:\/\/tecsecmty.com\/index.php\/wp-json\/wp\/v2\/media?parent=3277"}],"wp:term":[{"taxonomy":"product_brand","embeddable":true,"href":"https:\/\/tecsecmty.com\/index.php\/wp-json\/wp\/v2\/product_brand?post=3277"},{"taxonomy":"product_cat","embeddable":true,"href":"https:\/\/tecsecmty.com\/index.php\/wp-json\/wp\/v2\/product_cat?post=3277"},{"taxonomy":"product_tag","embeddable":true,"href":"https:\/\/tecsecmty.com\/index.php\/wp-json\/wp\/v2\/product_tag?post=3277"}],"curies":[{"name":"wp","href":"https:\/\/api.w.org\/{rel}","templated":true}]}}