{"id":3279,"date":"2023-02-23T00:17:06","date_gmt":"2023-02-23T06:17:06","guid":{"rendered":"https:\/\/tecsecmty.com\/index.php\/producto\/dsc-battpgx944-bateria-de-litio-3-0-vcd-recargable-para-detector-pg9944-y-pg9994-paquete-2-baterias\/"},"modified":"2023-03-22T23:23:15","modified_gmt":"2023-03-23T05:23:15","slug":"dsc-battpgx944-bateria-de-litio-3-0-vcd-recargable-para-detector-pg9944-y-pg9994-paquete-2-baterias","status":"publish","type":"product","link":"https:\/\/tecsecmty.com\/index.php\/producto\/dsc-battpgx944-bateria-de-litio-3-0-vcd-recargable-para-detector-pg9944-y-pg9994-paquete-2-baterias\/","title":{"rendered":"DSC BATTPGX944 &#8211; Bater\u00eda de Litio 3.0 VCD Recargable para Detector PG9944 y PG9994 Paquete 2 bater\u00edas"},"content":{"rendered":"<h5 class=\"card-title text-center\">Descripci\u00f3n<\/h5>\n<p>BATER\u00cdA DE LITIO 3 VCD @ 1500 MA, IDEAL PARA SUMINISTRAR ALIMENTACI\u00d3N AL DETECTOR DE MOVIMIENTO PIR PARA EXTERIOR CON C\u00c1MARA INCORPORADA MODELO PG9944 Y PARA EL DETECTOR DE MOVIMIENTO PIR PG9994 DE LA SERIE POWER G.<\/p>\n<p><img decoding=\"async\" src=\"https:\/\/tecsecmty.com\/wp-content\/uploads\/2023\/02\/BATT-PGX944-300x300.jpg\" \/><\/p>\n","protected":false},"excerpt":{"rendered":"<p>Descripci\u00f3n BATER\u00cdA DE LITIO 3 VCD @ 1500 MA, IDEAL PARA SUMINISTRAR ALIMENTACI\u00d3N AL DETECTOR DE MOVIMIENTO PIR PARA EXTERIOR CON C\u00c1MARA INCORPORADA MODELO PG9944 Y PARA EL DETECTOR DE MOVIMIENTO PIR PG9994 DE LA SERIE POWER G.<\/p>\n","protected":false},"featured_media":3278,"comment_status":"open","ping_status":"closed","template":"","meta":{"om_disable_all_campaigns":false,"_monsterinsights_skip_tracking":false,"_monsterinsights_sitenote_active":false,"_monsterinsights_sitenote_note":"","_monsterinsights_sitenote_category":0},"product_brand":[],"product_cat":[234],"product_tag":[212,211,151],"class_list":{"0":"post-3279","1":"product","2":"type-product","3":"status-publish","4":"has-post-thumbnail","6":"product_cat-baterias-de-equipos-dsc","7":"product_tag-alarmas","8":"product_tag-alarmas-e-intrusion","9":"product_tag-seguridad","11":"first","12":"instock","13":"sale","14":"taxable","15":"shipping-taxable","16":"purchasable","17":"product-type-simple"},"aioseo_notices":[],"_links":{"self":[{"href":"https:\/\/tecsecmty.com\/index.php\/wp-json\/wp\/v2\/product\/3279","targetHints":{"allow":["GET"]}}],"collection":[{"href":"https:\/\/tecsecmty.com\/index.php\/wp-json\/wp\/v2\/product"}],"about":[{"href":"https:\/\/tecsecmty.com\/index.php\/wp-json\/wp\/v2\/types\/product"}],"replies":[{"embeddable":true,"href":"https:\/\/tecsecmty.com\/index.php\/wp-json\/wp\/v2\/comments?post=3279"}],"version-history":[{"count":0,"href":"https:\/\/tecsecmty.com\/index.php\/wp-json\/wp\/v2\/product\/3279\/revisions"}],"wp:featuredmedia":[{"embeddable":true,"href":"https:\/\/tecsecmty.com\/index.php\/wp-json\/wp\/v2\/media\/3278"}],"wp:attachment":[{"href":"https:\/\/tecsecmty.com\/index.php\/wp-json\/wp\/v2\/media?parent=3279"}],"wp:term":[{"taxonomy":"product_brand","embeddable":true,"href":"https:\/\/tecsecmty.com\/index.php\/wp-json\/wp\/v2\/product_brand?post=3279"},{"taxonomy":"product_cat","embeddable":true,"href":"https:\/\/tecsecmty.com\/index.php\/wp-json\/wp\/v2\/product_cat?post=3279"},{"taxonomy":"product_tag","embeddable":true,"href":"https:\/\/tecsecmty.com\/index.php\/wp-json\/wp\/v2\/product_tag?post=3279"}],"curies":[{"name":"wp","href":"https:\/\/api.w.org\/{rel}","templated":true}]}}