{"id":3281,"date":"2023-02-23T00:17:08","date_gmt":"2023-02-23T06:17:08","guid":{"rendered":"https:\/\/tecsecmty.com\/index.php\/producto\/dsc-tl405-repl-batt-bateria-de-respaldo-comunicadores-tl405\/"},"modified":"2023-03-22T23:23:26","modified_gmt":"2023-03-23T05:23:26","slug":"dsc-tl405-repl-batt-bateria-de-respaldo-comunicadores-tl405","status":"publish","type":"product","link":"https:\/\/tecsecmty.com\/index.php\/producto\/dsc-tl405-repl-batt-bateria-de-respaldo-comunicadores-tl405\/","title":{"rendered":"DSC TL405 REPL BATT- Bateria de Respaldo comunicadores TL405"},"content":{"rendered":"<h5 class=\"card-title text-center\">Descripci\u00f3n<\/h5>\n<p class=\"ql-align-center\">TL405 REPL BATT- Bater\u00eda de Respaldo para comunicadores TL405<\/p>\n<p class=\"ql-align-center\"><strong>Especificaciones T\u00e9cnicas:<\/strong><\/p>\n<p class=\"ql-align-center\">Peso producto 1.96 kg.<\/p>\n<p class=\"ql-align-center\">Fabricante DSC<\/p>\n<p class=\"ql-align-center\">Voltaje 3.7V<\/p>\n<p class=\"ql-align-center\">Corriente 2700 mAh<\/p>\n<p class=\"ql-align-center\"><strong>Incluye:<\/strong><\/p>\n<p class=\"ql-align-center\">1 Pieza: Bater\u00eda con arn\u00e9s de conexi\u00f3n.<img decoding=\"async\" src=\"https:\/\/tecsecmty.com\/wp-content\/uploads\/2023\/02\/TL405-Rep-BAtt-min-300x300.png\" \/><\/p>\n","protected":false},"excerpt":{"rendered":"<p>Descripci\u00f3n TL405 REPL BATT- Bater\u00eda de Respaldo para comunicadores TL405 Especificaciones T\u00e9cnicas: Peso producto 1.96 kg. Fabricante DSC Voltaje 3.7V Corriente 2700 mAh Incluye: 1 Pieza: Bater\u00eda con arn\u00e9s de conexi\u00f3n.<\/p>\n","protected":false},"featured_media":3280,"comment_status":"open","ping_status":"closed","template":"","meta":{"om_disable_all_campaigns":false,"_monsterinsights_skip_tracking":false,"_monsterinsights_sitenote_active":false,"_monsterinsights_sitenote_note":"","_monsterinsights_sitenote_category":0},"product_brand":[],"product_cat":[234],"product_tag":[212,211,151],"class_list":{"0":"post-3281","1":"product","2":"type-product","3":"status-publish","4":"has-post-thumbnail","6":"product_cat-baterias-de-equipos-dsc","7":"product_tag-alarmas","8":"product_tag-alarmas-e-intrusion","9":"product_tag-seguridad","11":"first","12":"instock","13":"sale","14":"taxable","15":"shipping-taxable","16":"purchasable","17":"product-type-simple"},"aioseo_notices":[],"_links":{"self":[{"href":"https:\/\/tecsecmty.com\/index.php\/wp-json\/wp\/v2\/product\/3281","targetHints":{"allow":["GET"]}}],"collection":[{"href":"https:\/\/tecsecmty.com\/index.php\/wp-json\/wp\/v2\/product"}],"about":[{"href":"https:\/\/tecsecmty.com\/index.php\/wp-json\/wp\/v2\/types\/product"}],"replies":[{"embeddable":true,"href":"https:\/\/tecsecmty.com\/index.php\/wp-json\/wp\/v2\/comments?post=3281"}],"version-history":[{"count":0,"href":"https:\/\/tecsecmty.com\/index.php\/wp-json\/wp\/v2\/product\/3281\/revisions"}],"wp:featuredmedia":[{"embeddable":true,"href":"https:\/\/tecsecmty.com\/index.php\/wp-json\/wp\/v2\/media\/3280"}],"wp:attachment":[{"href":"https:\/\/tecsecmty.com\/index.php\/wp-json\/wp\/v2\/media?parent=3281"}],"wp:term":[{"taxonomy":"product_brand","embeddable":true,"href":"https:\/\/tecsecmty.com\/index.php\/wp-json\/wp\/v2\/product_brand?post=3281"},{"taxonomy":"product_cat","embeddable":true,"href":"https:\/\/tecsecmty.com\/index.php\/wp-json\/wp\/v2\/product_cat?post=3281"},{"taxonomy":"product_tag","embeddable":true,"href":"https:\/\/tecsecmty.com\/index.php\/wp-json\/wp\/v2\/product_tag?post=3281"}],"curies":[{"name":"wp","href":"https:\/\/api.w.org\/{rel}","templated":true}]}}