{"id":3283,"date":"2023-02-23T00:17:09","date_gmt":"2023-02-23T06:17:09","guid":{"rendered":"https:\/\/tecsecmty.com\/index.php\/producto\/dsc-batt2148v-bateria-de-litio-4-8-vcd-2-1-ah-para-repetidor-ws4920-wtk5504\/"},"modified":"2023-03-22T23:23:28","modified_gmt":"2023-03-23T05:23:28","slug":"dsc-batt2148v-bateria-de-litio-4-8-vcd-2-1-ah-para-repetidor-ws4920-wtk5504","status":"publish","type":"product","link":"https:\/\/tecsecmty.com\/index.php\/producto\/dsc-batt2148v-bateria-de-litio-4-8-vcd-2-1-ah-para-repetidor-ws4920-wtk5504\/","title":{"rendered":"DSC- BATT2148V &#8211; Bater\u00eda De Litio 4.8 Vcd. 2.1 Ah. Para Repetidor WS4920\/WTK5504"},"content":{"rendered":"<h5 class=\"card-title text-center\">Descripci\u00f3n<\/h5>\n<p>La b ater\u00eda modelo BATT2148V es un acumulador de litio de 4.8V DC a 2.1Ah se utiliza para alimentar al repetidor modelo WS4920\/WTK5504.<\/p>\n<p>&nbsp;<\/p>\n<p><strong>Incluye:<\/strong><\/p>\n<p><strong>.<\/strong>\u00a01 pieza: Bater\u00eda de litio con arn\u00e9s de conexi\u00f3n.<\/p>\n<p><img decoding=\"async\" src=\"https:\/\/tecsecmty.com\/wp-content\/uploads\/2023\/02\/bat2.1-300x300.jpg\" \/><\/p>\n","protected":false},"excerpt":{"rendered":"<p>Descripci\u00f3n La b ater\u00eda modelo BATT2148V es un acumulador de litio de 4.8V DC a 2.1Ah se utiliza para alimentar al repetidor modelo WS4920\/WTK5504. &nbsp; Incluye: .\u00a01 pieza: Bater\u00eda de litio con arn\u00e9s de conexi\u00f3n.<\/p>\n","protected":false},"featured_media":3282,"comment_status":"open","ping_status":"closed","template":"","meta":{"om_disable_all_campaigns":false,"_monsterinsights_skip_tracking":false,"_monsterinsights_sitenote_active":false,"_monsterinsights_sitenote_note":"","_monsterinsights_sitenote_category":0},"product_brand":[],"product_cat":[234],"product_tag":[212,211,151],"class_list":{"0":"post-3283","1":"product","2":"type-product","3":"status-publish","4":"has-post-thumbnail","6":"product_cat-baterias-de-equipos-dsc","7":"product_tag-alarmas","8":"product_tag-alarmas-e-intrusion","9":"product_tag-seguridad","11":"first","12":"instock","13":"sale","14":"taxable","15":"shipping-taxable","16":"purchasable","17":"product-type-simple"},"aioseo_notices":[],"_links":{"self":[{"href":"https:\/\/tecsecmty.com\/index.php\/wp-json\/wp\/v2\/product\/3283","targetHints":{"allow":["GET"]}}],"collection":[{"href":"https:\/\/tecsecmty.com\/index.php\/wp-json\/wp\/v2\/product"}],"about":[{"href":"https:\/\/tecsecmty.com\/index.php\/wp-json\/wp\/v2\/types\/product"}],"replies":[{"embeddable":true,"href":"https:\/\/tecsecmty.com\/index.php\/wp-json\/wp\/v2\/comments?post=3283"}],"version-history":[{"count":0,"href":"https:\/\/tecsecmty.com\/index.php\/wp-json\/wp\/v2\/product\/3283\/revisions"}],"wp:featuredmedia":[{"embeddable":true,"href":"https:\/\/tecsecmty.com\/index.php\/wp-json\/wp\/v2\/media\/3282"}],"wp:attachment":[{"href":"https:\/\/tecsecmty.com\/index.php\/wp-json\/wp\/v2\/media?parent=3283"}],"wp:term":[{"taxonomy":"product_brand","embeddable":true,"href":"https:\/\/tecsecmty.com\/index.php\/wp-json\/wp\/v2\/product_brand?post=3283"},{"taxonomy":"product_cat","embeddable":true,"href":"https:\/\/tecsecmty.com\/index.php\/wp-json\/wp\/v2\/product_cat?post=3283"},{"taxonomy":"product_tag","embeddable":true,"href":"https:\/\/tecsecmty.com\/index.php\/wp-json\/wp\/v2\/product_tag?post=3283"}],"curies":[{"name":"wp","href":"https:\/\/api.w.org\/{rel}","templated":true}]}}