{"id":3285,"date":"2023-02-23T00:17:10","date_gmt":"2023-02-23T06:17:10","guid":{"rendered":"https:\/\/tecsecmty.com\/index.php\/producto\/dsc-batt13036v-bateria-de-litio-3-6-vcd-13-0-ah-para-sirena-pg9901-pg9911\/"},"modified":"2023-03-22T23:23:28","modified_gmt":"2023-03-23T05:23:28","slug":"dsc-batt13036v-bateria-de-litio-3-6-vcd-13-0-ah-para-sirena-pg9901-pg9911","status":"publish","type":"product","link":"https:\/\/tecsecmty.com\/index.php\/producto\/dsc-batt13036v-bateria-de-litio-3-6-vcd-13-0-ah-para-sirena-pg9901-pg9911\/","title":{"rendered":"DSC-BATT13036V- Bateria De Litio 3.6 Vcd. 13.0 Ah. Para Sirena PG9901\/PG9911"},"content":{"rendered":"<div class=\"row aling-items-center padding-bottom-2x\">\n<div class=\"col-lg-12\">\n<h5 class=\"card-title text-center\">Descripci\u00f3n general<\/h5>\n<h1>DSC Bater\u00eda de litio para Sirenas Neo PG9901 y PG9911 DSC (BATT13.0-3.6V)<\/h1>\n<\/div>\n<\/div>\n<div class=\"row align-items-center padding-bottom-2x\">\n<div class=\"col-md-5\"><img decoding=\"async\" class=\"d-block m-auto img-thumbnail\" src=\"https:\/\/tvc.mx\/media\/37854\/DSC1220020-1.jpg\" alt=\" \" \/><\/div>\n<div class=\"col-md-7 text-md-left text-center\">\n<h2>Caracter\u00edsticas<\/h2>\n<ul>\n<li>Bater\u00eda de litio de 3.6V, 13.0 Ah para sirenas PowerSeries Neo PG9901 y PG9911.<\/li>\n<li>bater\u00eda de Litio<\/li>\n<li>3.6V, 13000mAh<\/li>\n<\/ul>\n<p><strong>Incluye:<\/strong><\/p>\n<ul>\n<li>1 Bater\u00eda de litio con arn\u00e9s de conexi\u00f3n.<\/li>\n<\/ul>\n<\/div>\n<\/div>\n","protected":false},"excerpt":{"rendered":"<p>Descripci\u00f3n general DSC Bater\u00eda de litio para Sirenas Neo PG9901 y PG9911 DSC (BATT13.0-3.6V) Caracter\u00edsticas Bater\u00eda de litio de 3.6V, 13.0 Ah para sirenas PowerSeries Neo PG9901 y PG9911. bater\u00eda de Litio 3.6V, 13000mAh Incluye: 1 Bater\u00eda de litio con arn\u00e9s de conexi\u00f3n.<\/p>\n","protected":false},"featured_media":3284,"comment_status":"open","ping_status":"closed","template":"","meta":{"om_disable_all_campaigns":false,"_monsterinsights_skip_tracking":false,"_monsterinsights_sitenote_active":false,"_monsterinsights_sitenote_note":"","_monsterinsights_sitenote_category":0},"product_brand":[],"product_cat":[234],"product_tag":[212,211,151],"class_list":{"0":"post-3285","1":"product","2":"type-product","3":"status-publish","4":"has-post-thumbnail","6":"product_cat-baterias-de-equipos-dsc","7":"product_tag-alarmas","8":"product_tag-alarmas-e-intrusion","9":"product_tag-seguridad","11":"first","12":"instock","13":"sale","14":"taxable","15":"shipping-taxable","16":"purchasable","17":"product-type-simple"},"aioseo_notices":[],"_links":{"self":[{"href":"https:\/\/tecsecmty.com\/index.php\/wp-json\/wp\/v2\/product\/3285","targetHints":{"allow":["GET"]}}],"collection":[{"href":"https:\/\/tecsecmty.com\/index.php\/wp-json\/wp\/v2\/product"}],"about":[{"href":"https:\/\/tecsecmty.com\/index.php\/wp-json\/wp\/v2\/types\/product"}],"replies":[{"embeddable":true,"href":"https:\/\/tecsecmty.com\/index.php\/wp-json\/wp\/v2\/comments?post=3285"}],"version-history":[{"count":0,"href":"https:\/\/tecsecmty.com\/index.php\/wp-json\/wp\/v2\/product\/3285\/revisions"}],"wp:featuredmedia":[{"embeddable":true,"href":"https:\/\/tecsecmty.com\/index.php\/wp-json\/wp\/v2\/media\/3284"}],"wp:attachment":[{"href":"https:\/\/tecsecmty.com\/index.php\/wp-json\/wp\/v2\/media?parent=3285"}],"wp:term":[{"taxonomy":"product_brand","embeddable":true,"href":"https:\/\/tecsecmty.com\/index.php\/wp-json\/wp\/v2\/product_brand?post=3285"},{"taxonomy":"product_cat","embeddable":true,"href":"https:\/\/tecsecmty.com\/index.php\/wp-json\/wp\/v2\/product_cat?post=3285"},{"taxonomy":"product_tag","embeddable":true,"href":"https:\/\/tecsecmty.com\/index.php\/wp-json\/wp\/v2\/product_tag?post=3285"}],"curies":[{"name":"wp","href":"https:\/\/api.w.org\/{rel}","templated":true}]}}