{"id":3287,"date":"2023-02-23T00:17:12","date_gmt":"2023-02-23T06:17:12","guid":{"rendered":"https:\/\/tecsecmty.com\/index.php\/producto\/dsc-batt1348v-bateria-de-niquel-4-8-vcd-1-3-ah-4x1-2-v-para-pg9920\/"},"modified":"2023-03-22T23:23:28","modified_gmt":"2023-03-23T05:23:28","slug":"dsc-batt1348v-bateria-de-niquel-4-8-vcd-1-3-ah-4x1-2-v-para-pg9920","status":"publish","type":"product","link":"https:\/\/tecsecmty.com\/index.php\/producto\/dsc-batt1348v-bateria-de-niquel-4-8-vcd-1-3-ah-4x1-2-v-para-pg9920\/","title":{"rendered":"DSC-BATT1348V-Bater\u00eda De N\u00edquel 4.8 Vcd. 1.3 Ah. (4X1.2 V) Para PG9920"},"content":{"rendered":"<h5 class=\"card-title text-center\">Descripci\u00f3n<\/h5>\n<p class=\"ql-align-center\">Bater\u00eda De N\u00edquel de 4.8 Vcd a 1.3Ah requerida para el repetidor inal\u00e1mbrico Power G modelo PG9920<\/p>\n<p>&nbsp;<\/p>\n","protected":false},"excerpt":{"rendered":"<p>Descripci\u00f3n Bater\u00eda De N\u00edquel de 4.8 Vcd a 1.3Ah requerida para el repetidor inal\u00e1mbrico Power G modelo PG9920 &nbsp;<\/p>\n","protected":false},"featured_media":3286,"comment_status":"open","ping_status":"closed","template":"","meta":{"om_disable_all_campaigns":false,"_monsterinsights_skip_tracking":false,"_monsterinsights_sitenote_active":false,"_monsterinsights_sitenote_note":"","_monsterinsights_sitenote_category":0},"product_brand":[],"product_cat":[234],"product_tag":[212,211,151],"class_list":{"0":"post-3287","1":"product","2":"type-product","3":"status-publish","4":"has-post-thumbnail","6":"product_cat-baterias-de-equipos-dsc","7":"product_tag-alarmas","8":"product_tag-alarmas-e-intrusion","9":"product_tag-seguridad","11":"first","12":"instock","13":"sale","14":"taxable","15":"shipping-taxable","16":"purchasable","17":"product-type-simple"},"aioseo_notices":[],"_links":{"self":[{"href":"https:\/\/tecsecmty.com\/index.php\/wp-json\/wp\/v2\/product\/3287","targetHints":{"allow":["GET"]}}],"collection":[{"href":"https:\/\/tecsecmty.com\/index.php\/wp-json\/wp\/v2\/product"}],"about":[{"href":"https:\/\/tecsecmty.com\/index.php\/wp-json\/wp\/v2\/types\/product"}],"replies":[{"embeddable":true,"href":"https:\/\/tecsecmty.com\/index.php\/wp-json\/wp\/v2\/comments?post=3287"}],"version-history":[{"count":0,"href":"https:\/\/tecsecmty.com\/index.php\/wp-json\/wp\/v2\/product\/3287\/revisions"}],"wp:featuredmedia":[{"embeddable":true,"href":"https:\/\/tecsecmty.com\/index.php\/wp-json\/wp\/v2\/media\/3286"}],"wp:attachment":[{"href":"https:\/\/tecsecmty.com\/index.php\/wp-json\/wp\/v2\/media?parent=3287"}],"wp:term":[{"taxonomy":"product_brand","embeddable":true,"href":"https:\/\/tecsecmty.com\/index.php\/wp-json\/wp\/v2\/product_brand?post=3287"},{"taxonomy":"product_cat","embeddable":true,"href":"https:\/\/tecsecmty.com\/index.php\/wp-json\/wp\/v2\/product_cat?post=3287"},{"taxonomy":"product_tag","embeddable":true,"href":"https:\/\/tecsecmty.com\/index.php\/wp-json\/wp\/v2\/product_tag?post=3287"}],"curies":[{"name":"wp","href":"https:\/\/api.w.org\/{rel}","templated":true}]}}